{"id":76652,"date":"2026-02-26T12:40:37","date_gmt":"2026-02-26T11:40:37","guid":{"rendered":"https:\/\/ilovehandbags.com\/?post_type=product&#038;p=76652"},"modified":"2026-02-26T19:26:14","modified_gmt":"2026-02-26T18:26:14","slug":"saint-laurent-uptown-clutch-1147","status":"publish","type":"product","link":"https:\/\/ilovehandbags.com\/de\/saint-laurent-uptown-clutch-1147\/","title":{"rendered":"Saint Laurent Uptown Clutch"},"content":{"rendered":"","protected":false},"excerpt":{"rendered":"<p data-start=\"167\" data-end=\"356\">Die Saint Laurent Uptown Clutch \u00fcberzeugt durch ihr minimalistisches Design und die ikonische YSL-Logoplakette in goldfarbener Hardware. Das edle Dark Beige verleiht der Tasche eine besonders stilvolle und vielseitige Ausstrahlung \u2013 perfekt kombinierbar zu Business-Looks, Abendoutfits oder als elegantes Statement im Alltag. Gefertigt aus hochwertigem, fein genarbtem Leder, besticht die Uptown Clutch durch ihre klare Linienf\u00fchrung und ihre flache, strukturierte Silhouette. Der magnetische Umschlagverschluss sorgt f\u00fcr eine sichere und zugleich elegante Handhabung. Im Inneren bietet die Clutch ausreichend Platz f\u00fcr Smartphone, Kartenetui, Schl\u00fcssel und weitere Essentials. Ein dezentes Innenfach unterst\u00fctzt die organisierte Aufbewahrung. Ob als stilvolle Begleiterin f\u00fcr besondere Anl\u00e4sse oder als elegantes Accessoire im Alltag \u2013 die Saint Laurent Uptown steht f\u00fcr moderne Zur\u00fcckhaltung mit ikonischem Wiedererkennungswert.<\/p>\n","protected":false},"featured_media":76670,"template":"","meta":{"_uag_custom_page_level_css":"","site-sidebar-layout":"default","site-content-layout":"default","ast-site-content-layout":"default","site-content-style":"default","site-sidebar-style":"default","ast-global-header-display":"","ast-banner-title-visibility":"","ast-main-header-display":"","ast-hfb-above-header-display":"","ast-hfb-below-header-display":"","ast-hfb-mobile-header-display":"","site-post-title":"","ast-breadcrumbs-content":"","ast-featured-img":"","footer-sml-layout":"","ast-disable-related-posts":"","theme-transparent-header-meta":"default","adv-header-id-meta":"","stick-header-meta":"default","header-above-stick-meta":"","header-main-stick-meta":"","header-below-stick-meta":"","astra-migrate-meta-layouts":"set","ast-page-background-enabled":"default","ast-page-background-meta":{"desktop":{"background-color":"var(--ast-global-color-4)","background-image":"","background-repeat":"repeat","background-position":"center center","background-size":"auto","background-attachment":"scroll","background-type":"","background-media":"","overlay-type":"","overlay-color":"","overlay-opacity":"","overlay-gradient":""},"tablet":{"background-color":"","background-image":"","background-repeat":"repeat","background-position":"center center","background-size":"auto","background-attachment":"scroll","background-type":"","background-media":"","overlay-type":"","overlay-color":"","overlay-opacity":"","overlay-gradient":""},"mobile":{"background-color":"","background-image":"","background-repeat":"repeat","background-position":"center center","background-size":"auto","background-attachment":"scroll","background-type":"","background-media":"","overlay-type":"","overlay-color":"","overlay-opacity":"","overlay-gradient":""}},"ast-content-background-meta":{"desktop":{"background-color":"var(--ast-global-color-5)","background-image":"","background-repeat":"repeat","background-position":"center center","background-size":"auto","background-attachment":"scroll","background-type":"","background-media":"","overlay-type":"","overlay-color":"","overlay-opacity":"","overlay-gradient":""},"tablet":{"background-color":"var(--ast-global-color-5)","background-image":"","background-repeat":"repeat","background-position":"center center","background-size":"auto","background-attachment":"scroll","background-type":"","background-media":"","overlay-type":"","overlay-color":"","overlay-opacity":"","overlay-gradient":""},"mobile":{"background-color":"var(--ast-global-color-5)","background-image":"","background-repeat":"repeat","background-position":"center center","background-size":"auto","background-attachment":"scroll","background-type":"","background-media":"","overlay-type":"","overlay-color":"","overlay-opacity":"","overlay-gradient":""}},"_glsr_average":0,"_glsr_ranking":0,"_glsr_reviews":0},"product_brand":[1592],"product_cat":[208,242,516,1324],"product_tag":[1418,1657,2135,1656],"class_list":{"0":"post-76652","1":"product","2":"type-product","3":"status-publish","4":"has-post-thumbnail","6":"product_brand-saint-laurent","7":"product_cat-handtaschen","8":"product_cat-kleine-taschen","9":"product_cat-neu-im-shop","10":"product_cat-saintlaurent","11":"product_tag-saint-laurent","12":"product_tag-saint-laurent-clutch","13":"product_tag-saint-laurent-uptown","14":"product_tag-yves-saint-laurent","15":"desktop-align-left","16":"tablet-align-left","17":"mobile-align-left","18":"ast-product-gallery-layout-first-image-large","19":"ast-magnify-disabled","20":"ast-product-tabs-layout-accordion","22":"first","23":"instock","24":"sold-individually","25":"purchasable","26":"product-type-simple"},"spectra_custom_meta":{"copied_media_ids":["a:0:{}","a:0:{}","a:0:{}"],"referenced_media_ids":["a:9:{i:0;i:76670;i:1;i:76672;i:2;i:76664;i:3;i:76669;i:4;i:76668;i:5;i:76667;i:6;i:76665;i:7;i:76666;i:8;i:76671;}","a:9:{i:0;i:76670;i:1;i:76672;i:2;i:76664;i:3;i:76669;i:4;i:76668;i:5;i:76667;i:6;i:76665;i:7;i:76666;i:8;i:76671;}","a:9:{i:0;i:76670;i:1;i:76672;i:2;i:76664;i:3;i:76669;i:4;i:76668;i:5;i:76667;i:6;i:76665;i:7;i:76666;i:8;i:76671;}"],"_regular_price":["530"],"total_sales":["0"],"_tax_status":["none"],"_tax_class":[""],"_manage_stock":["yes"],"_backorders":["no"],"_sold_individually":["yes"],"_virtual":["no"],"_downloadable":["no"],"_product_image_gallery":["76672,76664,76669,76668,76667,76665,76666,76671"],"_download_limit":["-1"],"_download_expiry":["-1"],"_thumbnail_id":["76670"],"_stock":["1"],"_stock_status":["instock"],"_wc_average_rating":[0],"_wc_review_count":["0"],"_product_attributes":["a:3:{s:8:\"pa_brand\";a:7:{s:4:\"name\";s:8:\"pa_brand\";s:5:\"value\";s:0:\"\";s:8:\"position\";i:0;s:10:\"is_visible\";i:0;s:12:\"is_variation\";i:1;s:11:\"is_taxonomy\";i:1;s:16:\"checkout_visible\";i:0;}s:8:\"pa_color\";a:7:{s:4:\"name\";s:8:\"pa_color\";s:5:\"value\";s:0:\"\";s:8:\"position\";i:1;s:10:\"is_visible\";i:0;s:12:\"is_variation\";i:1;s:11:\"is_taxonomy\";i:1;s:16:\"checkout_visible\";i:0;}s:9:\"pa_gender\";a:7:{s:4:\"name\";s:9:\"pa_gender\";s:5:\"value\";s:0:\"\";s:8:\"position\";i:2;s:10:\"is_visible\";i:0;s:12:\"is_variation\";i:1;s:11:\"is_taxonomy\";i:1;s:16:\"checkout_visible\";i:0;}}"],"_product_version":["10.5.2"],"_price":["530"],"_not_in_inventory_checkbox":["","",""],"_wpml_media_featured":["1","1","1","1","1","1"],"_wpml_media_duplicate":["1","1","1","1","1","1"],"_wpml_word_count":["170"],"_wpml_location_migration_done":["1"],"_fusion":["a:3:{s:17:\"slider_visibility\";s:51:\"small-visibility,medium-visibility,large-visibility\";s:11:\"slider_type\";s:2:\"no\";s:9:\"wooslider\";s:1:\"0\";}"],"rank_math_seo_score":["84"],"rank_math_focus_keyword":["saint laurent"],"_purchase_price_field":["350"],"_internal_warehouse_number_field":["P6-1147"],"_unit":[""],"_unit_base":[""],"_unit_product":[""],"_unit_price_auto":["no"],"_unit_price_regular":[""],"_unit_price":[""],"_unit_price_sale":[""],"_sale_price_label":[""],"_sale_price_regular_label":[""],"_mini_desc":["Saint Laurent Uptown Clutch"],"_defect_description":[""],"_allergen_ids":["a:0:{}"],"_warranty_attachment_id":[""],"_min_age":[""],"_ts_gtin":[""],"_ts_mpn":[""],"_delivery_time_countries":["a:0:{}"],"_free_shipping":["no"],"_service":["no"],"_photovoltaic_system":["no"],"_used_good":["yes"],"_defective_copy":["no"],"_is_food":["no"],"_differential_taxation":["yes"],"_gzd_version":["3.20.7"],"_hs_code":[""],"_manufacture_country":[""],"_rank_math_gtin_code":[""],"_fusion_google_fonts":[""],"fusion_builder_status":["active"],"rank_math_primary_product_cat":["0"],"_wcml_custom_prices_status":["0"],"avada_post_views_count":["11"],"avada_today_post_views_count":["1"],"avada_post_views_count_today_date":["06-04-2023"],"yikes_woo_products_tabs":["a:2:{i:0;a:3:{s:5:\"title\";s:21:\"Weitere Informationen\";s:2:\"id\";s:21:\"weitere-informationen\";s:7:\"content\";s:254:\"<strong>Material au\u00dfen: <\/strong>Kalbsleder im Farbton Dark Beige mit goldfarbener Hardware\r\n<strong>Material innen: <\/strong>Textilinnenfutter\r\n<strong>Ma\u00dfe: <\/strong>27 x 16 x 2cm\r\n<strong>Lieferumfang:<\/strong> Yves Saint Laurent Box und Staubbeutel\";}i:1;a:3:{s:5:\"title\";s:7:\"Zustand\";s:2:\"id\";s:7:\"zustand\";s:7:\"content\";s:268:\"<strong>Gesamtzustand: <\/strong>Sehr gut\r\n<strong>Leder: <\/strong>Intakt\r\n<strong>Ecken: <\/strong>Minimaler Abrieb\r\n<strong>Verschluss: <\/strong>Schlie\u00dft einwandfrei\r\n<strong>Hardware:<\/strong> Minimale Gebrauchsspuren\r\n<strong>Innenraum: <\/strong>Sauber und gepflegt\";}}"],"_deposit_type":[""],"_nutrient_ids":["a:0:{}"],"_nutrient_reference_value":["100g"],"_ingredients":[""],"_nutri_score":[""],"_alcohol_content":[""],"_drained_weight":[""],"_net_filling_quantity":[""],"_food_distributor":[""],"_food_description":[""],"_food_place_of_origin":[""],"_deposit_quantity":[""],"site-sidebar-layout":["default"],"site-content-layout":["default"],"theme-transparent-header-meta":["default"],"stick-header-meta":["default"],"_default_delivery_time":[""],"rank_math_robots":["a:1:{i:0;s:5:\"index\";}"],"_pys_conversion_label_settings":["a:3:{s:6:\"enable\";b:0;s:5:\"label\";s:0:\"\";s:2:\"id\";s:14:\"AW-11184563350\";}"],"_pys_super_pack_cpt_url":[""],"_pys_super_pack_cpt_condition":["only"],"_pys_super_pack_cpt_cart":["hidden"],"_woosea_brand":[""],"_woosea_mpn":[""],"_woosea_upc":[""],"_woosea_ean":[""],"_woosea_gtin":[""],"_woosea_color":[""],"_woosea_size":[""],"_woosea_gender":[""],"_woosea_material":[""],"_woosea_pattern":[""],"_woosea_optimized_title":[""],"_woosea_unit_pricing_measure":[""],"_woosea_unit_pricing_base_measure":[""],"_woosea_condition":[""],"_woosea_age_group":["adult"],"_woosea_installment_months":[""],"_woosea_installment_amount":[""],"_woosea_exclude_product":["no"],"_woosea_cost_of_good_sold":[""],"_woosea_multipack":[""],"_woosea_is_bundle":[""],"_woosea_energy_efficiency_class":[""],"_woosea_min_energy_efficiency_class":[""],"_woosea_max_energy_efficiency_class":[""],"_woosea_is_promotion":[""],"_woosea_custom_field_0":[""],"_woosea_custom_field_1":[""],"_woosea_custom_field_2":[""],"_woosea_custom_field_3":[""],"_woosea_custom_field_4":[""],"_pys_head_footer":["a:7:{s:14:\"disable_global\";b:0;s:8:\"head_any\";s:0:\"\";s:12:\"head_desktop\";s:0:\"\";s:11:\"head_mobile\";s:0:\"\";s:10:\"footer_any\";s:0:\"\";s:14:\"footer_desktop\";s:0:\"\";s:13:\"footer_mobile\";s:0:\"\";}"],"_customs_description":[""],"_is_non_returnable":["no"],"litespeed_vpi_list":["a:3:{i:0;s:8:\"logo.png\";i:1;s:6:\"de.png\";i:2;s:80:\"Louis-Vuitton-Pochette-Accessoires-Damier-Azur-vorn-2023-0220-scaled-500x500.jpg\";}"],"litespeed_vpi_list_mobile":["a:2:{i:0;s:8:\"logo.png\";i:1;s:80:\"Louis-Vuitton-Pochette-Accessoires-Damier-Azur-vorn-2023-0220-scaled-500x500.jpg\";}"],"_internal_date_code":["TCT565739.1023"],"_internal_product_origin":["Italien"],"ast-site-content-layout":["default"],"site-content-style":["default"],"site-sidebar-style":["default"],"rank_math_contentai_score":["a:4:{s:9:\"wordCount\";s:4:\"3.24\";s:9:\"linkCount\";s:1:\"0\";s:12:\"headingCount\";s:1:\"0\";s:10:\"mediaCount\";s:3:\"100\";}"],"_product_rating":["A"],"_custom_html_content":[""],"_wpml_post_translation_editor_native":["no"],"_wp_old_date":["2024-02-02","2024-02-26","2025-02-20","2026-02-18"],"_customer_view":["21"],"_custom_view_last_updated":["2026-04-13 21:42:43"],"_shipping_length":[""],"_shipping_width":[""],"_shipping_height":[""],"_zettle_product_cat_id":[""],"_product_shipping_weight":["1kg"],"_wpml_media_has_media":["1"],"_manufacturer_slug":["yves-saint-laurent-s-a-s"],"_safety_attachment_ids":["a:0:{}"],"_product_available_from_field":["2026-02-27T19:00"],"_safety_instructions":[""],"_nickx_video_text_url":["a:1:{i:0;s:0:\"\";}"],"_nickx_product_video_type":["a:1:{i:0;s:23:\"nickx_video_url_youtube\";}"],"_nickx_product_video_thumb_ids":["a:1:{i:0;s:0:\"\";}"],"similar_product_key":["1739705368"],"_wireless_electronic_device":["no"],"_device_contains_power_supply":["no"],"_device_charging_supports_usb_pd":["no"],"_device_charging_watt_min":["0"],"_device_charging_watt_max":["0"],"rank_math_primary_product_brand":["1592"],"_product_reserve_till_field":[""],"woocommerce_izettle_product_uuid":["af6c4906-1529-11f0-933c-353536383939"],"woocommerce_izettle_variant_uuid":["1ca8eb32-1453-11f0-ad7d-353536383939"],"_izettle_updated":["1744329639"],"_izettle_barcode":[""],"_izettle_nosync":[""],"_izettle_cost_price":[""],"_izettle_special_price":[""],"_izettle_product_name":[""],"_izettle_image_lookup_key":["3kyncy1cEe-udXp3qLWasA-r2gH5RUpEfCfG5A4NBt11A"],"sib_push_meta_box_present":["1"],"sib_push_send_notification":["0"],"sib_push_target_segment_ids":["@ALL"],"_ame_cpe_post_policy":["{\"accessProtection\":{\"active\":\"replace\"}}"],"sib_push_send_notification_delay_seconds":["0"],"_entrupy_echtheitszertifikat":["yes"],"_is_non_alcoholic":["no"],"_mid_code":[""],"_ship_separately_via":[""],"_shipping_weight":[""],"rank_math_analytic_object_id":["2657"],"_sku":["P6-1147"],"_edit_lock":["1772130341:4"],"_edit_last":["4"],"_gdrive_field":["https:\/\/drive.google.com\/drive\/u\/1\/folders\/1XUtf16VbaHaoQ01GVDkALZcWxgiiA9_4"],"_wcml_average_rating":[null],"_wcml_review_count":[null],"_wcml_rating_count":[null],"astra-migrate-meta-layouts":["set"],"rank_math_internal_links_processed":["1"],"_uag_page_assets":["a:9:{s:3:\"css\";s:0:\"\";s:2:\"js\";s:0:\"\";s:18:\"current_block_list\";a:6:{i:0;s:26:\"woocommerce\/filter-wrapper\";i:1;s:24:\"woocommerce\/price-filter\";i:2;s:30:\"woocommerce\/product-categories\";i:3;s:14:\"core\/paragraph\";i:4;s:14:\"core\/shortcode\";i:5;s:11:\"core\/search\";}s:8:\"uag_flag\";b:0;s:11:\"uag_version\";s:10:\"1776357708\";s:6:\"gfonts\";a:0:{}s:10:\"gfonts_url\";s:0:\"\";s:12:\"gfonts_files\";a:0:{}s:14:\"uag_faq_layout\";b:0;}"],"_wc_rating_count":[""]},"uagb_featured_image_src":{"full":["https:\/\/ilovehandbags.com\/wp-content\/uploads\/sites\/3\/Saint-Laurent-Uptwon-Clutch-1147-02-scaled.jpg",2560,2560,false],"thumbnail":["https:\/\/ilovehandbags.com\/wp-content\/uploads\/sites\/3\/Saint-Laurent-Uptwon-Clutch-1147-02-150x150.jpg",150,150,true],"medium":["https:\/\/ilovehandbags.com\/wp-content\/uploads\/sites\/3\/Saint-Laurent-Uptwon-Clutch-1147-02-300x300.jpg",300,300,true],"medium_large":["https:\/\/ilovehandbags.com\/wp-content\/uploads\/sites\/3\/Saint-Laurent-Uptwon-Clutch-1147-02-768x768.jpg",768,768,true],"large":["https:\/\/ilovehandbags.com\/wp-content\/uploads\/sites\/3\/Saint-Laurent-Uptwon-Clutch-1147-02-1024x1024.jpg",1024,1024,true],"1536x1536":["https:\/\/ilovehandbags.com\/wp-content\/uploads\/sites\/3\/Saint-Laurent-Uptwon-Clutch-1147-02-scaled.jpg",1536,1536,false],"2048x2048":["https:\/\/ilovehandbags.com\/wp-content\/uploads\/sites\/3\/Saint-Laurent-Uptwon-Clutch-1147-02-scaled.jpg",2048,2048,false],"woocommerce_thumbnail":["https:\/\/ilovehandbags.com\/wp-content\/uploads\/sites\/3\/Saint-Laurent-Uptwon-Clutch-1147-02-500x500.jpg",500,500,true],"woocommerce_single":["https:\/\/ilovehandbags.com\/wp-content\/uploads\/sites\/3\/Saint-Laurent-Uptwon-Clutch-1147-02-500x500.jpg",500,500,true],"woocommerce_gallery_thumbnail":["https:\/\/ilovehandbags.com\/wp-content\/uploads\/sites\/3\/Saint-Laurent-Uptwon-Clutch-1147-02-100x100.jpg",100,100,true]},"uagb_author_info":{"display_name":"ILoveHandbags","author_link":"https:\/\/ilovehandbags.com\/de\/author\/"},"uagb_comment_info":0,"uagb_excerpt":"Die Saint Laurent Uptown Clutch \u00fcberzeugt durch ihr minimalistisches Design und die ikonische YSL-Logoplakette in goldfarbener Hardware. Das edle Dark Beige verleiht der Tasche eine besonders stilvolle und vielseitige Ausstrahlung \u2013 perfekt kombinierbar zu Business-Looks, Abendoutfits oder als elegantes Statement im Alltag. Gefertigt aus hochwertigem, fein genarbtem Leder, besticht die Uptown Clutch durch ihre klare&hellip;","_links":{"self":[{"href":"https:\/\/ilovehandbags.com\/de\/wp-json\/wp\/v2\/product\/76652","targetHints":{"allow":["GET"]}}],"collection":[{"href":"https:\/\/ilovehandbags.com\/de\/wp-json\/wp\/v2\/product"}],"about":[{"href":"https:\/\/ilovehandbags.com\/de\/wp-json\/wp\/v2\/types\/product"}],"wp:featuredmedia":[{"embeddable":true,"href":"https:\/\/ilovehandbags.com\/de\/wp-json\/wp\/v2\/media\/76670"}],"wp:attachment":[{"href":"https:\/\/ilovehandbags.com\/de\/wp-json\/wp\/v2\/media?parent=76652"}],"wp:term":[{"taxonomy":"product_brand","embeddable":true,"href":"https:\/\/ilovehandbags.com\/de\/wp-json\/wp\/v2\/product_brand?post=76652"},{"taxonomy":"product_cat","embeddable":true,"href":"https:\/\/ilovehandbags.com\/de\/wp-json\/wp\/v2\/product_cat?post=76652"},{"taxonomy":"product_tag","embeddable":true,"href":"https:\/\/ilovehandbags.com\/de\/wp-json\/wp\/v2\/product_tag?post=76652"}],"curies":[{"name":"wp","href":"https:\/\/api.w.org\/{rel}","templated":true}]}}