{"id":77058,"date":"2026-03-03T12:01:31","date_gmt":"2026-03-03T11:01:31","guid":{"rendered":"https:\/\/ilovehandbags.com\/?post_type=product&#038;p=77058"},"modified":"2026-04-21T12:26:51","modified_gmt":"2026-04-21T10:26:51","slug":"louis-vuitton-go-14-mini-1161","status":"publish","type":"product","link":"https:\/\/ilovehandbags.com\/de\/louis-vuitton-go-14-mini-1161\/","title":{"rendered":"Louis Vuitton Go-14 Mini"},"content":{"rendered":"","protected":false},"excerpt":{"rendered":"<p data-start=\"0\" data-end=\"342\">Die <span class=\"hover:entity-accent entity-underline inline cursor-pointer align-baseline\"><span class=\"whitespace-normal\">Louis Vuitton<\/span><\/span> Go-14 Mini in leuchtendem Rot ist ein ausdrucksstarkes Statement-Piece, das modernes Design mit der traditionsreichen Handwerkskunst der Maison verbindet. Inspiriert von den historischen Koffer-Details des Hauses, vereint dieses Modell ikonische Elemente mit einer klaren, zeitgem\u00e4\u00dfen Silhouette. Das fein gearbeitete, gesteppt wirkende Leder verleiht der Tasche eine au\u00dfergew\u00f6hnliche Struktur und Tiefe. Der intensive Rotton sorgt f\u00fcr eine selbstbewusste, elegante Ausstrahlung und macht die Go-14 Mini zu einem besonderen Blickfang \u2013 sowohl als Kontrast zu schlichten Looks als auch als stilvolle Erg\u00e4nzung zu Abend-Outfits. Die silberfarbene Hardware unterstreicht den modernen Charakter der Tasche und setzt einen k\u00fchlen, edlen Akzent zum warmen Farbton des Leders. Der charakteristische LV-Drehverschluss greift die Geschichte des Hauses auf und verbindet Design mit Funktionalit\u00e4t. Dank des eleganten Kettenriemens l\u00e4sst sich die Go-14 Mini sowohl klassisch \u00fcber der Schulter als auch crossbody tragen. Trotz ihrer kompakten Gr\u00f6\u00dfe bietet sie ausreichend Platz f\u00fcr Ihre Essentials wie Smartphone, Kartenetui und Schl\u00fcssel \u2013 ideal f\u00fcr Events, Dinner oder besondere Anl\u00e4sse. Die Louis Vuitton Go-14 Mini in Rot mit silberfarbener Hardware ist eine exklusive Designer-Handtasche f\u00fcr Liebhaberinnen von luxuri\u00f6sen Statement-Bags, die ikonisches Design, hochwertige Verarbeitung und zeitlose Eleganz in kompakter Form sch\u00e4tzen.<\/p>\n","protected":false},"featured_media":77066,"template":"","meta":{"_uag_custom_page_level_css":"","site-sidebar-layout":"default","site-content-layout":"default","ast-site-content-layout":"default","site-content-style":"default","site-sidebar-style":"default","ast-global-header-display":"","ast-banner-title-visibility":"","ast-main-header-display":"","ast-hfb-above-header-display":"","ast-hfb-below-header-display":"","ast-hfb-mobile-header-display":"","site-post-title":"","ast-breadcrumbs-content":"","ast-featured-img":"","footer-sml-layout":"","ast-disable-related-posts":"","theme-transparent-header-meta":"default","adv-header-id-meta":"","stick-header-meta":"default","header-above-stick-meta":"","header-main-stick-meta":"","header-below-stick-meta":"","astra-migrate-meta-layouts":"set","ast-page-background-enabled":"default","ast-page-background-meta":{"desktop":{"background-color":"var(--ast-global-color-4)","background-image":"","background-repeat":"repeat","background-position":"center center","background-size":"auto","background-attachment":"scroll","background-type":"","background-media":"","overlay-type":"","overlay-color":"","overlay-opacity":"","overlay-gradient":""},"tablet":{"background-color":"","background-image":"","background-repeat":"repeat","background-position":"center center","background-size":"auto","background-attachment":"scroll","background-type":"","background-media":"","overlay-type":"","overlay-color":"","overlay-opacity":"","overlay-gradient":""},"mobile":{"background-color":"","background-image":"","background-repeat":"repeat","background-position":"center center","background-size":"auto","background-attachment":"scroll","background-type":"","background-media":"","overlay-type":"","overlay-color":"","overlay-opacity":"","overlay-gradient":""}},"ast-content-background-meta":{"desktop":{"background-color":"var(--ast-global-color-5)","background-image":"","background-repeat":"repeat","background-position":"center center","background-size":"auto","background-attachment":"scroll","background-type":"","background-media":"","overlay-type":"","overlay-color":"","overlay-opacity":"","overlay-gradient":""},"tablet":{"background-color":"var(--ast-global-color-5)","background-image":"","background-repeat":"repeat","background-position":"center center","background-size":"auto","background-attachment":"scroll","background-type":"","background-media":"","overlay-type":"","overlay-color":"","overlay-opacity":"","overlay-gradient":""},"mobile":{"background-color":"var(--ast-global-color-5)","background-image":"","background-repeat":"repeat","background-position":"center center","background-size":"auto","background-attachment":"scroll","background-type":"","background-media":"","overlay-type":"","overlay-color":"","overlay-opacity":"","overlay-gradient":""}},"_glsr_average":0,"_glsr_ranking":0,"_glsr_reviews":0},"product_brand":[1584],"product_cat":[208,242,239,447,204],"product_tag":[214,2149,2150],"class_list":{"0":"post-77058","1":"product","2":"type-product","3":"status-publish","4":"has-post-thumbnail","6":"product_brand-louis-vuitton","7":"product_cat-handtaschen","8":"product_cat-kleine-taschen","9":"product_cat-louis-vuitton","10":"product_cat-sale","11":"product_cat-umhaengetaschen","12":"product_tag-louis-vuitton","13":"product_tag-louis-vuitton-go-14","14":"product_tag-louis-vuitton-go-14-mini","15":"desktop-align-left","16":"tablet-align-left","17":"mobile-align-left","18":"ast-product-gallery-layout-first-image-large","19":"ast-magnify-disabled","20":"ast-product-tabs-layout-accordion","22":"first","23":"instock","24":"sale","25":"purchasable","26":"product-type-simple"},"spectra_custom_meta":{"copied_media_ids":["a:0:{}","a:0:{}"],"referenced_media_ids":["a:14:{i:0;i:77066;i:1;i:77060;i:2;i:77065;i:3;i:77072;i:4;i:77067;i:5;i:77069;i:6;i:77063;i:7;i:77074;i:8;i:77062;i:9;i:77075;i:10;i:77064;i:11;i:77073;i:12;i:77061;i:13;i:77071;}","a:14:{i:0;i:77066;i:1;i:77060;i:2;i:77065;i:3;i:77072;i:4;i:77067;i:5;i:77069;i:6;i:77063;i:7;i:77074;i:8;i:77062;i:9;i:77075;i:10;i:77064;i:11;i:77073;i:12;i:77061;i:13;i:77071;}"],"_regular_price":["1950"],"total_sales":["0"],"_tax_status":["none"],"_tax_class":[""],"_manage_stock":["yes"],"_backorders":["no"],"_sold_individually":["no"],"_virtual":["no"],"_downloadable":["no"],"_product_image_gallery":["77060,77065,77072,77067,77069,77063,77074,77062,77075,77064,77073,77061,77071"],"_download_limit":["-1"],"_download_expiry":["-1"],"_thumbnail_id":["77066"],"_stock":["1"],"_stock_status":["instock"],"_wc_average_rating":[0],"_wc_review_count":["0"],"_product_attributes":["a:3:{s:8:\"pa_brand\";a:7:{s:4:\"name\";s:8:\"pa_brand\";s:5:\"value\";s:0:\"\";s:8:\"position\";i:0;s:10:\"is_visible\";i:0;s:12:\"is_variation\";i:1;s:11:\"is_taxonomy\";i:1;s:16:\"checkout_visible\";i:0;}s:9:\"pa_gender\";a:7:{s:4:\"name\";s:9:\"pa_gender\";s:5:\"value\";s:0:\"\";s:8:\"position\";i:1;s:10:\"is_visible\";i:0;s:12:\"is_variation\";i:1;s:11:\"is_taxonomy\";i:1;s:16:\"checkout_visible\";i:0;}s:8:\"pa_color\";a:7:{s:4:\"name\";s:8:\"pa_color\";s:5:\"value\";s:0:\"\";s:8:\"position\";i:2;s:10:\"is_visible\";i:0;s:12:\"is_variation\";i:1;s:11:\"is_taxonomy\";i:1;s:16:\"checkout_visible\";i:0;}}"],"_product_version":["10.7.0"],"_price":["1750"],"_wpml_media_featured":["1","1","1","1","1","1","1","1"],"_wpml_media_duplicate":["1","1","1","1","1","1","1","1"],"_wpml_word_count":["258"],"_wpml_location_migration_done":["1"],"_fusion":["a:3:{s:17:\"slider_visibility\";s:51:\"small-visibility,medium-visibility,large-visibility\";s:11:\"slider_type\";s:2:\"no\";s:9:\"wooslider\";s:1:\"0\";}"],"rank_math_seo_score":["83"],"rank_math_focus_keyword":["louis vuitton"],"_purchase_price_field":["1365"],"_internal_warehouse_number_field":["P6-1161-K"],"_unit":[""],"_unit_base":[""],"_unit_product":[""],"_unit_price_auto":["no"],"_unit_price_regular":[""],"_unit_price":[""],"_unit_price_sale":[""],"_sale_price_label":[""],"_sale_price_regular_label":[""],"_mini_desc":["Louis Vuitton Go-14 Mini"],"_defect_description":[""],"_allergen_ids":["a:0:{}"],"_warranty_attachment_id":[""],"_min_age":[""],"_ts_gtin":[""],"_ts_mpn":[""],"_delivery_time_countries":["a:0:{}"],"_free_shipping":["no"],"_service":["no"],"_photovoltaic_system":["no"],"_used_good":["yes"],"_defective_copy":["no"],"_is_food":["no"],"_differential_taxation":["yes"],"_gzd_version":["4.0.3"],"_hs_code":[""],"_manufacture_country":[""],"_rank_math_gtin_code":[""],"_fusion_google_fonts":[""],"fusion_builder_status":["active"],"rank_math_primary_product_cat":["0"],"_wcml_custom_prices_status":["0"],"avada_post_views_count":["15"],"avada_today_post_views_count":["2"],"avada_post_views_count_today_date":["10-04-2023"],"yikes_woo_products_tabs":["a:2:{i:0;a:3:{s:5:\"title\";s:21:\"Weitere Informationen\";s:2:\"id\";s:21:\"weitere-informationen\";s:7:\"content\";s:1585:\"<p data-start=\"0\" data-end=\"545\"><strong data-start=\"0\" data-end=\"19\">Material au\u00dfen:<\/strong> Hochwertiges Lammleder in einem intensiven Rotton mit silberfarbener Hardware. Der Farbton geht deutlich in Richtung Carmine und wirkt je nach Lichteinfall tiefrot bis leicht kirschrot.<br data-start=\"209\" data-end=\"212\" \/><strong data-start=\"212\" data-end=\"231\">Material innen:<\/strong> Glattes Leder in passendem Rotton<br data-start=\"265\" data-end=\"268\" \/><strong data-start=\"268\" data-end=\"277\">Ma\u00dfe:<\/strong> (B) 19,5 x (H) 14 x (T) 9 cm<br data-start=\"306\" data-end=\"309\" \/><strong data-start=\"309\" data-end=\"323\">Date Code:<\/strong> FO\u2026 (nicht vollst\u00e4ndig lesbar, da sich dieser in einer kleinen Innentasche befindet)<br data-start=\"408\" data-end=\"411\" \/><strong data-start=\"411\" data-end=\"419\">SKU:<\/strong> M51000<br data-start=\"425\" data-end=\"428\" \/><strong data-start=\"428\" data-end=\"445\">Lieferumfang:<\/strong> Louis Vuitton Staubbeutel, Original-Box, Spiegel, Kopie der Kaufrechnung sowie Entrupy-Zertifikat<\/p>\r\n<p data-start=\"547\" data-end=\"1041\" data-is-last-node=\"\" data-is-only-node=\"\"><strong data-start=\"547\" data-end=\"569\">Hinweis zur Farbe:<\/strong><br data-start=\"569\" data-end=\"572\" \/>Der Farbton ist ein kr\u00e4ftiges, elegantes Rot mit Tendenz zu Carmine. Je nach Lichtverh\u00e4ltnissen kann die Nuance leicht variieren und mal etwas heller, mal etwas tiefer erscheinen. Unsere Produktfotos wurden unter professionellen Studiobedingungen aufgenommen, wodurch es zu minimalen Farbabweichungen zwischen Bildschirmdarstellung und tats\u00e4chlicher Tasche kommen kann.<\/p>\";}i:1;a:3:{s:5:\"title\";s:7:\"Zustand\";s:2:\"id\";s:7:\"zustand\";s:7:\"content\";s:1029:\"<p data-start=\"0\" data-end=\"29\"><strong data-start=\"0\" data-end=\"18\">Gesamtzustand:<\/strong> Sehr gut\r\n<strong style=\"font-size: 16px;\" data-start=\"31\" data-end=\"41\">Leder:<\/strong><span style=\"font-size: 16px;\"> Weich und geschmeidig, mit vereinzelten leichten Gebrauchsspuren wie feinen Kratzern, minimalem Abrieb sowie dezenten Verblassungen\r\n<\/span><strong style=\"font-size: 16px;\" data-start=\"177\" data-end=\"192\">Verschluss:<\/strong><span style=\"font-size: 16px;\"> Schlie\u00dft einwandfrei\r\n<\/span><strong style=\"font-size: 16px;\" data-start=\"217\" data-end=\"235\">Schulterkette:<\/strong><span style=\"font-size: 16px;\"> Mit leichten, oberfl\u00e4chlichen Gebrauchsspuren\r\n<\/span><strong style=\"font-size: 16px;\" data-start=\"285\" data-end=\"298\">Hardware:<\/strong><span style=\"font-size: 16px;\"> Leichte Gebrauchsspuren, insbesondere an der Schlie\u00dfe\r\n<\/span><strong style=\"font-size: 16px;\" data-start=\"356\" data-end=\"370\">Innenraum:<\/strong><span style=\"font-size: 16px;\"> Sauber und gepflegt, mit leichten Gebrauchsspuren<\/span><\/p>\";}}"],"_deposit_type":[""],"_nutrient_ids":["a:0:{}"],"_nutrient_reference_value":["100g"],"_ingredients":[""],"_nutri_score":[""],"_alcohol_content":[""],"_drained_weight":[""],"_net_filling_quantity":[""],"_food_distributor":[""],"_food_description":[""],"_food_place_of_origin":[""],"_deposit_quantity":[""],"site-sidebar-layout":["default"],"site-content-layout":["default"],"theme-transparent-header-meta":["default"],"stick-header-meta":["default"],"_wp_old_date":["2023-04-09","2023-07-04","2023-05-04","2023-07-12","2026-03-04"],"_pys_conversion_label_settings":["a:3:{s:6:\"enable\";b:0;s:5:\"label\";s:0:\"\";s:2:\"id\";s:14:\"AW-11184563350\";}"],"_pys_super_pack_cpt_url":[""],"_pys_super_pack_cpt_condition":["only"],"_pys_super_pack_cpt_cart":["hidden"],"_woosea_brand":[""],"_woosea_mpn":[""],"_woosea_upc":[""],"_woosea_ean":[""],"_woosea_gtin":[""],"_woosea_color":[""],"_woosea_size":[""],"_woosea_gender":[""],"_woosea_material":[""],"_woosea_pattern":[""],"_woosea_optimized_title":[""],"_woosea_unit_pricing_measure":[""],"_woosea_unit_pricing_base_measure":[""],"_woosea_condition":[""],"_woosea_age_group":["adult"],"_woosea_installment_months":[""],"_woosea_installment_amount":[""],"_woosea_exclude_product":["no"],"_woosea_cost_of_good_sold":[""],"_woosea_multipack":[""],"_woosea_is_bundle":[""],"_woosea_energy_efficiency_class":[""],"_woosea_min_energy_efficiency_class":[""],"_woosea_max_energy_efficiency_class":[""],"_woosea_is_promotion":[""],"_woosea_custom_field_0":[""],"_woosea_custom_field_1":[""],"_woosea_custom_field_2":[""],"_woosea_custom_field_3":[""],"_woosea_custom_field_4":[""],"_pys_head_footer":["a:7:{s:14:\"disable_global\";b:0;s:8:\"head_any\";s:0:\"\";s:12:\"head_desktop\";s:0:\"\";s:11:\"head_mobile\";s:0:\"\";s:10:\"footer_any\";s:0:\"\";s:14:\"footer_desktop\";s:0:\"\";s:13:\"footer_mobile\";s:0:\"\";}"],"_customs_description":[""],"_is_non_returnable":["no"],"_wpml_media_has_media":["1"],"litespeed_vpi_list_mobile":["a:2:{i:0;s:8:\"logo.png\";i:1;s:80:\"Louis-Vuitton-Metis-Rose-Poudre-vorn-schulterriemen-2023-0271-scaled-500x500.jpg\";}"],"_internal_date_code":[""],"_internal_product_origin":["Italien"],"ast-site-content-layout":["default"],"site-content-style":["default"],"site-sidebar-style":["default"],"litespeed_vpi_list":["a:5:{i:0;s:8:\"logo.png\";i:1;s:6:\"de.png\";i:2;s:80:\"Louis-Vuitton-Metis-Rose-Poudre-vorn-schulterriemen-2023-0271-scaled-500x500.jpg\";i:3;s:35:\"three-o-clock-clock-svgrepo-com.svg\";i:4;s:23:\"authentic_black_100.png\";}"],"_product_rating":["A"],"rank_math_robots":["a:1:{i:0;s:5:\"index\";}"],"_customer_view":["18"],"_custom_view_last_updated":["2026-04-21 19:22:44"],"_not_in_inventory_checkbox":["yes"],"_custom_html_content":[""],"_product_shipping_weight":["1kg"],"_manufacturer_slug":["lvmh-moet-hennessy-louis-vuitton-se"],"_safety_attachment_ids":["a:0:{}"],"_zettle_product_cat_id":[""],"_shipping_length":[""],"_shipping_width":[""],"_shipping_height":[""],"_nickx_video_text_url":["a:1:{i:0;s:0:\"\";}"],"_nickx_product_video_type":["a:1:{i:0;s:23:\"nickx_video_url_youtube\";}"],"_nickx_product_video_thumb_ids":["a:1:{i:0;s:0:\"\";}"],"_product_available_from_field":["2026-03-06T19:00"],"_safety_instructions":[""],"_product_reserve_till_field":[""],"similar_product_key":["1747132357"],"sib_push_meta_box_present":["1"],"sib_push_send_notification":["0"],"sib_push_target_segment_ids":["@ALL"],"_wireless_electronic_device":["no"],"_device_contains_power_supply":["no"],"_device_charging_supports_usb_pd":["no"],"_device_charging_watt_min":["0"],"_device_charging_watt_max":["0"],"_izettle_barcode":[""],"_izettle_nosync":[""],"_izettle_cost_price":[""],"_izettle_special_price":[""],"_izettle_product_name":[""],"rank_math_primary_product_brand":["1584"],"_ame_cpe_post_policy":["{\"accessProtection\":{\"active\":\"replace\"}}"],"_izettle_image_lookup_key":["3kyncy1cEe-udXp3qLWasA-c_5iK0bBEfCG4XJpR--dmw"],"woocommerce_izettle_product_uuid":["c402d2ac-2fed-11f0-a7d5-353536383939"],"woocommerce_izettle_variant_uuid":["c4030b5a-2fed-11f0-a998-353536383939"],"_izettle_updated":["1755928910"],"_wpml_post_translation_editor_native":["no"],"_izettle_product_etag":["C407E7BAB2ED1D27DDCB315BF416D466"],"_zettle_barcode":[""],"_ship_separately_via":[""],"sib_push_send_notification_delay_seconds":["0"],"_is_non_alcoholic":["no"],"_mid_code":[""],"_shipping_weight":[""],"rank_math_analytic_object_id":["2668"],"_sku":["P6-1161-K"],"_edit_lock":["1776767076:4"],"_edit_last":["4"],"_entrupy_echtheitszertifikat":[""],"_gdrive_field":["https:\/\/drive.google.com\/drive\/u\/0\/folders\/1iFUGMK9-3SxL3GChZvYq9aWR0uTHhuP9"],"rank_math_internal_links_processed":["1"],"_sale_price":["1750"],"_sale_price_dates_to":["1778536799"],"_wcml_average_rating":[null],"_wcml_review_count":[null],"_wcml_rating_count":[null],"_custom_thumbnail":["a:1:{i:0;s:2:\"no\";}"],"_video_schema":["a:1:{i:0;s:2:\"no\";}"],"_nickx_video_upload_date":["a:1:{i:0;s:0:\"\";}"],"_nickx_video_name":["a:1:{i:0;s:0:\"\";}"],"_nickx_video_description":["a:1:{i:0;s:0:\"\";}"],"astra-migrate-meta-layouts":["set"],"_uag_page_assets":["a:9:{s:3:\"css\";s:0:\"\";s:2:\"js\";s:0:\"\";s:18:\"current_block_list\";a:6:{i:0;s:26:\"woocommerce\/filter-wrapper\";i:1;s:24:\"woocommerce\/price-filter\";i:2;s:30:\"woocommerce\/product-categories\";i:3;s:14:\"core\/paragraph\";i:4;s:14:\"core\/shortcode\";i:5;s:11:\"core\/search\";}s:8:\"uag_flag\";b:0;s:11:\"uag_version\";s:10:\"1776782599\";s:6:\"gfonts\";a:0:{}s:10:\"gfonts_url\";s:0:\"\";s:12:\"gfonts_files\";a:0:{}s:14:\"uag_faq_layout\";b:0;}"],"_wc_rating_count":[""]},"uagb_featured_image_src":{"full":["https:\/\/ilovehandbags.com\/wp-content\/uploads\/sites\/3\/Louis-Vuitton-Go-14-Mini-1161-10.jpg",2048,2048,false],"thumbnail":["https:\/\/ilovehandbags.com\/wp-content\/uploads\/sites\/3\/Louis-Vuitton-Go-14-Mini-1161-10-150x150.jpg",150,150,true],"medium":["https:\/\/ilovehandbags.com\/wp-content\/uploads\/sites\/3\/Louis-Vuitton-Go-14-Mini-1161-10-300x300.jpg",300,300,true],"medium_large":["https:\/\/ilovehandbags.com\/wp-content\/uploads\/sites\/3\/Louis-Vuitton-Go-14-Mini-1161-10-768x768.jpg",768,768,true],"large":["https:\/\/ilovehandbags.com\/wp-content\/uploads\/sites\/3\/Louis-Vuitton-Go-14-Mini-1161-10-1024x1024.jpg",1024,1024,true],"1536x1536":["https:\/\/ilovehandbags.com\/wp-content\/uploads\/sites\/3\/Louis-Vuitton-Go-14-Mini-1161-10.jpg",1536,1536,false],"2048x2048":["https:\/\/ilovehandbags.com\/wp-content\/uploads\/sites\/3\/Louis-Vuitton-Go-14-Mini-1161-10.jpg",2048,2048,false],"woocommerce_thumbnail":["https:\/\/ilovehandbags.com\/wp-content\/uploads\/sites\/3\/Louis-Vuitton-Go-14-Mini-1161-10-500x500.jpg",500,500,true],"woocommerce_single":["https:\/\/ilovehandbags.com\/wp-content\/uploads\/sites\/3\/Louis-Vuitton-Go-14-Mini-1161-10-500x500.jpg",500,500,true],"woocommerce_gallery_thumbnail":["https:\/\/ilovehandbags.com\/wp-content\/uploads\/sites\/3\/Louis-Vuitton-Go-14-Mini-1161-10-100x100.jpg",100,100,true]},"uagb_author_info":{"display_name":"ILoveHandbags","author_link":"https:\/\/ilovehandbags.com\/de\/author\/"},"uagb_comment_info":0,"uagb_excerpt":"Die Louis Vuitton Go-14 Mini in leuchtendem Rot ist ein ausdrucksstarkes Statement-Piece, das modernes Design mit der traditionsreichen Handwerkskunst der Maison verbindet. Inspiriert von den historischen Koffer-Details des Hauses, vereint dieses Modell ikonische Elemente mit einer klaren, zeitgem\u00e4\u00dfen Silhouette. Das fein gearbeitete, gesteppt wirkende Leder verleiht der Tasche eine au\u00dfergew\u00f6hnliche Struktur und Tiefe. Der intensive&hellip;","_links":{"self":[{"href":"https:\/\/ilovehandbags.com\/de\/wp-json\/wp\/v2\/product\/77058","targetHints":{"allow":["GET"]}}],"collection":[{"href":"https:\/\/ilovehandbags.com\/de\/wp-json\/wp\/v2\/product"}],"about":[{"href":"https:\/\/ilovehandbags.com\/de\/wp-json\/wp\/v2\/types\/product"}],"wp:featuredmedia":[{"embeddable":true,"href":"https:\/\/ilovehandbags.com\/de\/wp-json\/wp\/v2\/media\/77066"}],"wp:attachment":[{"href":"https:\/\/ilovehandbags.com\/de\/wp-json\/wp\/v2\/media?parent=77058"}],"wp:term":[{"taxonomy":"product_brand","embeddable":true,"href":"https:\/\/ilovehandbags.com\/de\/wp-json\/wp\/v2\/product_brand?post=77058"},{"taxonomy":"product_cat","embeddable":true,"href":"https:\/\/ilovehandbags.com\/de\/wp-json\/wp\/v2\/product_cat?post=77058"},{"taxonomy":"product_tag","embeddable":true,"href":"https:\/\/ilovehandbags.com\/de\/wp-json\/wp\/v2\/product_tag?post=77058"}],"curies":[{"name":"wp","href":"https:\/\/api.w.org\/{rel}","templated":true}]}}