{"id":77175,"date":"2026-03-03T08:00:21","date_gmt":"2026-03-03T07:00:21","guid":{"rendered":"https:\/\/ilovehandbags.com\/?post_type=product&#038;p=77175"},"modified":"2026-03-05T14:25:55","modified_gmt":"2026-03-05T13:25:55","slug":"prada-zippy-1165","status":"publish","type":"product","link":"https:\/\/ilovehandbags.com\/de\/prada-zippy-1165\/","title":{"rendered":"Prada Long Zippy"},"content":{"rendered":"","protected":false},"excerpt":{"rendered":"<article class=\"text-token-text-primary w-full focus:outline-none [--shadow-height:45px] has-data-writing-block:pointer-events-none has-data-writing-block:-mt-(--shadow-height) has-data-writing-block:pt-(--shadow-height) [&amp;:has([data-writing-block])&gt;*]:pointer-events-auto scroll-mt-(--header-height)\" dir=\"auto\" tabindex=\"-1\" data-turn-id=\"d11107c7-0155-4c67-bb36-60b4673c3f71\" data-testid=\"conversation-turn-21\" data-scroll-anchor=\"false\" data-turn=\"user\"><\/article>\n<article class=\"text-token-text-primary w-full focus:outline-none [--shadow-height:45px] has-data-writing-block:pointer-events-none has-data-writing-block:-mt-(--shadow-height) has-data-writing-block:pt-(--shadow-height) [&amp;:has([data-writing-block])&gt;*]:pointer-events-auto scroll-mt-[calc(var(--header-height)+min(200px,max(70px,20svh)))]\" dir=\"auto\" tabindex=\"-1\" data-turn-id=\"request-WEB:24d09953-0b37-4be6-a678-b9ef4c61632d-10\" data-testid=\"conversation-turn-22\" data-scroll-anchor=\"true\" data-turn=\"assistant\">\n<div class=\"text-base my-auto mx-auto pb-10 [--thread-content-margin:--spacing(4)] @w-sm\/main:[--thread-content-margin:--spacing(6)] @w-lg\/main:[--thread-content-margin:--spacing(16)] px-(--thread-content-margin)\">\n<div class=\"[--thread-content-max-width:40rem] @w-lg\/main:[--thread-content-max-width:48rem] mx-auto max-w-(--thread-content-max-width) flex-1 group\/turn-messages focus-visible:outline-hidden relative flex w-full min-w-0 flex-col agent-turn\" tabindex=\"-1\">\n<div class=\"flex max-w-full flex-col grow\">\n<div class=\"min-h-8 text-message relative flex w-full flex-col items-end gap-2 text-start break-words whitespace-normal [.text-message+&amp;]:mt-1\" dir=\"auto\" data-message-author-role=\"assistant\" data-message-id=\"f3c4345d-5a25-4100-9a3e-2e5ed372d709\" data-message-model-slug=\"gpt-5-2\">\n<div class=\"flex w-full flex-col gap-1 empty:hidden first:pt-[1px]\">\n<div class=\"markdown prose dark:prose-invert w-full wrap-break-word light markdown-new-styling\">\n<p data-start=\"0\" data-end=\"332\">Die lange Geldb\u00f6rse von <span class=\"hover:entity-accent entity-underline inline cursor-pointer align-baseline\"><span class=\"whitespace-normal\">Prada<\/span><\/span> aus hochwertigem Saffiano-Leder vereint zeitlose Eleganz mit moderner Raffinesse. In einem ausdrucksstarken Pink gehalten und erg\u00e4nzt durch edle goldfarbene Hardware, setzt dieses Modell ein stilvolles Statement und bringt zugleich feminine Leichtigkeit in den Alltag. Das charakteristische Saffiano-Leder, bekannt f\u00fcr seine feine Kreuzschraffur und seine besondere Strapazierf\u00e4higkeit, verleiht der Geldb\u00f6rse eine strukturierte, luxuri\u00f6se Haptik. Die klare Linienf\u00fchrung und das durchdachte Design spiegeln die typische \u00c4sthetik des italienischen Traditionshauses wider \u2013 minimalistisch, hochwertig und zugleich unverkennbar. Mit ihrer Gr\u00f6\u00dfe bietet die B\u00f6rse gro\u00dfz\u00fcgigen Raum f\u00fcr Karten, Scheine und weitere Essentials, ohne dabei an Eleganz zu verlieren. Sie eignet sich ideal f\u00fcr die Handtasche, kann aber ebenso stilvoll als schlanke Clutch getragen werden. Gefertigt in Italien steht dieses Accessoire f\u00fcr exzellente Verarbeitung und h\u00f6chste Materialqualit\u00e4t. Im Lieferumfang enthalten sind die Geldb\u00f6rse, der Originalkarton sowie ein Echtheitszertifikat \u2013 ein luxuri\u00f6ses Essential f\u00fcr alle, die Wert auf Qualit\u00e4t, Design und zeitlose Klasse legen.<\/p>\n<\/div>\n<\/div>\n<\/div>\n<\/div>\n<\/div>\n<\/div>\n<\/article>\n","protected":false},"featured_media":77189,"template":"","meta":{"_uag_custom_page_level_css":"","site-sidebar-layout":"default","site-content-layout":"default","ast-site-content-layout":"default","site-content-style":"default","site-sidebar-style":"default","ast-global-header-display":"","ast-banner-title-visibility":"","ast-main-header-display":"","ast-hfb-above-header-display":"","ast-hfb-below-header-display":"","ast-hfb-mobile-header-display":"","site-post-title":"","ast-breadcrumbs-content":"","ast-featured-img":"","footer-sml-layout":"","ast-disable-related-posts":"","theme-transparent-header-meta":"default","adv-header-id-meta":"","stick-header-meta":"default","header-above-stick-meta":"","header-main-stick-meta":"","header-below-stick-meta":"","astra-migrate-meta-layouts":"set","ast-page-background-enabled":"default","ast-page-background-meta":{"desktop":{"background-color":"var(--ast-global-color-4)","background-image":"","background-repeat":"repeat","background-position":"center center","background-size":"auto","background-attachment":"scroll","background-type":"","background-media":"","overlay-type":"","overlay-color":"","overlay-opacity":"","overlay-gradient":""},"tablet":{"background-color":"","background-image":"","background-repeat":"repeat","background-position":"center center","background-size":"auto","background-attachment":"scroll","background-type":"","background-media":"","overlay-type":"","overlay-color":"","overlay-opacity":"","overlay-gradient":""},"mobile":{"background-color":"","background-image":"","background-repeat":"repeat","background-position":"center center","background-size":"auto","background-attachment":"scroll","background-type":"","background-media":"","overlay-type":"","overlay-color":"","overlay-opacity":"","overlay-gradient":""}},"ast-content-background-meta":{"desktop":{"background-color":"var(--ast-global-color-5)","background-image":"","background-repeat":"repeat","background-position":"center center","background-size":"auto","background-attachment":"scroll","background-type":"","background-media":"","overlay-type":"","overlay-color":"","overlay-opacity":"","overlay-gradient":""},"tablet":{"background-color":"var(--ast-global-color-5)","background-image":"","background-repeat":"repeat","background-position":"center center","background-size":"auto","background-attachment":"scroll","background-type":"","background-media":"","overlay-type":"","overlay-color":"","overlay-opacity":"","overlay-gradient":""},"mobile":{"background-color":"var(--ast-global-color-5)","background-image":"","background-repeat":"repeat","background-position":"center center","background-size":"auto","background-attachment":"scroll","background-type":"","background-media":"","overlay-type":"","overlay-color":"","overlay-opacity":"","overlay-gradient":""}},"_glsr_average":0,"_glsr_ranking":0,"_glsr_reviews":0},"product_brand":[1588],"product_cat":[191,237,516,1322],"product_tag":[1327,2155,2154],"class_list":{"0":"post-77175","1":"product","2":"type-product","3":"status-publish","4":"has-post-thumbnail","6":"product_brand-gucci","7":"product_cat-geldboersen","8":"product_cat-kleinlederwaren","9":"product_cat-neu-im-shop","10":"product_cat-prada","11":"product_tag-prada","12":"product_tag-prada-long-zippy","13":"product_tag-prada-zippy","14":"desktop-align-left","15":"tablet-align-left","16":"mobile-align-left","17":"ast-product-gallery-layout-first-image-large","18":"ast-magnify-disabled","19":"ast-product-tabs-layout-accordion","21":"first","22":"instock","23":"sold-individually","24":"taxable","25":"shipping-taxable","26":"purchasable","27":"product-type-simple"},"spectra_custom_meta":{"copied_media_ids":["a:0:{}","a:0:{}","a:0:{}"],"referenced_media_ids":["a:10:{i:0;i:77189;i:1;i:77187;i:2;i:77188;i:3;i:77182;i:4;i:77185;i:5;i:77181;i:6;i:77183;i:7;i:77186;i:8;i:77363;i:9;i:77184;}","a:10:{i:0;i:77189;i:1;i:77187;i:2;i:77188;i:3;i:77182;i:4;i:77185;i:5;i:77181;i:6;i:77183;i:7;i:77186;i:8;i:77363;i:9;i:77184;}","a:10:{i:0;i:77189;i:1;i:77187;i:2;i:77188;i:3;i:77182;i:4;i:77185;i:5;i:77181;i:6;i:77183;i:7;i:77186;i:8;i:77363;i:9;i:77184;}"],"_regular_price":["195"],"total_sales":["0"],"_tax_status":["taxable"],"_tax_class":[""],"_manage_stock":["yes"],"_backorders":["no"],"_sold_individually":["yes"],"_virtual":["no"],"_downloadable":["no"],"_product_image_gallery":["77187,77188,77182,77185,77181,77183,77186,77363,77184"],"_download_limit":["-1"],"_download_expiry":["-1"],"_thumbnail_id":["77189"],"_stock":["1"],"_stock_status":["instock"],"_wc_average_rating":[0],"_wc_review_count":["0"],"_product_version":["10.5.3"],"_price":["195"],"yikes_woo_products_tabs":["a:2:{i:0;a:3:{s:5:\"title\";s:21:\"Weitere Informationen\";s:2:\"id\";s:21:\"weitere-informationen\";s:7:\"content\";s:428:\"<strong>Material au\u00dfen: <\/strong>Pinkfarbenes Saffiano Leder\r\n<strong style=\"font-size: 16px;\">Material innen: <\/strong><span style=\"font-size: 16px;\">Leder und Textilinnenfutter\r\n<\/span><strong style=\"font-size: 16px;\">Ma\u00dfe: <\/strong><span style=\"font-size: 16px;\">19 x 10,5 x 2 cm\r\n<\/span><strong style=\"font-size: 16px;\">Lieferumfang:<\/strong><span style=\"font-size: 16px;\"> Prada Box und I Love Handbags Staubbeutel<\/span>\";}i:1;a:3:{s:5:\"title\";s:7:\"Zustand\";s:2:\"id\";s:7:\"zustand\";s:7:\"content\";s:331:\"<strong>Gesamtzustand: <\/strong>Gut bis sehr gut\r\n<strong>Leder:<\/strong> Vereinzelt leichte Gebrauchsspuren vorhanden\r\n<strong>Ecken:<\/strong> Abrieb vorhanden\r\n<strong>Hardware:<\/strong> Leichte Gebrauchsspuren\r\n<strong>Rei\u00dfverschluss:<\/strong> Schlie\u00dft fl\u00fcssig\r\n<strong>Innenraum: <\/strong>Sauber mit leichten Gebrauchsspuren\";}}"],"_unit":[""],"_unit_base":[""],"_unit_product":[""],"_unit_price":[""],"_unit_price_regular":[""],"_unit_price_sale":[""],"_unit_price_auto":["no"],"_sale_price_label":[""],"_sale_price_regular_label":[""],"_free_shipping":["no"],"_min_age":[""],"_is_food":["no"],"_used_good":["yes"],"_nutrient_ids":["a:0:{}"],"_nutrient_reference_value":["100g"],"_allergen_ids":["a:0:{}"],"_nutri_score":[""],"_alcohol_content":[""],"_drained_weight":[""],"_net_filling_quantity":[""],"_deposit_type":[""],"_deposit_quantity":[""],"_service":["no"],"_differential_taxation":["no"],"_hs_code":[""],"_manufacture_country":[""],"_fusion_google_fonts":[""],"stick-header-meta":["default"],"site-sidebar-layout":["default"],"site-content-layout":["default"],"theme-transparent-header-meta":["default"],"_wpml_media_duplicate":["1","1","1","1","1","1","1","1","1","1","1"],"_wpml_media_featured":["1","1","1","1","1","1","1","1","1","1","1"],"ast-site-content-layout":["default"],"site-content-style":["default"],"site-sidebar-style":["default"],"_top_nav_excluded":[""],"_cms_nav_minihome":[""],"rank_math_focus_keyword":["prada"],"_mini_desc":["Prada Long Zippy"],"_fusion":["a:3:{s:17:\"slider_visibility\";s:51:\"small-visibility,medium-visibility,large-visibility\";s:11:\"slider_type\";s:2:\"no\";s:9:\"wooslider\";s:1:\"0\";}"],"_children":["a:0:{}"],"rank_math_robots":["a:1:{i:0;s:5:\"index\";}"],"_ts_mpn":[""],"_ts_gtin":[""],"avada_post_views_count":["50"],"fusion_builder_status":["active"],"_wpml_word_count":["214"],"_product_rating":["between A and B"],"_product_shipping_weight":["1kg"],"_woosea_age_group":["adult"],"_purchase_price_field":["117,14"],"_not_in_inventory_checkbox":[""],"_product_available_from_field":["2026-03-06T19:00"],"similar_product_key":["1736771325"],"_product_reserve_till_field":[""],"_last_translation_edit_mode":["translation-editor"],"rank_math_seo_score":["78"],"sib_push_meta_box_present":["1"],"sib_push_send_notification":["0"],"sib_push_target_segment_ids":["@ALL"],"_woosea_brand":[""],"_woosea_mpn":[""],"_woosea_upc":[""],"_woosea_ean":[""],"_woosea_gtin":[""],"_woosea_color":[""],"_woosea_size":[""],"_woosea_gender":[""],"_woosea_material":[""],"_woosea_pattern":[""],"_woosea_optimized_title":[""],"_woosea_unit_pricing_measure":[""],"_woosea_unit_pricing_base_measure":[""],"_woosea_condition":[""],"_woosea_installment_months":[""],"_woosea_installment_amount":[""],"_woosea_exclude_product":["no"],"_woosea_cost_of_good_sold":[""],"_woosea_multipack":[""],"_woosea_is_bundle":[""],"_woosea_energy_efficiency_class":[""],"_woosea_min_energy_efficiency_class":[""],"_woosea_max_energy_efficiency_class":[""],"_woosea_is_promotion":[""],"_woosea_custom_field_0":[""],"_woosea_custom_field_1":[""],"_woosea_custom_field_2":[""],"_woosea_custom_field_3":[""],"_woosea_custom_field_4":[""],"_internal_warehouse_number_field":["P6-1165"],"_internal_date_code":["236"],"_internal_product_origin":["Italien"],"_defect_description":[""],"_safety_instructions":[""],"_warranty_attachment_id":[""],"_safety_attachment_ids":["a:0:{}"],"_delivery_time_countries":["a:0:{}"],"_photovoltaic_system":["no"],"_defective_copy":["no"],"_wireless_electronic_device":["no"],"_device_contains_power_supply":["no"],"_device_charging_supports_usb_pd":["no"],"_device_charging_watt_min":["0"],"_device_charging_watt_max":["0"],"_gzd_version":["3.20.7"],"_customs_description":[""],"_is_non_returnable":["no"],"_shipping_length":[""],"_shipping_width":[""],"_shipping_height":[""],"_zettle_product_cat_id":[""],"_nickx_video_text_url":["a:1:{i:0;s:0:\"\";}"],"_nickx_product_video_type":["a:1:{i:0;s:23:\"nickx_video_url_youtube\";}"],"_nickx_product_video_thumb_ids":["a:1:{i:0;s:0:\"\";}"],"_custom_html_content":[""],"rank_math_primary_product_brand":["0"],"_ame_cpe_post_policy":["{\"accessProtection\":{\"active\":\"replace\"}}"],"_customer_view":["16"],"_custom_view_last_updated":["2026-04-15 09:32:09"],"litespeed_vpi_list":["a:3:{i:0;s:8:\"logo.png\";i:1;s:45:\"Gucci-GG-Blooms-Zippy-0855-16-500x500.png.jpg\";i:2;s:40:\"Gucci-GG-Blooms-Zippy-0855-16-scaled.png\";}"],"litespeed_vpi_list_mobile":["a:6:{i:0;s:8:\"logo.png\";i:1;s:45:\"Gucci-GG-Blooms-Zippy-0855-16-500x500.png.jpg\";i:2;s:45:\"Gucci-GG-Blooms-Zippy-0855-16-300x300.png.jpg\";i:3;s:45:\"Gucci-GG-Blooms-Zippy-0855-17-300x300.png.jpg\";i:4;s:45:\"Gucci-GG-Blooms-Zippy-0855-14-300x300.png.jpg\";i:5;s:45:\"Gucci-GG-Blooms-Zippy-0855-15-300x300.png.jpg\";}"],"rank_math_primary_product_cat":["0"],"_manufacturer_slug":["prada-s-p-a"],"_wpml_location_migration_done":["1"],"_izettle_barcode":[""],"_izettle_nosync":[""],"_izettle_cost_price":[""],"_izettle_special_price":[""],"_izettle_product_name":[""],"_wpml_media_has_media":["1"],"_wpml_post_translation_editor_native":["no"],"_izettle_image_lookup_key":["3kyncy1cEe-udXp3qLWasA-eTg9d32TEfCSEk48vRWFUg"],"woocommerce_izettle_product_uuid":["793b2d52-7d93-11f0-b7aa-353536383939"],"woocommerce_izettle_variant_uuid":["793b4c74-7d93-11f0-bd80-353536383939"],"_izettle_updated":["1755928811"],"_zettle_barcode":[""],"_ship_separately_via":[""],"_wp_old_date":["2025-10-01","2026-03-04"],"sib_push_send_notification_delay_seconds":["0"],"_is_non_alcoholic":["no"],"_mid_code":[""],"_shipping_weight":[""],"_entrupy_echtheitszertifikat":["yes"],"rank_math_analytic_object_id":["2664"],"_sku":["P6-1165"],"_edit_lock":["1772782348:4"],"_edit_last":["4"],"_gdrive_field":["https:\/\/drive.google.com\/drive\/u\/1\/folders\/1FAAJ6JNwkCOgH9O5ET09bPoKXCvZSIVX"],"rank_math_internal_links_processed":["1"],"_wcml_average_rating":[null],"_wcml_review_count":[null],"_wcml_rating_count":[null],"astra-migrate-meta-layouts":["set"],"_uag_page_assets":["a:9:{s:3:\"css\";s:0:\"\";s:2:\"js\";s:0:\"\";s:18:\"current_block_list\";a:6:{i:0;s:26:\"woocommerce\/filter-wrapper\";i:1;s:24:\"woocommerce\/price-filter\";i:2;s:30:\"woocommerce\/product-categories\";i:3;s:14:\"core\/paragraph\";i:4;s:14:\"core\/shortcode\";i:5;s:11:\"core\/search\";}s:8:\"uag_flag\";b:0;s:11:\"uag_version\";i:1776770742;s:6:\"gfonts\";a:0:{}s:10:\"gfonts_url\";s:0:\"\";s:12:\"gfonts_files\";a:0:{}s:14:\"uag_faq_layout\";b:0;}"],"_wc_rating_count":[""]},"uagb_featured_image_src":{"full":["https:\/\/ilovehandbags.com\/wp-content\/uploads\/sites\/3\/Prada-Long-Zippy-1165-01.jpg",2048,2048,false],"thumbnail":["https:\/\/ilovehandbags.com\/wp-content\/uploads\/sites\/3\/Prada-Long-Zippy-1165-01-150x150.jpg",150,150,true],"medium":["https:\/\/ilovehandbags.com\/wp-content\/uploads\/sites\/3\/Prada-Long-Zippy-1165-01-300x300.jpg",300,300,true],"medium_large":["https:\/\/ilovehandbags.com\/wp-content\/uploads\/sites\/3\/Prada-Long-Zippy-1165-01-768x768.jpg",768,768,true],"large":["https:\/\/ilovehandbags.com\/wp-content\/uploads\/sites\/3\/Prada-Long-Zippy-1165-01-1024x1024.jpg",1024,1024,true],"1536x1536":["https:\/\/ilovehandbags.com\/wp-content\/uploads\/sites\/3\/Prada-Long-Zippy-1165-01.jpg",1536,1536,false],"2048x2048":["https:\/\/ilovehandbags.com\/wp-content\/uploads\/sites\/3\/Prada-Long-Zippy-1165-01.jpg",2048,2048,false],"woocommerce_thumbnail":["https:\/\/ilovehandbags.com\/wp-content\/uploads\/sites\/3\/Prada-Long-Zippy-1165-01-500x500.jpg",500,500,true],"woocommerce_single":["https:\/\/ilovehandbags.com\/wp-content\/uploads\/sites\/3\/Prada-Long-Zippy-1165-01-500x500.jpg",500,500,true],"woocommerce_gallery_thumbnail":["https:\/\/ilovehandbags.com\/wp-content\/uploads\/sites\/3\/Prada-Long-Zippy-1165-01-100x100.jpg",100,100,true]},"uagb_author_info":{"display_name":"ILoveHandbags","author_link":"https:\/\/ilovehandbags.com\/de\/author\/"},"uagb_comment_info":0,"uagb_excerpt":"Die lange Geldb\u00f6rse von Prada aus hochwertigem Saffiano-Leder vereint zeitlose Eleganz mit moderner Raffinesse. In einem ausdrucksstarken Pink gehalten und erg\u00e4nzt durch edle goldfarbene Hardware, setzt dieses Modell ein stilvolles Statement und bringt zugleich feminine Leichtigkeit in den Alltag. Das charakteristische Saffiano-Leder, bekannt f\u00fcr seine feine Kreuzschraffur und seine besondere Strapazierf\u00e4higkeit, verleiht der Geldb\u00f6rse eine&hellip;","_links":{"self":[{"href":"https:\/\/ilovehandbags.com\/de\/wp-json\/wp\/v2\/product\/77175","targetHints":{"allow":["GET"]}}],"collection":[{"href":"https:\/\/ilovehandbags.com\/de\/wp-json\/wp\/v2\/product"}],"about":[{"href":"https:\/\/ilovehandbags.com\/de\/wp-json\/wp\/v2\/types\/product"}],"wp:featuredmedia":[{"embeddable":true,"href":"https:\/\/ilovehandbags.com\/de\/wp-json\/wp\/v2\/media\/77189"}],"wp:attachment":[{"href":"https:\/\/ilovehandbags.com\/de\/wp-json\/wp\/v2\/media?parent=77175"}],"wp:term":[{"taxonomy":"product_brand","embeddable":true,"href":"https:\/\/ilovehandbags.com\/de\/wp-json\/wp\/v2\/product_brand?post=77175"},{"taxonomy":"product_cat","embeddable":true,"href":"https:\/\/ilovehandbags.com\/de\/wp-json\/wp\/v2\/product_cat?post=77175"},{"taxonomy":"product_tag","embeddable":true,"href":"https:\/\/ilovehandbags.com\/de\/wp-json\/wp\/v2\/product_tag?post=77175"}],"curies":[{"name":"wp","href":"https:\/\/api.w.org\/{rel}","templated":true}]}}