{"id":77375,"date":"2026-03-10T12:00:11","date_gmt":"2026-03-10T11:00:11","guid":{"rendered":"https:\/\/ilovehandbags.com\/?post_type=product&#038;p=77375"},"modified":"2026-04-21T12:25:10","modified_gmt":"2026-04-21T10:25:10","slug":"mcm-vintage-kleidersack-1171","status":"publish","type":"product","link":"https:\/\/ilovehandbags.com\/de\/mcm-vintage-kleidersack-1171\/","title":{"rendered":"MCM Vintage Kleidersack"},"content":{"rendered":"","protected":false},"excerpt":{"rendered":"<p data-start=\"71\" data-end=\"363\">Dieser Vintage MCM Kleidersack in Braun ist ein stilvolles und zugleich praktisches Accessoire f\u00fcr die gesch\u00fctzte Aufbewahrung und den Transport hochwertiger Kleidung. Das Modell stammt vermutlich aus den 1980er Jahren und verk\u00f6rpert den ikonischen Stil der Marke MCM aus dieser Zeit. Gefertigt aus dem klassischen Visetos-Canvas mit dem charakteristischen MCM-Monogramm, \u00fcberzeugt der Kleidersack durch seine langlebige Qualit\u00e4t und seine zeitlose Optik. Das robuste Material sch\u00fctzt empfindliche Kleidungsst\u00fccke zuverl\u00e4ssig vor Staub, Schmutz und Knitterfalten \u2013 ideal f\u00fcr Anz\u00fcge, Kleider, M\u00e4ntel oder andere hochwertige Garderobe. Im Inneren befinden sich zwei Kleiderb\u00fcgel, sodass sich gleich mehrere Kleidungsst\u00fccke ordentlich und knitterarm aufbewahren oder transportieren lassen. Der durchgehende Rei\u00dfverschluss erm\u00f6glicht ein komfortables \u00d6ffnen und Schlie\u00dfen des Kleidersacks, w\u00e4hrend der stabile Tragegriff einen bequemen Transport auf Reisen, zu Veranstaltungen oder im Alltag erm\u00f6glicht. Das klassische braune Visetos-Design mit dem ikonischen MCM-Print macht diesen Kleidersack sofort als Designerst\u00fcck erkennbar. Besonders Vintage-Accessoires aus den 1980er Jahren erfreuen sich heute gro\u00dfer Beliebtheit, da sie den urspr\u00fcnglichen Charakter der Marke widerspiegeln und gleichzeitig eine nachhaltige Alternative zum Neukauf darstellen. Ob f\u00fcr Gesch\u00e4ftsreisen, besondere Anl\u00e4sse oder zur stilvollen Aufbewahrung im Kleiderschrank \u2013 dieser Vintage MCM Kleidersack mit zwei B\u00fcgeln verbindet praktische Funktionalit\u00e4t mit dem unverwechselbaren Design eines echten Klassikers der Luxusmode.<\/p>\n<p data-start=\"1361\" data-end=\"1709\">\n","protected":false},"featured_media":77378,"template":"","meta":{"_uag_custom_page_level_css":"","site-sidebar-layout":"default","site-content-layout":"default","ast-site-content-layout":"default","site-content-style":"default","site-sidebar-style":"default","ast-global-header-display":"","ast-banner-title-visibility":"","ast-main-header-display":"","ast-hfb-above-header-display":"","ast-hfb-below-header-display":"","ast-hfb-mobile-header-display":"","site-post-title":"","ast-breadcrumbs-content":"","ast-featured-img":"","footer-sml-layout":"","ast-disable-related-posts":"","theme-transparent-header-meta":"default","adv-header-id-meta":"","stick-header-meta":"default","header-above-stick-meta":"","header-main-stick-meta":"","header-below-stick-meta":"","astra-migrate-meta-layouts":"set","ast-page-background-enabled":"default","ast-page-background-meta":{"desktop":{"background-color":"var(--ast-global-color-4)","background-image":"","background-repeat":"repeat","background-position":"center center","background-size":"auto","background-attachment":"scroll","background-type":"","background-media":"","overlay-type":"","overlay-color":"","overlay-opacity":"","overlay-gradient":""},"tablet":{"background-color":"","background-image":"","background-repeat":"repeat","background-position":"center center","background-size":"auto","background-attachment":"scroll","background-type":"","background-media":"","overlay-type":"","overlay-color":"","overlay-opacity":"","overlay-gradient":""},"mobile":{"background-color":"","background-image":"","background-repeat":"repeat","background-position":"center center","background-size":"auto","background-attachment":"scroll","background-type":"","background-media":"","overlay-type":"","overlay-color":"","overlay-opacity":"","overlay-gradient":""}},"ast-content-background-meta":{"desktop":{"background-color":"var(--ast-global-color-5)","background-image":"","background-repeat":"repeat","background-position":"center center","background-size":"auto","background-attachment":"scroll","background-type":"","background-media":"","overlay-type":"","overlay-color":"","overlay-opacity":"","overlay-gradient":""},"tablet":{"background-color":"var(--ast-global-color-5)","background-image":"","background-repeat":"repeat","background-position":"center center","background-size":"auto","background-attachment":"scroll","background-type":"","background-media":"","overlay-type":"","overlay-color":"","overlay-opacity":"","overlay-gradient":""},"mobile":{"background-color":"var(--ast-global-color-5)","background-image":"","background-repeat":"repeat","background-position":"center center","background-size":"auto","background-attachment":"scroll","background-type":"","background-media":"","overlay-type":"","overlay-color":"","overlay-opacity":"","overlay-gradient":""}},"_glsr_average":0,"_glsr_ranking":0,"_glsr_reviews":0},"product_brand":[1590],"product_cat":[1325,541,238,447,451],"product_tag":[1405,2179,2178],"class_list":{"0":"post-77375","1":"product","2":"type-product","3":"status-publish","4":"has-post-thumbnail","6":"product_brand-mcm","7":"product_cat-mcm","8":"product_cat-herren","9":"product_cat-reisegepaeck","10":"product_cat-sale","11":"product_cat-vintage","12":"product_tag-mcm","13":"product_tag-mcm-garment-bag","14":"product_tag-mcm-kleidersack","15":"desktop-align-left","16":"tablet-align-left","17":"mobile-align-left","18":"ast-product-gallery-layout-first-image-large","19":"ast-magnify-disabled","20":"ast-product-tabs-layout-accordion","22":"first","23":"instock","24":"sale","25":"sold-individually","26":"taxable","27":"shipping-taxable","28":"purchasable","29":"product-type-simple"},"spectra_custom_meta":{"rank_math_internal_links_processed":["1","1"],"copied_media_ids":["a:0:{}","a:0:{}","a:0:{}","a:0:{}"],"referenced_media_ids":["a:11:{i:0;i:77378;i:1;i:77385;i:2;i:77389;i:3;i:77384;i:4;i:77390;i:5;i:77387;i:6;i:77380;i:7;i:77382;i:8;i:77381;i:9;i:77377;i:10;i:77383;}","a:11:{i:0;i:77378;i:1;i:77385;i:2;i:77389;i:3;i:77384;i:4;i:77390;i:5;i:77387;i:6;i:77380;i:7;i:77382;i:8;i:77381;i:9;i:77377;i:10;i:77383;}","a:11:{i:0;i:77378;i:1;i:77385;i:2;i:77389;i:3;i:77384;i:4;i:77390;i:5;i:77387;i:6;i:77380;i:7;i:77382;i:8;i:77381;i:9;i:77377;i:10;i:77383;}","a:11:{i:0;i:77378;i:1;i:77385;i:2;i:77389;i:3;i:77384;i:4;i:77390;i:5;i:77387;i:6;i:77380;i:7;i:77382;i:8;i:77381;i:9;i:77377;i:10;i:77383;}"],"_regular_price":["350"],"total_sales":["0"],"_tax_status":["taxable"],"_tax_class":[""],"_manage_stock":["yes"],"_backorders":["no"],"_sold_individually":["yes"],"_virtual":["no"],"_downloadable":["no"],"_product_image_gallery":["77385,77389,77384,77390,77387,77380,77382,77381,77377,77383"],"_download_limit":["-1"],"_download_expiry":["-1"],"_thumbnail_id":["77378"],"_stock":["1"],"_stock_status":["instock"],"_wc_average_rating":[0],"_wc_review_count":["0"],"_product_attributes":["a:3:{s:8:\"pa_brand\";a:7:{s:4:\"name\";s:8:\"pa_brand\";s:5:\"value\";s:0:\"\";s:8:\"position\";i:0;s:10:\"is_visible\";i:0;s:12:\"is_variation\";i:1;s:11:\"is_taxonomy\";i:1;s:16:\"checkout_visible\";i:0;}s:8:\"pa_color\";a:7:{s:4:\"name\";s:8:\"pa_color\";s:5:\"value\";s:0:\"\";s:8:\"position\";i:1;s:10:\"is_visible\";i:0;s:12:\"is_variation\";i:1;s:11:\"is_taxonomy\";i:1;s:16:\"checkout_visible\";i:0;}s:9:\"pa_gender\";a:7:{s:4:\"name\";s:9:\"pa_gender\";s:5:\"value\";s:0:\"\";s:8:\"position\";i:2;s:10:\"is_visible\";i:0;s:12:\"is_variation\";i:1;s:11:\"is_taxonomy\";i:1;s:16:\"checkout_visible\";i:0;}}"],"_product_version":["10.7.0"],"_price":["250"],"_not_in_inventory_checkbox":["",""],"_wpml_media_featured":["1","1","1","1","1","1","1"],"_wpml_media_duplicate":["1","1","1","1","1","1","1"],"_wpml_word_count":["289"],"_wpml_location_migration_done":["1"],"_fusion":["a:3:{s:17:\"slider_visibility\";s:51:\"small-visibility,medium-visibility,large-visibility\";s:11:\"slider_type\";s:2:\"no\";s:9:\"wooslider\";s:1:\"0\";}"],"rank_math_seo_score":["76"],"rank_math_focus_keyword":["MCM"],"_purchase_price_field":["31,81"],"_internal_warehouse_number_field":["P6-1171"],"_unit":[""],"_unit_base":[""],"_unit_product":[""],"_unit_price_auto":["no"],"_unit_price_regular":[""],"_unit_price":[""],"_unit_price_sale":[""],"_sale_price_label":[""],"_sale_price_regular_label":[""],"_mini_desc":["MCM Vintage Kleidersack"],"_defect_description":[""],"_allergen_ids":["a:0:{}"],"_warranty_attachment_id":[""],"_min_age":[""],"_ts_gtin":[""],"_ts_mpn":[""],"_delivery_time_countries":["a:0:{}"],"_free_shipping":["no"],"_service":["no"],"_photovoltaic_system":["no"],"_used_good":["no"],"_defective_copy":["no"],"_is_food":["no"],"_differential_taxation":["no"],"_gzd_version":["4.0.3"],"_hs_code":[""],"_manufacture_country":[""],"_rank_math_gtin_code":[""],"_fusion_google_fonts":[""],"fusion_builder_status":["active"],"rank_math_primary_product_cat":["1325"],"_wcml_custom_prices_status":["1"],"_sale_price_dates_to_USD":[""],"_sale_price_dates_from_USD":[""],"_sale_price_USD":[""],"_regular_price_USD":[""],"_wcml_schedule_USD":["0"],"yikes_woo_products_tabs":["a:2:{i:0;a:3:{s:5:\"title\";s:21:\"Weitere Informationen\";s:2:\"id\";s:21:\"weitere-informationen\";s:7:\"content\";s:294:\"<strong>Material au\u00dfen: <\/strong>Beschichtetes Visetos Canvas mit Bes\u00e4tzen aus Rindsleder\r\n<strong>Material innen:<\/strong> Textilinnenfutter\r\n<strong>Ma\u00dfe: <\/strong>(B) 56\u00a0 x (H) 100\u00a0 x (T) 7 cm\r\n<strong>Lieferumfang: <\/strong>2 B\u00fcgel, 1 Schl\u00fcssel f\u00fcrs Schloss sowie Entrupy Zertifikat\";}i:1;a:3:{s:5:\"title\";s:7:\"Zustand\";s:2:\"id\";s:7:\"zustand\";s:7:\"content\";s:460:\"<strong>Gesamtzustand: <\/strong>Guter bis sehr gut gepflegter Vintagezustand.\r\n<strong>Canvas: <\/strong>Sehr sch\u00f6n erhalten, mit vereinzelten leichten Gebrauchsspuren.\r\n<strong>Leder: <\/strong>Vereinzelt Kratzer und etwas Abrieb, insgesamt gut gepflegt.\r\n<strong>Tragegriff: <\/strong>Stabil und intakt, mit leichten Tragespuren.\r\n<strong>Hardware:<\/strong> Leichte Gebrauchsspuren, insgesamt in gutem Zustand.\r\n<strong>Innenraum: <\/strong>Sauber und gepflegt.\";}}"],"_deposit_type":[""],"_nutrient_ids":["a:0:{}"],"_nutrient_reference_value":["100g"],"_ingredients":[""],"_nutri_score":[""],"_alcohol_content":[""],"_drained_weight":[""],"_net_filling_quantity":[""],"_food_distributor":[""],"_food_description":[""],"_food_place_of_origin":[""],"_deposit_quantity":[""],"site-sidebar-layout":["default"],"site-content-layout":["default"],"theme-transparent-header-meta":["default"],"stick-header-meta":["default"],"_pys_conversion_label_settings":["a:3:{s:6:\"enable\";b:1;s:5:\"label\";s:0:\"\";s:2:\"id\";s:14:\"AW-11184563350\";}"],"_pys_super_pack_cpt_url":[""],"_pys_super_pack_cpt_condition":["only"],"_pys_super_pack_cpt_cart":["hidden"],"_woosea_brand":[""],"_woosea_mpn":[""],"_woosea_upc":[""],"_woosea_ean":[""],"_woosea_gtin":[""],"_woosea_color":[""],"_woosea_size":[""],"_woosea_gender":[""],"_woosea_material":[""],"_woosea_pattern":[""],"_woosea_optimized_title":[""],"_woosea_unit_pricing_measure":[""],"_woosea_unit_pricing_base_measure":[""],"_woosea_condition":["used"],"_woosea_age_group":["adult"],"_woosea_installment_months":[""],"_woosea_installment_amount":[""],"_woosea_exclude_product":["no"],"_woosea_cost_of_good_sold":[""],"_woosea_multipack":[""],"_woosea_is_bundle":[""],"_woosea_energy_efficiency_class":[""],"_woosea_min_energy_efficiency_class":[""],"_woosea_max_energy_efficiency_class":[""],"_woosea_is_promotion":[""],"_woosea_custom_field_0":[""],"_woosea_custom_field_1":[""],"_woosea_custom_field_2":[""],"_woosea_custom_field_3":[""],"_woosea_custom_field_4":[""],"_pys_head_footer":["a:7:{s:14:\"disable_global\";b:0;s:8:\"head_any\";s:0:\"\";s:12:\"head_desktop\";s:0:\"\";s:11:\"head_mobile\";s:0:\"\";s:10:\"footer_any\";s:0:\"\";s:14:\"footer_desktop\";s:0:\"\";s:13:\"footer_mobile\";s:0:\"\";}"],"_customs_description":[""],"_is_non_returnable":["no"],"ast-site-content-layout":["default"],"site-content-style":["default"],"site-sidebar-style":["default"],"litespeed_vpi_list_mobile":["a:2:{i:0;s:8:\"logo.png\";i:1;s:68:\"Louis-Vuitton-Montsouris-GM-Vorderseite-2023-0323-scaled-500x500.jpg\";}"],"litespeed_vpi_list":["a:4:{i:0;s:8:\"logo.png\";i:1;s:6:\"de.png\";i:2;s:68:\"Louis-Vuitton-Montsouris-GM-Vorderseite-2023-0323-scaled-500x500.jpg\";i:3;s:35:\"three-o-clock-clock-svgrepo-com.svg\";}"],"_wp_old_date":["2023-08-21","2024-02-10","2024-02-08","2024-04-23","2024-04-26","2024-05-02","2025-01-15","2025-01-22","2025-02-27","2026-03-11"],"_internal_date_code":["A2310"],"_internal_product_origin":["Germany"],"_product_rating":["between A and B"],"rank_math_contentai_score":["a:4:{s:9:\"wordCount\";s:4:\"4.42\";s:9:\"linkCount\";s:1:\"0\";s:12:\"headingCount\";s:1:\"0\";s:10:\"mediaCount\";s:1:\"0\";}"],"_custom_html_content":[""],"_wpml_post_translation_editor_native":["no"],"_wpml_media_has_media":["1"],"_customer_view":["3"],"_custom_view_last_updated":["2026-04-22 07:55:38"],"_shipping_length":[""],"_shipping_width":[""],"_shipping_height":[""],"_zettle_product_cat_id":[""],"_sale_price_dates_to_CHF":[""],"_sale_price_dates_from_CHF":[""],"_sale_price_CHF":[""],"_regular_price_CHF":[""],"_wcml_schedule_CHF":["0"],"_sale_price_dates_to_GBP":[""],"_sale_price_dates_from_GBP":[""],"_sale_price_GBP":[""],"_regular_price_GBP":[""],"_wcml_schedule_GBP":["0"],"_product_shipping_weight":["1kg"],"_manufacturer_slug":["mcm-global-ag"],"_safety_attachment_ids":["a:0:{}"],"_nickx_video_text_url":["a:1:{i:0;s:0:\"\";}"],"_nickx_product_video_type":["a:1:{i:0;s:23:\"nickx_video_url_youtube\";}"],"_nickx_product_video_thumb_ids":["a:1:{i:0;s:0:\"\";}"],"similar_product_key":["1736770455"],"_product_available_from_field":["2026-03-13T19:00"],"_safety_instructions":[""],"_product_reserve_till_field":[""],"_wireless_electronic_device":["no"],"_device_contains_power_supply":["no"],"_device_charging_supports_usb_pd":["no"],"_device_charging_watt_min":["0"],"_device_charging_watt_max":["0"],"rank_math_primary_product_brand":["0"],"_default_delivery_time":[""],"sib_push_meta_box_present":["1"],"sib_push_send_notification":["0"],"sib_push_target_segment_ids":["@ALL"],"_izettle_barcode":[""],"_izettle_nosync":[""],"_izettle_cost_price":[""],"_izettle_special_price":[""],"_izettle_product_name":[""],"_ame_cpe_post_policy":["{\"accessProtection\":{\"active\":\"replace\"}}"],"_izettle_image_lookup_key":["3kyncy1cEe-udXp3qLWasA-KENHt0d0EfCkdSBfmfDj1w"],"woocommerce_izettle_product_uuid":["284631ee-4774-11f0-be31-353536383939"],"woocommerce_izettle_variant_uuid":["23b059b6-475b-11f0-a9f3-353536383939"],"_izettle_updated":["1749801625"],"rank_math_auto_redirect":["a:1:{i:0;i:92;}"],"_zettle_barcode":[""],"sib_push_send_notification_delay_seconds":["0"],"_is_non_alcoholic":["no"],"_mid_code":[""],"_ship_separately_via":[""],"_shipping_weight":[""],"_entrupy_echtheitszertifikat":[""],"rank_math_analytic_object_id":["2688"],"_sku":["P6-1171"],"_edit_lock":["1776766992:4"],"_edit_last":["4"],"_gdrive_field":["https:\/\/drive.google.com\/drive\/u\/0\/folders\/1xbSMg2kdXjjgtO9dw4zGgKbuAKvCOVyC"],"_sale_price":["250"],"_sale_price_dates_to":["1778536799"],"_wcml_average_rating":[null],"_wcml_review_count":[null],"_wcml_rating_count":[null],"_custom_thumbnail":["a:1:{i:0;s:2:\"no\";}"],"_video_schema":["a:1:{i:0;s:2:\"no\";}"],"_nickx_video_upload_date":["a:1:{i:0;s:0:\"\";}"],"_nickx_video_name":["a:1:{i:0;s:0:\"\";}"],"_nickx_video_description":["a:1:{i:0;s:0:\"\";}"],"astra-migrate-meta-layouts":["set"],"_uag_page_assets":["a:9:{s:3:\"css\";s:0:\"\";s:2:\"js\";s:0:\"\";s:18:\"current_block_list\";a:6:{i:0;s:26:\"woocommerce\/filter-wrapper\";i:1;s:24:\"woocommerce\/price-filter\";i:2;s:30:\"woocommerce\/product-categories\";i:3;s:14:\"core\/paragraph\";i:4;s:14:\"core\/shortcode\";i:5;s:11:\"core\/search\";}s:8:\"uag_flag\";b:0;s:11:\"uag_version\";s:10:\"1777103280\";s:6:\"gfonts\";a:0:{}s:10:\"gfonts_url\";s:0:\"\";s:12:\"gfonts_files\";a:0:{}s:14:\"uag_faq_layout\";b:0;}"],"_wc_rating_count":[""]},"uagb_featured_image_src":{"full":["https:\/\/ilovehandbags.com\/wp-content\/uploads\/sites\/3\/MCM-Vintage-Kleidersack-1171-13.jpg",2048,2048,false],"thumbnail":["https:\/\/ilovehandbags.com\/wp-content\/uploads\/sites\/3\/MCM-Vintage-Kleidersack-1171-13-150x150.jpg",150,150,true],"medium":["https:\/\/ilovehandbags.com\/wp-content\/uploads\/sites\/3\/MCM-Vintage-Kleidersack-1171-13-300x300.jpg",300,300,true],"medium_large":["https:\/\/ilovehandbags.com\/wp-content\/uploads\/sites\/3\/MCM-Vintage-Kleidersack-1171-13-768x768.jpg",768,768,true],"large":["https:\/\/ilovehandbags.com\/wp-content\/uploads\/sites\/3\/MCM-Vintage-Kleidersack-1171-13-1024x1024.jpg",1024,1024,true],"1536x1536":["https:\/\/ilovehandbags.com\/wp-content\/uploads\/sites\/3\/MCM-Vintage-Kleidersack-1171-13.jpg",1536,1536,false],"2048x2048":["https:\/\/ilovehandbags.com\/wp-content\/uploads\/sites\/3\/MCM-Vintage-Kleidersack-1171-13.jpg",2048,2048,false],"woocommerce_thumbnail":["https:\/\/ilovehandbags.com\/wp-content\/uploads\/sites\/3\/MCM-Vintage-Kleidersack-1171-13-500x500.jpg",500,500,true],"woocommerce_single":["https:\/\/ilovehandbags.com\/wp-content\/uploads\/sites\/3\/MCM-Vintage-Kleidersack-1171-13-500x500.jpg",500,500,true],"woocommerce_gallery_thumbnail":["https:\/\/ilovehandbags.com\/wp-content\/uploads\/sites\/3\/MCM-Vintage-Kleidersack-1171-13-100x100.jpg",100,100,true]},"uagb_author_info":{"display_name":"ILoveHandbags","author_link":"https:\/\/ilovehandbags.com\/de\/author\/"},"uagb_comment_info":0,"uagb_excerpt":"Dieser Vintage MCM Kleidersack in Braun ist ein stilvolles und zugleich praktisches Accessoire f\u00fcr die gesch\u00fctzte Aufbewahrung und den Transport hochwertiger Kleidung. Das Modell stammt vermutlich aus den 1980er Jahren und verk\u00f6rpert den ikonischen Stil der Marke MCM aus dieser Zeit. Gefertigt aus dem klassischen Visetos-Canvas mit dem charakteristischen MCM-Monogramm, \u00fcberzeugt der Kleidersack durch seine&hellip;","_links":{"self":[{"href":"https:\/\/ilovehandbags.com\/de\/wp-json\/wp\/v2\/product\/77375","targetHints":{"allow":["GET"]}}],"collection":[{"href":"https:\/\/ilovehandbags.com\/de\/wp-json\/wp\/v2\/product"}],"about":[{"href":"https:\/\/ilovehandbags.com\/de\/wp-json\/wp\/v2\/types\/product"}],"wp:featuredmedia":[{"embeddable":true,"href":"https:\/\/ilovehandbags.com\/de\/wp-json\/wp\/v2\/media\/77378"}],"wp:attachment":[{"href":"https:\/\/ilovehandbags.com\/de\/wp-json\/wp\/v2\/media?parent=77375"}],"wp:term":[{"taxonomy":"product_brand","embeddable":true,"href":"https:\/\/ilovehandbags.com\/de\/wp-json\/wp\/v2\/product_brand?post=77375"},{"taxonomy":"product_cat","embeddable":true,"href":"https:\/\/ilovehandbags.com\/de\/wp-json\/wp\/v2\/product_cat?post=77375"},{"taxonomy":"product_tag","embeddable":true,"href":"https:\/\/ilovehandbags.com\/de\/wp-json\/wp\/v2\/product_tag?post=77375"}],"curies":[{"name":"wp","href":"https:\/\/api.w.org\/{rel}","templated":true}]}}