{"id":77403,"date":"2026-03-10T11:59:42","date_gmt":"2026-03-10T10:59:42","guid":{"rendered":"https:\/\/ilovehandbags.com\/?post_type=product&#038;p=77403"},"modified":"2026-03-25T13:53:00","modified_gmt":"2026-03-25T12:53:00","slug":"mcm-beuteltasche-1172","status":"publish","type":"product","link":"https:\/\/ilovehandbags.com\/de\/mcm-beuteltasche-1172\/","title":{"rendered":"MCM Beuteltasche"},"content":{"rendered":"","protected":false},"excerpt":{"rendered":"<article class=\"text-token-text-primary w-full focus:outline-none [--shadow-height:45px] has-data-writing-block:pointer-events-none has-data-writing-block:-mt-(--shadow-height) has-data-writing-block:pt-(--shadow-height) [&amp;:has([data-writing-block])&gt;*]:pointer-events-auto scroll-mt-(--header-height)\" dir=\"auto\" tabindex=\"-1\" data-turn-id=\"a101bede-83a8-43e8-8c0e-5195eea7ef4c\" data-testid=\"conversation-turn-11\" data-scroll-anchor=\"false\" data-turn=\"user\"><\/article>\n<article class=\"text-token-text-primary w-full focus:outline-none [--shadow-height:45px] has-data-writing-block:pointer-events-none has-data-writing-block:-mt-(--shadow-height) has-data-writing-block:pt-(--shadow-height) [&amp;:has([data-writing-block])&gt;*]:pointer-events-auto scroll-mt-[calc(var(--header-height)+min(200px,max(70px,20svh)))]\" dir=\"auto\" tabindex=\"-1\" data-turn-id=\"request-WEB:e67294af-219e-42f1-9eb2-90feaaefe3ba-5\" data-testid=\"conversation-turn-12\" data-scroll-anchor=\"true\" data-turn=\"assistant\">\n<div class=\"text-base my-auto mx-auto pb-10 [--thread-content-margin:var(--thread-content-margin-xs,calc(var(--spacing)*4))] @w-sm\/main:[--thread-content-margin:var(--thread-content-margin-sm,calc(var(--spacing)*6))] @w-lg\/main:[--thread-content-margin:var(--thread-content-margin-lg,calc(var(--spacing)*16))] px-(--thread-content-margin)\">\n<div class=\"[--thread-content-max-width:40rem] @w-lg\/main:[--thread-content-max-width:48rem] mx-auto max-w-(--thread-content-max-width) flex-1 group\/turn-messages focus-visible:outline-hidden relative flex w-full min-w-0 flex-col agent-turn\" tabindex=\"-1\">\n<div class=\"flex max-w-full flex-col gap-4 grow\">\n<div class=\"min-h-8 text-message relative flex w-full flex-col items-end gap-2 text-start break-words whitespace-normal [.text-message+&amp;]:mt-1\" dir=\"auto\" data-message-author-role=\"assistant\" data-message-id=\"1b412b4c-aa6c-45c1-9dd1-06eeaa58b974\" data-message-model-slug=\"gpt-5-3\">\n<div class=\"flex w-full flex-col gap-1 empty:hidden\">\n<div class=\"markdown prose dark:prose-invert w-full wrap-break-word light markdown-new-styling\">\n<p data-start=\"0\" data-end=\"263\">Entdecke mit diesem beigefarbenen Beutel-Shopper von MCM einen stilvollen Begleiter f\u00fcr deinen Alltag. Gefertigt aus dem hochwertigen Visetos-Canvas mit dem ikonischen MCM-Monogramm, vereint die Tasche zeitloses Design mit praktischer Alltagstauglichkeit. Die weiche, leicht flexible Form verleiht dem Shopper eine moderne und zugleich l\u00e4ssige Ausstrahlung. Zwei stabile Tragegriffe erm\u00f6glichen ein komfortables Tragen in der Hand oder \u00fcber dem Arm. Das gro\u00dfz\u00fcgige Hauptfach bietet ausreichend Platz f\u00fcr alles, was dich durch den Tag begleitet \u2013 von Geldb\u00f6rse und Smartphone bis hin zu Kosmetiktasche, Tablet oder kleinen Eink\u00e4ufen. Das elegante Beige mit dem charakteristischen Visetos-Print sorgt f\u00fcr einen stilvollen, luxuri\u00f6sen Look und l\u00e4sst sich vielseitig kombinieren \u2013 ob im Alltag, im B\u00fcro oder beim Stadtbummel. Gleichzeitig macht das strapazierf\u00e4hige Canvas die Tasche zu einem robusten und langlebigen Begleiter. MCM ist seit Jahrzehnten bekannt f\u00fcr seine markanten Designs und hochwertigen Materialien. Gerade Modelle im klassischen Visetos-Canvas gelten als echte Klassiker der Marke und sind bei Liebhabern von Designeraccessoires besonders gefragt.<\/p>\n<\/div>\n<\/div>\n<\/div>\n<\/div>\n<\/div>\n<\/div>\n<\/article>\n","protected":false},"featured_media":77422,"template":"","meta":{"_uag_custom_page_level_css":"","site-sidebar-layout":"default","site-content-layout":"default","ast-site-content-layout":"default","site-content-style":"default","site-sidebar-style":"default","ast-global-header-display":"","ast-banner-title-visibility":"","ast-main-header-display":"","ast-hfb-above-header-display":"","ast-hfb-below-header-display":"","ast-hfb-mobile-header-display":"","site-post-title":"","ast-breadcrumbs-content":"","ast-featured-img":"","footer-sml-layout":"","ast-disable-related-posts":"","theme-transparent-header-meta":"default","adv-header-id-meta":"","stick-header-meta":"default","header-above-stick-meta":"","header-main-stick-meta":"","header-below-stick-meta":"","astra-migrate-meta-layouts":"set","ast-page-background-enabled":"default","ast-page-background-meta":{"desktop":{"background-color":"var(--ast-global-color-4)","background-image":"","background-repeat":"repeat","background-position":"center center","background-size":"auto","background-attachment":"scroll","background-type":"","background-media":"","overlay-type":"","overlay-color":"","overlay-opacity":"","overlay-gradient":""},"tablet":{"background-color":"","background-image":"","background-repeat":"repeat","background-position":"center center","background-size":"auto","background-attachment":"scroll","background-type":"","background-media":"","overlay-type":"","overlay-color":"","overlay-opacity":"","overlay-gradient":""},"mobile":{"background-color":"","background-image":"","background-repeat":"repeat","background-position":"center center","background-size":"auto","background-attachment":"scroll","background-type":"","background-media":"","overlay-type":"","overlay-color":"","overlay-opacity":"","overlay-gradient":""}},"ast-content-background-meta":{"desktop":{"background-color":"var(--ast-global-color-5)","background-image":"","background-repeat":"repeat","background-position":"center center","background-size":"auto","background-attachment":"scroll","background-type":"","background-media":"","overlay-type":"","overlay-color":"","overlay-opacity":"","overlay-gradient":""},"tablet":{"background-color":"var(--ast-global-color-5)","background-image":"","background-repeat":"repeat","background-position":"center center","background-size":"auto","background-attachment":"scroll","background-type":"","background-media":"","overlay-type":"","overlay-color":"","overlay-opacity":"","overlay-gradient":""},"mobile":{"background-color":"var(--ast-global-color-5)","background-image":"","background-repeat":"repeat","background-position":"center center","background-size":"auto","background-attachment":"scroll","background-type":"","background-media":"","overlay-type":"","overlay-color":"","overlay-opacity":"","overlay-gradient":""}},"_glsr_average":0,"_glsr_ranking":0,"_glsr_reviews":0},"product_brand":[1590],"product_cat":[1325,208,205,449],"product_tag":[1405,1424],"class_list":{"0":"post-77403","1":"product","2":"type-product","3":"status-publish","4":"has-post-thumbnail","6":"product_brand-mcm","7":"product_cat-mcm","8":"product_cat-handtaschen","9":"product_cat-tragetaschen","10":"product_cat-bald-wieder-da","11":"product_tag-mcm","12":"product_tag-mcm-shopper","13":"desktop-align-left","14":"tablet-align-left","15":"mobile-align-left","16":"ast-product-gallery-layout-first-image-large","17":"ast-magnify-disabled","18":"ast-product-tabs-layout-accordion","20":"first","21":"outofstock","22":"sold-individually","23":"taxable","24":"shipping-taxable","25":"purchasable","26":"product-type-simple"},"spectra_custom_meta":{"rank_math_internal_links_processed":["1"],"copied_media_ids":["a:0:{}","a:0:{}"],"referenced_media_ids":["a:19:{i:0;i:77422;i:1;i:77423;i:2;i:77415;i:3;i:77413;i:4;i:77412;i:5;i:77407;i:6;i:77414;i:7;i:77420;i:8;i:77411;i:9;i:77410;i:10;i:77421;i:11;i:77419;i:12;i:77408;i:13;i:77405;i:14;i:77416;i:15;i:77418;i:16;i:77409;i:17;i:77417;i:18;i:77406;}","a:19:{i:0;i:77422;i:1;i:77423;i:2;i:77415;i:3;i:77413;i:4;i:77412;i:5;i:77407;i:6;i:77414;i:7;i:77420;i:8;i:77411;i:9;i:77410;i:10;i:77421;i:11;i:77419;i:12;i:77408;i:13;i:77405;i:14;i:77416;i:15;i:77418;i:16;i:77409;i:17;i:77417;i:18;i:77406;}"],"_regular_price":["230"],"total_sales":["1"],"_tax_status":["taxable"],"_tax_class":[""],"_manage_stock":["yes"],"_backorders":["no"],"_sold_individually":["yes"],"_virtual":["no"],"_downloadable":["no"],"_product_image_gallery":["77423,77415,77413,77412,77407,77414,77420,77411,77410,77421,77419,77408,77405,77416,77418,77409,77417,77406"],"_download_limit":["-1"],"_download_expiry":["-1"],"_thumbnail_id":["77422"],"_stock":["0"],"_stock_status":["outofstock"],"_wc_average_rating":[0],"_wc_review_count":["0"],"_product_attributes":["a:3:{s:8:\"pa_brand\";a:7:{s:4:\"name\";s:8:\"pa_brand\";s:5:\"value\";s:0:\"\";s:8:\"position\";i:1;s:10:\"is_visible\";i:0;s:12:\"is_variation\";i:1;s:11:\"is_taxonomy\";i:1;s:16:\"checkout_visible\";i:0;}s:8:\"pa_color\";a:7:{s:4:\"name\";s:8:\"pa_color\";s:5:\"value\";s:0:\"\";s:8:\"position\";i:2;s:10:\"is_visible\";i:0;s:12:\"is_variation\";i:1;s:11:\"is_taxonomy\";i:1;s:16:\"checkout_visible\";i:0;}s:9:\"pa_gender\";a:7:{s:4:\"name\";s:9:\"pa_gender\";s:5:\"value\";s:0:\"\";s:8:\"position\";i:3;s:10:\"is_visible\";i:0;s:12:\"is_variation\";i:1;s:11:\"is_taxonomy\";i:1;s:16:\"checkout_visible\";i:0;}}"],"_product_version":["10.6.1"],"_price":["230"],"_not_in_inventory_checkbox":["",""],"_wpml_media_featured":["1","1","1","1","1","1","1"],"_wpml_media_duplicate":["1","1","1","1","1","1","1"],"_wpml_word_count":["209"],"_wpml_location_migration_done":["1"],"_fusion":["a:3:{s:17:\"slider_visibility\";s:51:\"small-visibility,medium-visibility,large-visibility\";s:11:\"slider_type\";s:2:\"no\";s:9:\"wooslider\";s:1:\"0\";}"],"rank_math_seo_score":["83"],"rank_math_focus_keyword":["MCM"],"_purchase_price_field":["93,18"],"_internal_warehouse_number_field":["P6-1172"],"_unit":[""],"_unit_base":[""],"_unit_product":[""],"_unit_price_auto":["no"],"_unit_price_regular":[""],"_unit_price":[""],"_unit_price_sale":[""],"_sale_price_label":[""],"_sale_price_regular_label":[""],"_mini_desc":["MCM Beuteltasche"],"_defect_description":[""],"_allergen_ids":["a:0:{}"],"_warranty_attachment_id":[""],"_min_age":[""],"_ts_gtin":[""],"_ts_mpn":[""],"_delivery_time_countries":["a:0:{}"],"_free_shipping":["no"],"_service":["no"],"_photovoltaic_system":["no"],"_used_good":["no"],"_defective_copy":["no"],"_is_food":["no"],"_differential_taxation":["no"],"_gzd_version":["3.20.7"],"_hs_code":[""],"_manufacture_country":[""],"_rank_math_gtin_code":[""],"_fusion_google_fonts":[""],"fusion_builder_status":["active"],"rank_math_primary_product_cat":["1325"],"_wcml_custom_prices_status":["1"],"_sale_price_dates_to_USD":[""],"_sale_price_dates_from_USD":[""],"_sale_price_USD":[""],"_regular_price_USD":[""],"_wcml_schedule_USD":["0"],"yikes_woo_products_tabs":["a:2:{i:0;a:3:{s:5:\"title\";s:21:\"Weitere Informationen\";s:2:\"id\";s:21:\"weitere-informationen\";s:7:\"content\";s:268:\"<strong>Material au\u00dfen: <\/strong>\u00a0Beschichtetes Visetos Canvas mit Bes\u00e4tzen aus Rindsleder\r\n<strong>Material innen:<\/strong> Textilinnenfutter\r\n<strong>Ma\u00dfe Shopper: <\/strong>(B) 37 x (H) 28\u00a0 x (T) 16 cm\r\n<strong>Lieferumfang:<\/strong> I Love Handbags Staubbeutel\";}i:1;a:3:{s:5:\"title\";s:7:\"Zustand\";s:2:\"id\";s:7:\"zustand\";s:7:\"content\";s:3086:\"<article class=\"text-token-text-primary w-full focus:outline-none [--shadow-height:45px] has-data-writing-block:pointer-events-none has-data-writing-block:-mt-(--shadow-height) has-data-writing-block:pt-(--shadow-height) [&amp;:has([data-writing-block])&gt;*]:pointer-events-auto scroll-mt-(--header-height)\" dir=\"auto\" tabindex=\"-1\" data-turn-id=\"7db9a7e5-c5f1-4658-afa7-ce3716fad2c3\" data-testid=\"conversation-turn-13\" data-scroll-anchor=\"false\" data-turn=\"user\"><\/article><article class=\"text-token-text-primary w-full focus:outline-none [--shadow-height:45px] has-data-writing-block:pointer-events-none has-data-writing-block:-mt-(--shadow-height) has-data-writing-block:pt-(--shadow-height) [&amp;:has([data-writing-block])&gt;*]:pointer-events-auto scroll-mt-[calc(var(--header-height)+min(200px,max(70px,20svh)))]\" dir=\"auto\" tabindex=\"-1\" data-turn-id=\"request-WEB:e67294af-219e-42f1-9eb2-90feaaefe3ba-6\" data-testid=\"conversation-turn-14\" data-scroll-anchor=\"true\" data-turn=\"assistant\">\r\n<div class=\"text-base my-auto mx-auto pb-10 [--thread-content-margin:var(--thread-content-margin-xs,calc(var(--spacing)*4))] @w-sm\/main:[--thread-content-margin:var(--thread-content-margin-sm,calc(var(--spacing)*6))] @w-lg\/main:[--thread-content-margin:var(--thread-content-margin-lg,calc(var(--spacing)*16))] px-(--thread-content-margin)\">\r\n<div class=\"[--thread-content-max-width:40rem] @w-lg\/main:[--thread-content-max-width:48rem] mx-auto max-w-(--thread-content-max-width) flex-1 group\/turn-messages focus-visible:outline-hidden relative flex w-full min-w-0 flex-col agent-turn\" tabindex=\"-1\">\r\n<div class=\"flex max-w-full flex-col gap-4 grow\">\r\n<div class=\"min-h-8 text-message relative flex w-full flex-col items-end gap-2 text-start break-words whitespace-normal [.text-message+&amp;]:mt-1\" dir=\"auto\" data-message-author-role=\"assistant\" data-message-id=\"86090a5b-7538-4614-aecb-9103f939966c\" data-message-model-slug=\"gpt-5-3\">\r\n<div class=\"flex w-full flex-col gap-1 empty:hidden\">\r\n<div class=\"markdown prose dark:prose-invert w-full wrap-break-word light markdown-new-styling\">\r\n<p data-start=\"0\" data-end=\"24\"><strong data-start=\"0\" data-end=\"18\">Gesamtzustand:<\/strong> Gut\r\n<strong style=\"font-size: 16px;\" data-start=\"26\" data-end=\"37\">Canvas:<\/strong><span style=\"font-size: 16px;\"> Intakt, mit leichten Gebrauchsspuren. Vereinzelt sind Flecken auf dem Canvas vorhanden.\r\n<\/span><strong style=\"font-size: 16px;\" data-start=\"138\" data-end=\"149\">Henkel:<\/strong><span style=\"font-size: 16px;\"> Leichte Gebrauchsspuren, insbesondere an den Innenseiten sichtbar.\r\n<\/span><strong style=\"font-size: 16px;\" data-start=\"220\" data-end=\"230\">Ecken:<\/strong><span style=\"font-size: 16px;\"> Leichter Abrieb vorhanden.\r\n<\/span><strong style=\"font-size: 16px;\" data-start=\"261\" data-end=\"274\">Hardware:<\/strong><span style=\"font-size: 16px;\"> Leichte Gebrauchsspuren.\r\n<\/span><strong style=\"font-size: 16px;\" data-start=\"303\" data-end=\"317\">Innenraum:<\/strong><span style=\"font-size: 16px;\"> Sauber und gepflegt.<\/span><\/p>\r\n\r\n<\/div>\r\n<\/div>\r\n<\/div>\r\n<\/div>\r\n<\/div>\r\n<\/div>\r\n<\/article>\";}}"],"_deposit_type":[""],"_nutrient_ids":["a:0:{}"],"_nutrient_reference_value":["100g"],"_ingredients":[""],"_nutri_score":[""],"_alcohol_content":[""],"_drained_weight":[""],"_net_filling_quantity":[""],"_food_distributor":[""],"_food_description":[""],"_food_place_of_origin":[""],"_deposit_quantity":[""],"site-sidebar-layout":["default"],"site-content-layout":["default"],"theme-transparent-header-meta":["default"],"stick-header-meta":["default"],"_pys_conversion_label_settings":["a:3:{s:6:\"enable\";b:1;s:5:\"label\";s:0:\"\";s:2:\"id\";s:14:\"AW-11184563350\";}"],"_pys_super_pack_cpt_url":[""],"_pys_super_pack_cpt_condition":["only"],"_pys_super_pack_cpt_cart":["hidden"],"_woosea_brand":[""],"_woosea_mpn":[""],"_woosea_upc":[""],"_woosea_ean":[""],"_woosea_gtin":[""],"_woosea_color":[""],"_woosea_size":[""],"_woosea_gender":[""],"_woosea_material":[""],"_woosea_pattern":[""],"_woosea_optimized_title":[""],"_woosea_unit_pricing_measure":[""],"_woosea_unit_pricing_base_measure":[""],"_woosea_condition":["used"],"_woosea_age_group":["adult"],"_woosea_installment_months":[""],"_woosea_installment_amount":[""],"_woosea_exclude_product":["no"],"_woosea_cost_of_good_sold":[""],"_woosea_multipack":[""],"_woosea_is_bundle":[""],"_woosea_energy_efficiency_class":[""],"_woosea_min_energy_efficiency_class":[""],"_woosea_max_energy_efficiency_class":[""],"_woosea_is_promotion":[""],"_woosea_custom_field_0":[""],"_woosea_custom_field_1":[""],"_woosea_custom_field_2":[""],"_woosea_custom_field_3":[""],"_woosea_custom_field_4":[""],"_pys_head_footer":["a:7:{s:14:\"disable_global\";b:0;s:8:\"head_any\";s:0:\"\";s:12:\"head_desktop\";s:0:\"\";s:11:\"head_mobile\";s:0:\"\";s:10:\"footer_any\";s:0:\"\";s:14:\"footer_desktop\";s:0:\"\";s:13:\"footer_mobile\";s:0:\"\";}"],"_customs_description":[""],"_is_non_returnable":["no"],"ast-site-content-layout":["default"],"site-content-style":["default"],"site-sidebar-style":["default"],"litespeed_vpi_list_mobile":["a:2:{i:0;s:8:\"logo.png\";i:1;s:68:\"Louis-Vuitton-Montsouris-GM-Vorderseite-2023-0323-scaled-500x500.jpg\";}"],"litespeed_vpi_list":["a:4:{i:0;s:8:\"logo.png\";i:1;s:6:\"de.png\";i:2;s:68:\"Louis-Vuitton-Montsouris-GM-Vorderseite-2023-0323-scaled-500x500.jpg\";i:3;s:35:\"three-o-clock-clock-svgrepo-com.svg\";}"],"_wp_old_date":["2023-08-21","2024-02-10","2024-02-08","2024-04-23","2024-04-26","2024-05-02","2025-01-15","2025-01-22","2025-02-27","2026-03-11"],"_internal_date_code":["Z8963"],"_internal_product_origin":["Korea"],"_product_rating":["B"],"rank_math_contentai_score":["a:4:{s:9:\"wordCount\";s:4:\"4.42\";s:9:\"linkCount\";s:1:\"0\";s:12:\"headingCount\";s:1:\"0\";s:10:\"mediaCount\";s:1:\"0\";}"],"_custom_html_content":[""],"_wpml_post_translation_editor_native":["no"],"_wpml_media_has_media":["1"],"_customer_view":["6"],"_custom_view_last_updated":["2026-03-13 19:15:54"],"_shipping_length":[""],"_shipping_width":[""],"_shipping_height":[""],"_zettle_product_cat_id":[""],"_sale_price_dates_to_CHF":[""],"_sale_price_dates_from_CHF":[""],"_sale_price_CHF":[""],"_regular_price_CHF":[""],"_wcml_schedule_CHF":["0"],"_sale_price_dates_to_GBP":[""],"_sale_price_dates_from_GBP":[""],"_sale_price_GBP":[""],"_regular_price_GBP":[""],"_wcml_schedule_GBP":["0"],"_product_shipping_weight":["1kg"],"_manufacturer_slug":["mcm-global-ag"],"_safety_attachment_ids":["a:0:{}"],"_nickx_video_text_url":["a:1:{i:0;s:0:\"\";}"],"_nickx_product_video_type":["a:1:{i:0;s:23:\"nickx_video_url_youtube\";}"],"_nickx_product_video_thumb_ids":["a:1:{i:0;s:0:\"\";}"],"similar_product_key":["1736770455"],"_product_available_from_field":["2026-03-13T19:00"],"_safety_instructions":[""],"_product_reserve_till_field":[""],"_wireless_electronic_device":["no"],"_device_contains_power_supply":["no"],"_device_charging_supports_usb_pd":["no"],"_device_charging_watt_min":["0"],"_device_charging_watt_max":["0"],"rank_math_primary_product_brand":["0"],"_default_delivery_time":[""],"sib_push_meta_box_present":["1"],"sib_push_send_notification":["0"],"sib_push_target_segment_ids":["@ALL"],"_izettle_barcode":[""],"_izettle_nosync":[""],"_izettle_cost_price":[""],"_izettle_special_price":[""],"_izettle_product_name":[""],"_ame_cpe_post_policy":["{\"accessProtection\":{\"active\":\"replace\"}}"],"_izettle_image_lookup_key":["3kyncy1cEe-udXp3qLWasA-KENHt0d0EfCkdSBfmfDj1w"],"woocommerce_izettle_product_uuid":["284631ee-4774-11f0-be31-353536383939"],"woocommerce_izettle_variant_uuid":["23b059b6-475b-11f0-a9f3-353536383939"],"_izettle_updated":["1749801625"],"rank_math_auto_redirect":["a:2:{i:0;i:92;i:1;i:150;}"],"_ship_separately_via":[""],"rank_math_analytic_object_id":["2686"],"_sku":["P6-1172"],"_edit_lock":["1774443042:4"],"_gdrive_field":["https:\/\/drive.google.com\/drive\/u\/0\/folders\/1MmkqKybTF0VNT-qSgxfg8mQ3qVQ7sVnH"],"_edit_last":["4"],"sib_push_send_notification_delay_seconds":["0"],"_entrupy_echtheitszertifikat":["yes"],"_is_non_alcoholic":["no"],"_mid_code":[""],"_shipping_weight":[""],"_wp_old_slug":["mcm-beutel-tasche-1172"],"_wcml_average_rating":[null],"_wcml_review_count":[null],"_wcml_rating_count":[null],"_custom_thumbnail":["a:1:{i:0;s:2:\"no\";}"],"_video_schema":["a:1:{i:0;s:2:\"no\";}"],"_nickx_video_upload_date":["a:1:{i:0;s:0:\"\";}"],"_nickx_video_name":["a:1:{i:0;s:0:\"\";}"],"_nickx_video_description":["a:1:{i:0;s:0:\"\";}"],"astra-migrate-meta-layouts":["set"],"_uag_page_assets":["a:9:{s:3:\"css\";s:0:\"\";s:2:\"js\";s:0:\"\";s:18:\"current_block_list\";a:6:{i:0;s:26:\"woocommerce\/filter-wrapper\";i:1;s:24:\"woocommerce\/price-filter\";i:2;s:30:\"woocommerce\/product-categories\";i:3;s:14:\"core\/paragraph\";i:4;s:14:\"core\/shortcode\";i:5;s:11:\"core\/search\";}s:8:\"uag_flag\";b:0;s:11:\"uag_version\";s:10:\"1777508402\";s:6:\"gfonts\";a:0:{}s:10:\"gfonts_url\";s:0:\"\";s:12:\"gfonts_files\";a:0:{}s:14:\"uag_faq_layout\";b:0;}"],"_wc_rating_count":[""]},"uagb_featured_image_src":{"full":["https:\/\/ilovehandbags.com\/wp-content\/uploads\/sites\/3\/MCM-Beutel-Tasche-1172-03.jpg",2048,2048,false],"thumbnail":["https:\/\/ilovehandbags.com\/wp-content\/uploads\/sites\/3\/MCM-Beutel-Tasche-1172-03-150x150.jpg",150,150,true],"medium":["https:\/\/ilovehandbags.com\/wp-content\/uploads\/sites\/3\/MCM-Beutel-Tasche-1172-03-300x300.jpg",300,300,true],"medium_large":["https:\/\/ilovehandbags.com\/wp-content\/uploads\/sites\/3\/MCM-Beutel-Tasche-1172-03-768x768.jpg",768,768,true],"large":["https:\/\/ilovehandbags.com\/wp-content\/uploads\/sites\/3\/MCM-Beutel-Tasche-1172-03-1024x1024.jpg",1024,1024,true],"1536x1536":["https:\/\/ilovehandbags.com\/wp-content\/uploads\/sites\/3\/MCM-Beutel-Tasche-1172-03.jpg",1536,1536,false],"2048x2048":["https:\/\/ilovehandbags.com\/wp-content\/uploads\/sites\/3\/MCM-Beutel-Tasche-1172-03.jpg",2048,2048,false],"woocommerce_thumbnail":["https:\/\/ilovehandbags.com\/wp-content\/uploads\/sites\/3\/MCM-Beutel-Tasche-1172-03-500x500.jpg",500,500,true],"woocommerce_single":["https:\/\/ilovehandbags.com\/wp-content\/uploads\/sites\/3\/MCM-Beutel-Tasche-1172-03-500x500.jpg",500,500,true],"woocommerce_gallery_thumbnail":["https:\/\/ilovehandbags.com\/wp-content\/uploads\/sites\/3\/MCM-Beutel-Tasche-1172-03-100x100.jpg",100,100,true]},"uagb_author_info":{"display_name":"ILoveHandbags","author_link":"https:\/\/ilovehandbags.com\/de\/author\/"},"uagb_comment_info":0,"uagb_excerpt":"Entdecke mit diesem beigefarbenen Beutel-Shopper von MCM einen stilvollen Begleiter f\u00fcr deinen Alltag. Gefertigt aus dem hochwertigen Visetos-Canvas mit dem ikonischen MCM-Monogramm, vereint die Tasche zeitloses Design mit praktischer Alltagstauglichkeit. Die weiche, leicht flexible Form verleiht dem Shopper eine moderne und zugleich l\u00e4ssige Ausstrahlung. Zwei stabile Tragegriffe erm\u00f6glichen ein komfortables Tragen in der Hand oder&hellip;","_links":{"self":[{"href":"https:\/\/ilovehandbags.com\/de\/wp-json\/wp\/v2\/product\/77403","targetHints":{"allow":["GET"]}}],"collection":[{"href":"https:\/\/ilovehandbags.com\/de\/wp-json\/wp\/v2\/product"}],"about":[{"href":"https:\/\/ilovehandbags.com\/de\/wp-json\/wp\/v2\/types\/product"}],"wp:featuredmedia":[{"embeddable":true,"href":"https:\/\/ilovehandbags.com\/de\/wp-json\/wp\/v2\/media\/77422"}],"wp:attachment":[{"href":"https:\/\/ilovehandbags.com\/de\/wp-json\/wp\/v2\/media?parent=77403"}],"wp:term":[{"taxonomy":"product_brand","embeddable":true,"href":"https:\/\/ilovehandbags.com\/de\/wp-json\/wp\/v2\/product_brand?post=77403"},{"taxonomy":"product_cat","embeddable":true,"href":"https:\/\/ilovehandbags.com\/de\/wp-json\/wp\/v2\/product_cat?post=77403"},{"taxonomy":"product_tag","embeddable":true,"href":"https:\/\/ilovehandbags.com\/de\/wp-json\/wp\/v2\/product_tag?post=77403"}],"curies":[{"name":"wp","href":"https:\/\/api.w.org\/{rel}","templated":true}]}}