{"id":78811,"date":"2026-04-09T12:00:43","date_gmt":"2026-04-09T10:00:43","guid":{"rendered":"https:\/\/ilovehandbags.com\/?post_type=product&#038;p=78811"},"modified":"2026-04-08T10:29:09","modified_gmt":"2026-04-08T08:29:09","slug":"louis-vuitton-noe-petit-1215","status":"publish","type":"product","link":"https:\/\/ilovehandbags.com\/de\/louis-vuitton-noe-petit-1215\/","title":{"rendered":"Louis Vuitton Noe Petit Monogram Canvas"},"content":{"rendered":"","protected":false},"excerpt":{"rendered":"<p>Entdecke zeitlose Eleganz mit dem exquisiten Louis Vuitton Sac Noe Petit. Urspr\u00fcnglich in den 30er Jahren f\u00fcr anspruchsvolle Champagnerproduzenten entworfen, verbindet dieses ikonische Modell historischen Charme mit zeitgem\u00e4\u00dfer Raffinesse. Seine gro\u00dfz\u00fcgige Innenraumgestaltung macht die Tasche nicht nur perfekt f\u00fcr den t\u00e4glichen Gebrauch, sondern auch f\u00fcr besondere Anl\u00e4sse. Trage die Petit Noe m\u00fchelos in der Hand oder leger \u00fcber der Schulter \u2013 ihre Vielseitigkeit unterstreicht deine individuelle Stilsicherheit. Hergestellt aus erstklassigen Materialien und mit h\u00f6chster Pr\u00e4zision verarbeitet, verk\u00f6rpert der Sac Noe Petit puren Luxus. Jedes Detail strahlt Qualit\u00e4t aus, von den sorgf\u00e4ltig ausgew\u00e4hlten Stoffen bis zur meisterhaften Handwerkskunst. Diese einzigartige Handtasche wird zum stilvollen Statement und setzt dich in jeder Situation gekonnt in Szene.<\/p>\n","protected":false},"featured_media":78849,"template":"","meta":{"_uag_custom_page_level_css":"","site-sidebar-layout":"default","site-content-layout":"default","ast-site-content-layout":"default","site-content-style":"default","site-sidebar-style":"default","ast-global-header-display":"","ast-banner-title-visibility":"","ast-main-header-display":"","ast-hfb-above-header-display":"","ast-hfb-below-header-display":"","ast-hfb-mobile-header-display":"","site-post-title":"","ast-breadcrumbs-content":"","ast-featured-img":"","footer-sml-layout":"","ast-disable-related-posts":"","theme-transparent-header-meta":"default","adv-header-id-meta":"","stick-header-meta":"default","header-above-stick-meta":"","header-main-stick-meta":"","header-below-stick-meta":"","astra-migrate-meta-layouts":"set","ast-page-background-enabled":"default","ast-page-background-meta":{"desktop":{"background-color":"var(--ast-global-color-4)","background-image":"","background-repeat":"repeat","background-position":"center center","background-size":"auto","background-attachment":"scroll","background-type":"","background-media":"","overlay-type":"","overlay-color":"","overlay-opacity":"","overlay-gradient":""},"tablet":{"background-color":"","background-image":"","background-repeat":"repeat","background-position":"center center","background-size":"auto","background-attachment":"scroll","background-type":"","background-media":"","overlay-type":"","overlay-color":"","overlay-opacity":"","overlay-gradient":""},"mobile":{"background-color":"","background-image":"","background-repeat":"repeat","background-position":"center center","background-size":"auto","background-attachment":"scroll","background-type":"","background-media":"","overlay-type":"","overlay-color":"","overlay-opacity":"","overlay-gradient":""}},"ast-content-background-meta":{"desktop":{"background-color":"var(--ast-global-color-5)","background-image":"","background-repeat":"repeat","background-position":"center center","background-size":"auto","background-attachment":"scroll","background-type":"","background-media":"","overlay-type":"","overlay-color":"","overlay-opacity":"","overlay-gradient":""},"tablet":{"background-color":"var(--ast-global-color-5)","background-image":"","background-repeat":"repeat","background-position":"center center","background-size":"auto","background-attachment":"scroll","background-type":"","background-media":"","overlay-type":"","overlay-color":"","overlay-opacity":"","overlay-gradient":""},"mobile":{"background-color":"var(--ast-global-color-5)","background-image":"","background-repeat":"repeat","background-position":"center center","background-size":"auto","background-attachment":"scroll","background-type":"","background-media":"","overlay-type":"","overlay-color":"","overlay-opacity":"","overlay-gradient":""}},"_glsr_average":0,"_glsr_ranking":0,"_glsr_reviews":0},"product_brand":[1584],"product_cat":[208,239,516,205,204,451],"product_tag":[214,841,342,343],"class_list":{"0":"post-78811","1":"product","2":"type-product","3":"status-publish","4":"has-post-thumbnail","6":"product_brand-louis-vuitton","7":"product_cat-handtaschen","8":"product_cat-louis-vuitton","9":"product_cat-neu-im-shop","10":"product_cat-tragetaschen","11":"product_cat-umhaengetaschen","12":"product_cat-vintage","13":"product_tag-louis-vuitton","14":"product_tag-louis-vuitton-m42224","15":"product_tag-louis-vuitton-noe","16":"product_tag-louis-vuitton-noe-petit","17":"desktop-align-left","18":"tablet-align-left","19":"mobile-align-left","20":"ast-product-gallery-layout-first-image-large","21":"ast-magnify-disabled","22":"ast-product-tabs-layout-accordion","24":"first","25":"instock","26":"sold-individually","27":"purchasable","28":"product-type-simple"},"spectra_custom_meta":{"rank_math_internal_links_processed":["1","1"],"copied_media_ids":["a:0:{}","a:0:{}","a:0:{}","a:0:{}","a:0:{}"],"referenced_media_ids":["a:15:{i:0;i:78849;i:1;i:77316;i:2;i:78854;i:3;i:78846;i:4;i:78850;i:5;i:78852;i:6;i:78853;i:7;i:78855;i:8;i:78851;i:9;i:78856;i:10;i:78847;i:11;i:78844;i:12;i:78845;i:13;i:78857;i:14;i:78848;}","a:15:{i:0;i:78849;i:1;i:77316;i:2;i:78854;i:3;i:78846;i:4;i:78850;i:5;i:78852;i:6;i:78853;i:7;i:78855;i:8;i:78851;i:9;i:78856;i:10;i:78847;i:11;i:78844;i:12;i:78845;i:13;i:78857;i:14;i:78848;}","a:15:{i:0;i:78849;i:1;i:77316;i:2;i:78854;i:3;i:78846;i:4;i:78850;i:5;i:78852;i:6;i:78853;i:7;i:78855;i:8;i:78851;i:9;i:78856;i:10;i:78847;i:11;i:78844;i:12;i:78845;i:13;i:78857;i:14;i:78848;}","a:15:{i:0;i:78849;i:1;i:77316;i:2;i:78854;i:3;i:78846;i:4;i:78850;i:5;i:78852;i:6;i:78853;i:7;i:78855;i:8;i:78851;i:9;i:78856;i:10;i:78847;i:11;i:78844;i:12;i:78845;i:13;i:78857;i:14;i:78848;}","a:15:{i:0;i:78849;i:1;i:77316;i:2;i:78854;i:3;i:78846;i:4;i:78850;i:5;i:78852;i:6;i:78853;i:7;i:78855;i:8;i:78851;i:9;i:78856;i:10;i:78847;i:11;i:78844;i:12;i:78845;i:13;i:78857;i:14;i:78848;}"],"_regular_price":["690"],"total_sales":["0"],"_tax_status":["none"],"_tax_class":[""],"_manage_stock":["yes"],"_backorders":["no"],"_sold_individually":["yes"],"_upsell_ids":["a:1:{i:0;i:33838;}"],"_virtual":["no"],"_downloadable":["no"],"_product_image_gallery":["77316,78854,78846,78850,78852,78853,78855,78851,78856,78847,78844,78845,78857,78848"],"_download_limit":["-1"],"_download_expiry":["-1"],"_thumbnail_id":["78849"],"_stock":["1"],"_stock_status":["instock"],"_wc_average_rating":[0],"_wc_review_count":["0"],"_product_attributes":["a:3:{s:8:\"pa_brand\";a:7:{s:4:\"name\";s:8:\"pa_brand\";s:5:\"value\";s:0:\"\";s:8:\"position\";i:1;s:10:\"is_visible\";i:0;s:12:\"is_variation\";i:1;s:11:\"is_taxonomy\";i:1;s:16:\"checkout_visible\";i:0;}s:8:\"pa_color\";a:7:{s:4:\"name\";s:8:\"pa_color\";s:5:\"value\";s:0:\"\";s:8:\"position\";i:2;s:10:\"is_visible\";i:0;s:12:\"is_variation\";i:1;s:11:\"is_taxonomy\";i:1;s:16:\"checkout_visible\";i:0;}s:9:\"pa_gender\";a:7:{s:4:\"name\";s:9:\"pa_gender\";s:5:\"value\";s:0:\"\";s:8:\"position\";i:3;s:10:\"is_visible\";i:0;s:12:\"is_variation\";i:1;s:11:\"is_taxonomy\";i:1;s:16:\"checkout_visible\";i:0;}}"],"_product_version":["10.6.2"],"_price":["690"],"_wpml_media_featured":["1","1","1","1","1","1","1"],"_wpml_media_duplicate":["1","1","1","1","1","1","1"],"_wpml_word_count":["161"],"_wpml_location_migration_done":["1"],"_fusion":["a:3:{s:17:\"slider_visibility\";s:51:\"small-visibility,medium-visibility,large-visibility\";s:11:\"slider_type\";s:2:\"no\";s:9:\"wooslider\";s:1:\"0\";}"],"rank_math_seo_score":["81"],"rank_math_focus_keyword":["louis vuitton"],"_purchase_price_field":["440"],"_internal_warehouse_number_field":["P6-1215"],"_unit":[""],"_unit_base":[""],"_unit_product":[""],"_unit_price_auto":["no"],"_unit_price_regular":[""],"_unit_price":[""],"_unit_price_sale":[""],"_sale_price_label":[""],"_sale_price_regular_label":[""],"_mini_desc":["Louis Vuitton Noe Petit Monogram Canvas"],"_defect_description":[""],"_allergen_ids":["a:0:{}"],"_warranty_attachment_id":[""],"_min_age":[""],"_ts_gtin":[""],"_ts_mpn":[""],"_delivery_time_countries":["a:0:{}"],"_free_shipping":["no"],"_service":["no"],"_photovoltaic_system":["no"],"_used_good":["yes"],"_defective_copy":["no"],"_is_food":["no"],"_differential_taxation":["yes"],"_gzd_version":["4.0.1"],"_hs_code":[""],"_manufacture_country":[""],"_rank_math_gtin_code":[""],"_fusion_google_fonts":[""],"fusion_builder_status":["active"],"rank_math_primary_product_cat":["0"],"_wcml_custom_prices_status":["1"],"avada_post_views_count":["21"],"avada_today_post_views_count":["1"],"avada_post_views_count_today_date":["15-04-2023"],"_sale_price_dates_to_USD":[""],"_sale_price_dates_from_USD":[""],"_sale_price_USD":[""],"_regular_price_USD":[""],"_wcml_schedule_USD":["0"],"_deposit_type":[""],"_nutrient_ids":["a:0:{}"],"_nutrient_reference_value":["100g"],"_ingredients":[""],"_nutri_score":[""],"_alcohol_content":[""],"_drained_weight":[""],"_net_filling_quantity":[""],"_food_distributor":[""],"_food_description":[""],"_food_place_of_origin":[""],"_deposit_quantity":[""],"yikes_woo_products_tabs":["a:2:{i:0;a:3:{s:5:\"title\";s:21:\"Weitere Informationen\";s:2:\"id\";s:21:\"weitere-informationen\";s:7:\"content\";s:318:\"<strong>Material au\u00dfen: <\/strong>Monogram Canvas mit Rindsleder\r\n<strong>Material innen:<\/strong> Braunes Textilinnenfutter\r\n<strong>Ma\u00dfe: <\/strong>(H) 26 x (B) x 24\u00a0 x (T) 17 cm\r\n<strong>SKU: <\/strong>M42224\r\n<strong>Date Code: <\/strong>nicht mehr lesbar\r\n<strong>Lieferumfang:<\/strong> I Love Handbags Staubbeutel\";}i:1;a:3:{s:5:\"title\";s:7:\"Zustand\";s:2:\"id\";s:7:\"zustand\";s:7:\"content\";s:1192:\"<strong data-start=\"172\" data-end=\"190\">Gesamtzustand:<\/strong> Gut bis sehr guter gepflegter Vintage Zustand<br data-start=\"194\" data-end=\"197\" \/><strong data-start=\"197\" data-end=\"208\">Canvas:<\/strong> Intakt und in sch\u00f6nem Zustand mit nur leichten Gebrauchsspuren<br data-start=\"238\" data-end=\"241\" \/><strong data-start=\"241\" data-end=\"260\" data-is-only-node=\"\">Vachetta-Leder:<\/strong> Honigfarbene Patina mit leichten Gebrauchsspuren, darunter vereinzelte Flecken, Kratzer und leichte Abreibungen<br data-start=\"406\" data-end=\"409\" \/><strong data-start=\"409\" data-end=\"420\">Griff:<\/strong> Stabil und intakt, mit leichten Gebrauchsspuren<br data-start=\"489\" data-end=\"492\" \/><strong data-start=\"492\" data-end=\"507\">Einfassung:<\/strong> Insgesamt intakt, mit alterstypischen Abreibungen an einzelnen Stellen<br data-start=\"576\" data-end=\"579\" \/><strong data-start=\"579\" data-end=\"602\">Zugband (original):<\/strong> Vorhanden, in gutem Zustand<br data-start=\"630\" data-end=\"633\" \/><strong data-start=\"633\" data-end=\"646\">Hardware:<\/strong> Teilweise oxidiert<br data-start=\"691\" data-end=\"694\" \/><strong data-start=\"694\" data-end=\"708\">Innenraum:<\/strong> Leichte Gebrauchsspuren vorhanden\";}}"],"site-sidebar-layout":["default"],"site-content-layout":["default"],"theme-transparent-header-meta":["default"],"stick-header-meta":["default"],"_pys_conversion_label_settings":["a:3:{s:6:\"enable\";b:0;s:5:\"label\";s:0:\"\";s:2:\"id\";s:14:\"AW-11184563350\";}"],"_pys_super_pack_cpt_url":[""],"_pys_super_pack_cpt_condition":["only"],"_pys_super_pack_cpt_cart":["hidden"],"_woosea_brand":[""],"_woosea_mpn":[""],"_woosea_upc":[""],"_woosea_ean":[""],"_woosea_gtin":[""],"_woosea_color":[""],"_woosea_size":[""],"_woosea_gender":[""],"_woosea_material":[""],"_woosea_pattern":[""],"_woosea_optimized_title":[""],"_woosea_unit_pricing_measure":[""],"_woosea_unit_pricing_base_measure":[""],"_woosea_condition":[""],"_woosea_age_group":["adult"],"_woosea_installment_months":[""],"_woosea_installment_amount":[""],"_woosea_exclude_product":["no"],"_woosea_cost_of_good_sold":[""],"_woosea_multipack":[""],"_woosea_is_bundle":[""],"_woosea_energy_efficiency_class":[""],"_woosea_min_energy_efficiency_class":[""],"_woosea_max_energy_efficiency_class":[""],"_woosea_is_promotion":[""],"_woosea_custom_field_0":[""],"_woosea_custom_field_1":[""],"_woosea_custom_field_2":[""],"_woosea_custom_field_3":[""],"_woosea_custom_field_4":[""],"_pys_head_footer":["a:7:{s:14:\"disable_global\";b:0;s:8:\"head_any\";s:0:\"\";s:12:\"head_desktop\";s:0:\"\";s:11:\"head_mobile\";s:0:\"\";s:10:\"footer_any\";s:0:\"\";s:14:\"footer_desktop\";s:0:\"\";s:13:\"footer_mobile\";s:0:\"\";}"],"_customs_description":[""],"_is_non_returnable":["no"],"_wp_old_date":["2023-04-15","2023-07-13","2023-09-28","2023-10-08","2024-06-29","2024-06-28","2024-09-25","2025-11-05","2026-01-28","2026-03-04"],"litespeed_vpi_list_mobile":["a:2:{i:0;s:8:\"logo.png\";i:1;s:57:\"Louis-Vuitton-Noe-Petit-vorn-2023-0071-scaled-500x500.jpg\";}"],"litespeed_vpi_list":["a:3:{i:0;s:8:\"logo.png\";i:1;s:6:\"de.png\";i:2;s:57:\"Louis-Vuitton-Noe-Petit-vorn-2023-0071-scaled-500x500.jpg\";}"],"_internal_date_code":["nicht mehr lesbar"],"_internal_product_origin":["Frankreich"],"ast-site-content-layout":["default"],"site-content-style":["default"],"site-sidebar-style":["default"],"_sale_price_dates_to_CHF":[""],"_sale_price_dates_from_CHF":[""],"_sale_price_CHF":[""],"_regular_price_CHF":[""],"_wcml_schedule_CHF":["0"],"_sale_price_dates_to_GBP":[""],"_sale_price_dates_from_GBP":[""],"_sale_price_GBP":[""],"_regular_price_GBP":[""],"_wcml_schedule_GBP":["0"],"_product_rating":["between A and B"],"rank_math_robots":["a:1:{i:0;s:5:\"index\";}"],"rank_math_contentai_score":["a:4:{s:9:\"wordCount\";s:4:\"2.97\";s:9:\"linkCount\";s:1:\"0\";s:12:\"headingCount\";s:1:\"0\";s:10:\"mediaCount\";s:3:\"100\";}"],"_not_in_inventory_checkbox":[""],"_custom_html_content":[""],"_wpml_post_translation_editor_native":["no"],"_customer_view":["5"],"_custom_view_last_updated":["2026-04-09 15:21:23"],"_shipping_length":[""],"_shipping_width":[""],"_shipping_height":[""],"_zettle_product_cat_id":[""],"_wpml_media_has_media":["1"],"_product_shipping_weight":["1kg"],"_manufacturer_slug":["lvmh-moet-hennessy-louis-vuitton-se"],"_safety_attachment_ids":["a:0:{}"],"_nickx_video_text_url":["a:1:{i:0;s:0:\"\";}"],"_nickx_product_video_type":["a:1:{i:0;s:23:\"nickx_video_url_youtube\";}"],"_nickx_product_video_thumb_ids":["a:1:{i:0;s:0:\"\";}"],"_product_available_from_field":["2026-04-10T19:00"],"_safety_instructions":[""],"_product_reserve_till_field":[""],"_product_reserve_add_cart_link_key":["RlTErSbgLkefoVJcPBxjDzhAHpUitIwQYWFXCudqZNMvsaOGnmyK1734380216"],"similar_product_key":["1736942275"],"_wireless_electronic_device":["no"],"_device_contains_power_supply":["no"],"_device_charging_supports_usb_pd":["no"],"_device_charging_watt_min":["0"],"_device_charging_watt_max":["0"],"rank_math_primary_product_brand":["1584"],"rank_math_auto_redirect":["a:2:{i:0;i:77;i:1;i:132;}"],"sib_push_meta_box_present":["1"],"sib_push_send_notification":["0"],"sib_push_target_segment_ids":["@ALL"],"_ame_cpe_post_policy":["{\"accessProtection\":{\"active\":\"replace\"}}"],"_izettle_barcode":[""],"_izettle_nosync":[""],"_izettle_cost_price":[""],"_izettle_special_price":[""],"_izettle_product_name":[""],"_izettle_image_lookup_key":["3kyncy1cEe-udXp3qLWasA-TOyDoH2TEfC1RzLUSojxvA"],"woocommerce_izettle_product_uuid":["4cefaab6-7d93-11f0-9362-353536383939"],"woocommerce_izettle_variant_uuid":["4cefe4b8-7d93-11f0-b6a0-353536383939"],"_izettle_updated":["1755928808"],"last_permotional_email_sent_on":["29.09.2025 13:25"],"_ship_separately_via":[""],"sib_push_send_notification_delay_seconds":["0"],"_is_non_alcoholic":["no"],"_entrupy_echtheitszertifikat":["yes"],"_mid_code":[""],"_shipping_weight":[""],"rank_math_analytic_object_id":["2667"],"_sku":["P6-1215"],"_edit_lock":["1775636850:4"],"_edit_last":["4"],"_custom_thumbnail":["a:1:{i:0;s:2:\"no\";}"],"_video_schema":["a:1:{i:0;s:2:\"no\";}"],"_nickx_video_upload_date":["a:1:{i:0;s:0:\"\";}"],"_nickx_video_name":["a:1:{i:0;s:0:\"\";}"],"_nickx_video_description":["a:1:{i:0;s:0:\"\";}"],"_gdrive_field":["https:\/\/drive.google.com\/drive\/u\/1\/folders\/188qt4J6hYevOM9qG4D9ox5ePDYzIHyAW"],"_wcml_average_rating":[null],"_wcml_review_count":[null],"_wcml_rating_count":[null],"astra-migrate-meta-layouts":["set"],"_uag_page_assets":["a:9:{s:3:\"css\";s:0:\"\";s:2:\"js\";s:0:\"\";s:18:\"current_block_list\";a:6:{i:0;s:26:\"woocommerce\/filter-wrapper\";i:1;s:24:\"woocommerce\/price-filter\";i:2;s:30:\"woocommerce\/product-categories\";i:3;s:14:\"core\/paragraph\";i:4;s:14:\"core\/shortcode\";i:5;s:11:\"core\/search\";}s:8:\"uag_flag\";b:0;s:11:\"uag_version\";s:10:\"1775736768\";s:6:\"gfonts\";a:0:{}s:10:\"gfonts_url\";s:0:\"\";s:12:\"gfonts_files\";a:0:{}s:14:\"uag_faq_layout\";b:0;}"],"_wc_rating_count":[""]},"uagb_featured_image_src":{"full":["https:\/\/ilovehandbags.com\/wp-content\/uploads\/sites\/3\/Louis-Vuitton-Noe-Petit-Monogram-Canvas-1215-10.jpg",2048,1536,false],"thumbnail":["https:\/\/ilovehandbags.com\/wp-content\/uploads\/sites\/3\/Louis-Vuitton-Noe-Petit-Monogram-Canvas-1215-10-150x150.jpg",150,150,true],"medium":["https:\/\/ilovehandbags.com\/wp-content\/uploads\/sites\/3\/Louis-Vuitton-Noe-Petit-Monogram-Canvas-1215-10-300x300.jpg",300,300,true],"medium_large":["https:\/\/ilovehandbags.com\/wp-content\/uploads\/sites\/3\/Louis-Vuitton-Noe-Petit-Monogram-Canvas-1215-10-768x768.jpg",768,768,true],"large":["https:\/\/ilovehandbags.com\/wp-content\/uploads\/sites\/3\/Louis-Vuitton-Noe-Petit-Monogram-Canvas-1215-10-1024x1024.jpg",1024,1024,true],"1536x1536":["https:\/\/ilovehandbags.com\/wp-content\/uploads\/sites\/3\/Louis-Vuitton-Noe-Petit-Monogram-Canvas-1215-10.jpg",1536,1152,false],"2048x2048":["https:\/\/ilovehandbags.com\/wp-content\/uploads\/sites\/3\/Louis-Vuitton-Noe-Petit-Monogram-Canvas-1215-10.jpg",2048,1536,false],"woocommerce_thumbnail":["https:\/\/ilovehandbags.com\/wp-content\/uploads\/sites\/3\/Louis-Vuitton-Noe-Petit-Monogram-Canvas-1215-10-500x500.jpg",500,500,true],"woocommerce_single":["https:\/\/ilovehandbags.com\/wp-content\/uploads\/sites\/3\/Louis-Vuitton-Noe-Petit-Monogram-Canvas-1215-10-500x500.jpg",500,500,true],"woocommerce_gallery_thumbnail":["https:\/\/ilovehandbags.com\/wp-content\/uploads\/sites\/3\/Louis-Vuitton-Noe-Petit-Monogram-Canvas-1215-10-100x100.jpg",100,100,true]},"uagb_author_info":{"display_name":"ILoveHandbags","author_link":"https:\/\/ilovehandbags.com\/de\/author\/"},"uagb_comment_info":0,"uagb_excerpt":"Entdecke zeitlose Eleganz mit dem exquisiten Louis Vuitton Sac Noe Petit. Urspr\u00fcnglich in den 30er Jahren f\u00fcr anspruchsvolle Champagnerproduzenten entworfen, verbindet dieses ikonische Modell historischen Charme mit zeitgem\u00e4\u00dfer Raffinesse. Seine gro\u00dfz\u00fcgige Innenraumgestaltung macht die Tasche nicht nur perfekt f\u00fcr den t\u00e4glichen Gebrauch, sondern auch f\u00fcr besondere Anl\u00e4sse. Trage die Petit Noe m\u00fchelos in der Hand&hellip;","_links":{"self":[{"href":"https:\/\/ilovehandbags.com\/de\/wp-json\/wp\/v2\/product\/78811","targetHints":{"allow":["GET"]}}],"collection":[{"href":"https:\/\/ilovehandbags.com\/de\/wp-json\/wp\/v2\/product"}],"about":[{"href":"https:\/\/ilovehandbags.com\/de\/wp-json\/wp\/v2\/types\/product"}],"wp:featuredmedia":[{"embeddable":true,"href":"https:\/\/ilovehandbags.com\/de\/wp-json\/wp\/v2\/media\/78849"}],"wp:attachment":[{"href":"https:\/\/ilovehandbags.com\/de\/wp-json\/wp\/v2\/media?parent=78811"}],"wp:term":[{"taxonomy":"product_brand","embeddable":true,"href":"https:\/\/ilovehandbags.com\/de\/wp-json\/wp\/v2\/product_brand?post=78811"},{"taxonomy":"product_cat","embeddable":true,"href":"https:\/\/ilovehandbags.com\/de\/wp-json\/wp\/v2\/product_cat?post=78811"},{"taxonomy":"product_tag","embeddable":true,"href":"https:\/\/ilovehandbags.com\/de\/wp-json\/wp\/v2\/product_tag?post=78811"}],"curies":[{"name":"wp","href":"https:\/\/api.w.org\/{rel}","templated":true}]}}