{"id":78813,"date":"2026-04-09T12:00:36","date_gmt":"2026-04-09T10:00:36","guid":{"rendered":"https:\/\/ilovehandbags.com\/?post_type=product&#038;p=78813"},"modified":"2026-04-08T09:53:23","modified_gmt":"2026-04-08T07:53:23","slug":"louis-vuitton-bumbag-1216","status":"publish","type":"product","link":"https:\/\/ilovehandbags.com\/de\/louis-vuitton-bumbag-1216\/","title":{"rendered":"Louis Vuitton Bumbag Monogram Canvas"},"content":{"rendered":"","protected":false},"excerpt":{"rendered":"<p data-start=\"252\" data-end=\"593\">Die Louis Vuitton Bumbag im klassischen Monogram Canvas ist eines der gefragtesten Modelle der letzten Jahre und vereint luxuri\u00f6ses Design mit maximaler Alltagstauglichkeit. Sie steht exemplarisch f\u00fcr den modernen Zeitgeist von Louis Vuitton und interpretiert die klassische G\u00fcrteltasche auf stilvolle und zugleich funktionale Weise neu. Das ikonische Monogram Canvas in Kombination mit den nat\u00fcrlichen Vachetta-Lederdetails verleiht der Tasche ihre unverwechselbare, zeitlose Ausstrahlung. Goldfarbene Hardware und die hochwertige Verarbeitung unterstreichen den luxuri\u00f6sen Charakter und machen die Bumbag zu einem echten Statement-Piece. Besonders vielseitig zeigt sich die Tasche in ihren Tragem\u00f6glichkeiten: Ob l\u00e4ssig um die Taille, modern crossbody oder entspannt \u00fcber der Schulter \u2013 die Louis Vuitton Bumbag passt sich deinem Stil perfekt an und verleiht jedem Outfit eine sportlich-elegante Note. Das durchdachte Design \u00fcberzeugt zudem mit praktischen Details: Ein gro\u00dfz\u00fcgiges Hauptfach bietet ausreichend Platz f\u00fcr deine Essentials, w\u00e4hrend das Rei\u00dfverschlussfach auf der R\u00fcckseite zus\u00e4tzlichen Stauraum f\u00fcr wichtige Kleinigkeiten schafft, die du schnell griffbereit haben m\u00f6chtest. Durch ihre hohe Nachfrage und die teilweise eingeschr\u00e4nkte Verf\u00fcgbarkeit z\u00e4hlt die Louis Vuitton Bumbag zu den begehrten It-Bags im Pre-Loved-Markt und ist sowohl bei Fashion-Liebhaberinnen als auch bei Sammlerinnen \u00e4u\u00dferst gefragt.<\/p>\n","protected":false},"featured_media":78880,"template":"","meta":{"_uag_custom_page_level_css":"","site-sidebar-layout":"default","site-content-layout":"default","ast-site-content-layout":"default","site-content-style":"default","site-sidebar-style":"default","ast-global-header-display":"","ast-banner-title-visibility":"","ast-main-header-display":"","ast-hfb-above-header-display":"","ast-hfb-below-header-display":"","ast-hfb-mobile-header-display":"","site-post-title":"","ast-breadcrumbs-content":"","ast-featured-img":"","footer-sml-layout":"","ast-disable-related-posts":"","theme-transparent-header-meta":"default","adv-header-id-meta":"","stick-header-meta":"default","header-above-stick-meta":"","header-main-stick-meta":"","header-below-stick-meta":"","astra-migrate-meta-layouts":"set","ast-page-background-enabled":"default","ast-page-background-meta":{"desktop":{"background-color":"var(--ast-global-color-4)","background-image":"","background-repeat":"repeat","background-position":"center center","background-size":"auto","background-attachment":"scroll","background-type":"","background-media":"","overlay-type":"","overlay-color":"","overlay-opacity":"","overlay-gradient":""},"tablet":{"background-color":"","background-image":"","background-repeat":"repeat","background-position":"center center","background-size":"auto","background-attachment":"scroll","background-type":"","background-media":"","overlay-type":"","overlay-color":"","overlay-opacity":"","overlay-gradient":""},"mobile":{"background-color":"","background-image":"","background-repeat":"repeat","background-position":"center center","background-size":"auto","background-attachment":"scroll","background-type":"","background-media":"","overlay-type":"","overlay-color":"","overlay-opacity":"","overlay-gradient":""}},"ast-content-background-meta":{"desktop":{"background-color":"var(--ast-global-color-5)","background-image":"","background-repeat":"repeat","background-position":"center center","background-size":"auto","background-attachment":"scroll","background-type":"","background-media":"","overlay-type":"","overlay-color":"","overlay-opacity":"","overlay-gradient":""},"tablet":{"background-color":"var(--ast-global-color-5)","background-image":"","background-repeat":"repeat","background-position":"center center","background-size":"auto","background-attachment":"scroll","background-type":"","background-media":"","overlay-type":"","overlay-color":"","overlay-opacity":"","overlay-gradient":""},"mobile":{"background-color":"var(--ast-global-color-5)","background-image":"","background-repeat":"repeat","background-position":"center center","background-size":"auto","background-attachment":"scroll","background-type":"","background-media":"","overlay-type":"","overlay-color":"","overlay-opacity":"","overlay-gradient":""}},"_glsr_average":0,"_glsr_ranking":0,"_glsr_reviews":0},"product_brand":[1584],"product_cat":[208,448,239,516,204],"product_tag":[214,1962],"class_list":{"0":"post-78813","1":"product","2":"type-product","3":"status-publish","4":"has-post-thumbnail","6":"product_brand-louis-vuitton","7":"product_cat-handtaschen","8":"product_cat-limited-editions","9":"product_cat-louis-vuitton","10":"product_cat-neu-im-shop","11":"product_cat-umhaengetaschen","12":"product_tag-louis-vuitton","13":"product_tag-louis-vuitton-bumbag","14":"desktop-align-left","15":"tablet-align-left","16":"mobile-align-left","17":"ast-product-gallery-layout-first-image-large","18":"ast-magnify-disabled","19":"ast-product-tabs-layout-accordion","21":"first","22":"instock","23":"taxable","24":"shipping-taxable","25":"purchasable","26":"product-type-simple"},"spectra_custom_meta":{"rank_math_internal_links_processed":["1"],"copied_media_ids":["a:0:{}","a:0:{}","a:0:{}","a:0:{}"],"referenced_media_ids":["a:14:{i:0;i:78880;i:1;i:78947;i:2;i:78884;i:3;i:78874;i:4;i:78881;i:5;i:78873;i:6;i:78875;i:7;i:78879;i:8;i:78878;i:9;i:78877;i:10;i:78883;i:11;i:78885;i:12;i:78876;i:13;i:78882;}","a:14:{i:0;i:78880;i:1;i:78947;i:2;i:78884;i:3;i:78874;i:4;i:78881;i:5;i:78873;i:6;i:78875;i:7;i:78879;i:8;i:78878;i:9;i:78877;i:10;i:78883;i:11;i:78885;i:12;i:78876;i:13;i:78882;}","a:14:{i:0;i:78880;i:1;i:78947;i:2;i:78884;i:3;i:78874;i:4;i:78881;i:5;i:78873;i:6;i:78875;i:7;i:78879;i:8;i:78878;i:9;i:78877;i:10;i:78883;i:11;i:78885;i:12;i:78876;i:13;i:78882;}","a:14:{i:0;i:78880;i:1;i:78947;i:2;i:78884;i:3;i:78874;i:4;i:78881;i:5;i:78873;i:6;i:78875;i:7;i:78879;i:8;i:78878;i:9;i:78877;i:10;i:78883;i:11;i:78885;i:12;i:78876;i:13;i:78882;}"],"_regular_price":["1990"],"total_sales":["0"],"_tax_status":["taxable"],"_tax_class":[""],"_manage_stock":["yes"],"_backorders":["no"],"_sold_individually":["no"],"_virtual":["no"],"_downloadable":["no"],"_product_image_gallery":["78947,78884,78874,78881,78873,78875,78879,78878,78877,78883,78885,78876,78882"],"_download_limit":["-1"],"_download_expiry":["-1"],"_thumbnail_id":["78880"],"_stock":["1"],"_stock_status":["instock"],"_wc_average_rating":[0],"_wc_review_count":["0"],"_product_attributes":["a:3:{s:8:\"pa_brand\";a:7:{s:4:\"name\";s:8:\"pa_brand\";s:5:\"value\";s:0:\"\";s:8:\"position\";i:0;s:10:\"is_visible\";i:0;s:12:\"is_variation\";i:0;s:11:\"is_taxonomy\";i:1;s:16:\"checkout_visible\";i:0;}s:9:\"pa_gender\";a:7:{s:4:\"name\";s:9:\"pa_gender\";s:5:\"value\";s:0:\"\";s:8:\"position\";i:1;s:10:\"is_visible\";i:0;s:12:\"is_variation\";i:0;s:11:\"is_taxonomy\";i:1;s:16:\"checkout_visible\";i:0;}s:8:\"pa_color\";a:7:{s:4:\"name\";s:8:\"pa_color\";s:5:\"value\";s:0:\"\";s:8:\"position\";i:2;s:10:\"is_visible\";i:0;s:12:\"is_variation\";i:0;s:11:\"is_taxonomy\";i:1;s:16:\"checkout_visible\";i:0;}}"],"_product_version":["10.6.2"],"_price":["1990"],"_wpml_media_featured":["1","1","1","1","1","1","1","1"],"_wpml_media_duplicate":["1","1","1","1","1","1","1","1"],"_wpml_word_count":["259"],"_wpml_location_migration_done":["1"],"_fusion":["a:3:{s:17:\"slider_visibility\";s:51:\"small-visibility,medium-visibility,large-visibility\";s:11:\"slider_type\";s:2:\"no\";s:9:\"wooslider\";s:1:\"0\";}"],"rank_math_seo_score":["83"],"rank_math_focus_keyword":["louis vuitton"],"_purchase_price_field":["1277,01"],"_internal_warehouse_number_field":["P6-1216"],"_unit":[""],"_unit_base":[""],"_unit_product":[""],"_unit_price_auto":["no"],"_unit_price_regular":[""],"_unit_price":[""],"_unit_price_sale":[""],"_sale_price_label":[""],"_sale_price_regular_label":[""],"_mini_desc":["Louis Vuitton Bumbag Monogram Canva"],"_defect_description":[""],"_allergen_ids":["a:0:{}"],"_warranty_attachment_id":[""],"_min_age":[""],"_ts_gtin":[""],"_ts_mpn":[""],"_delivery_time_countries":["a:0:{}"],"_free_shipping":["no"],"_service":["no"],"_photovoltaic_system":["no"],"_used_good":["yes"],"_defective_copy":["no"],"_is_food":["no"],"_differential_taxation":["no"],"_gzd_version":["4.0.1"],"_hs_code":[""],"_manufacture_country":[""],"_rank_math_gtin_code":[""],"_fusion_google_fonts":[""],"fusion_builder_status":["active"],"rank_math_primary_product_cat":["0"],"_wcml_custom_prices_status":["0"],"avada_post_views_count":["15"],"avada_today_post_views_count":["2"],"avada_post_views_count_today_date":["10-04-2023"],"yikes_woo_products_tabs":["a:2:{i:0;a:3:{s:5:\"title\";s:21:\"Weitere Informationen\";s:2:\"id\";s:21:\"weitere-informationen\";s:7:\"content\";s:356:\"<strong>Material au\u00dfen: <\/strong>Beschichtetes Monogram Canvas mit goldfarbener Hardware\r\n<strong>Material innen: <\/strong>Schwarzes Textilinnenfutter\r\n<strong>Ma\u00dfe:<\/strong> (B) 37 x (H) 14 x (T) 13 cm\r\n<strong>Date Code \/ Herstellungsjahr: <\/strong>MI3109 \/ 2019\r\n<strong>SKU: <\/strong>M43644\r\n<strong>Lieferumfang: <\/strong>I Love Handbags Staubbeutel\";}i:1;a:3:{s:5:\"title\";s:7:\"Zustand\";s:2:\"id\";s:7:\"zustand\";s:7:\"content\";s:1027:\"<p data-start=\"0\" data-end=\"72\"><strong data-start=\"0\" data-end=\"18\">Gesamtzustand:<\/strong> Sehr gepflegter Zustand im Bereich gut bis sehr gut\r\n<strong style=\"font-size: 16px;\" data-start=\"74\" data-end=\"85\">Canvas:<\/strong><span style=\"font-size: 16px;\"> Intakt mit leichten Gebrauchsspuren; modelltypisch vereinzelte feine Knickrisse vorhanden\r\n<\/span><strong style=\"font-size: 16px;\" data-start=\"179\" data-end=\"198\">Vachetta-Leder:<\/strong><span style=\"font-size: 16px;\"> Gleichm\u00e4\u00dfige, honigfarbene Patina mit leichten Gebrauchsspuren\r\n<\/span><strong style=\"font-size: 16px;\" data-start=\"265\" data-end=\"297\">Rei\u00dfverschluss &amp; Verschluss:<\/strong><span style=\"font-size: 16px;\"> Einwandfrei funktionsf\u00e4hig\r\n<\/span><strong style=\"font-size: 16px;\" data-start=\"328\" data-end=\"341\">Hardware:<\/strong><span style=\"font-size: 16px;\"> Leichte, \u00fcbliche Gebrauchsspuren\r\n<\/span><strong style=\"font-size: 16px;\" data-start=\"378\" data-end=\"392\">Innenraum:<\/strong><span style=\"font-size: 16px;\"> Sauber und gepflegt<\/span><\/p>\";}}"],"_deposit_type":[""],"_nutrient_ids":["a:0:{}"],"_nutrient_reference_value":["100g"],"_ingredients":[""],"_nutri_score":[""],"_alcohol_content":[""],"_drained_weight":[""],"_net_filling_quantity":[""],"_food_distributor":[""],"_food_description":[""],"_food_place_of_origin":[""],"_deposit_quantity":[""],"site-sidebar-layout":["default"],"site-content-layout":["default"],"theme-transparent-header-meta":["default"],"stick-header-meta":["default"],"_wp_old_date":["2023-04-09","2023-07-21","2023-11-10","2023-11-28","2023-12-05","2024-03-07"],"_pys_conversion_label_settings":["a:3:{s:6:\"enable\";b:0;s:5:\"label\";s:0:\"\";s:2:\"id\";s:14:\"AW-11184563350\";}"],"_pys_super_pack_cpt_url":[""],"_pys_super_pack_cpt_condition":["only"],"_pys_super_pack_cpt_cart":["hidden"],"_woosea_brand":[""],"_woosea_mpn":[""],"_woosea_upc":[""],"_woosea_ean":[""],"_woosea_gtin":[""],"_woosea_color":[""],"_woosea_size":[""],"_woosea_gender":[""],"_woosea_material":[""],"_woosea_pattern":[""],"_woosea_optimized_title":[""],"_woosea_unit_pricing_measure":[""],"_woosea_unit_pricing_base_measure":[""],"_woosea_condition":[""],"_woosea_age_group":["adult"],"_woosea_installment_months":[""],"_woosea_installment_amount":[""],"_woosea_exclude_product":["no"],"_woosea_cost_of_good_sold":[""],"_woosea_multipack":[""],"_woosea_is_bundle":[""],"_woosea_energy_efficiency_class":[""],"_woosea_min_energy_efficiency_class":[""],"_woosea_max_energy_efficiency_class":[""],"_woosea_is_promotion":[""],"_woosea_custom_field_0":[""],"_woosea_custom_field_1":[""],"_woosea_custom_field_2":[""],"_woosea_custom_field_3":[""],"_woosea_custom_field_4":[""],"_pys_head_footer":["a:7:{s:14:\"disable_global\";b:0;s:8:\"head_any\";s:0:\"\";s:12:\"head_desktop\";s:0:\"\";s:11:\"head_mobile\";s:0:\"\";s:10:\"footer_any\";s:0:\"\";s:14:\"footer_desktop\";s:0:\"\";s:13:\"footer_mobile\";s:0:\"\";}"],"_customs_description":[""],"_is_non_returnable":["no"],"_wpml_media_has_media":["1"],"litespeed_vpi_list_mobile":["a:2:{i:0;s:8:\"logo.png\";i:1;s:76:\"Louis-Vuitton-Metis-Monogram-Canvas-Vorderseite-2023-0306-scaled-500x500.jpg\";}"],"litespeed_vpi_list":["a:3:{i:0;s:8:\"logo.png\";i:1;s:6:\"de.png\";i:2;s:76:\"Louis-Vuitton-Metis-Monogram-Canvas-Vorderseite-2023-0306-scaled-500x500.jpg\";}"],"_internal_date_code":["MI3109"],"_internal_product_origin":["Frankreich"],"ast-site-content-layout":["default"],"site-content-style":["default"],"site-sidebar-style":["default"],"_product_rating":["between A and B"],"_custom_html_content":[""],"rank_math_robots":["a:1:{i:0;s:5:\"index\";}"],"_not_in_inventory_checkbox":[""],"_customer_view":["15"],"_custom_view_last_updated":["2026-04-09 15:36:53"],"_shipping_length":[""],"_shipping_width":[""],"_shipping_height":[""],"_izettle_image_lookup_key":["3kyncy1cEe-udXp3qLWasA-TxqfN5wuEe-vP6hX7-0CBA"],"woocommerce_izettle_product_uuid":["701d0476-63d0-11ef-95f1-353536383939"],"woocommerce_izettle_variant_uuid":["acf83ff8-2d6d-11ef-97ea-353536383939"],"_izettle_updated":["1734852638"],"_izettle_barcode":["0290000359424"],"_izettle_product_etag":["1AB7D4AC2BFAE520891E4825260CC038"],"_product_shipping_weight":["1kg"],"_product_available_from_field":["2026-04-10T19:00"],"_manufacturer_slug":["lvmh-moet-hennessy-louis-vuitton-se"],"_safety_instructions":[""],"_safety_attachment_ids":["a:0:{}"],"_izettle_nosync":[""],"_izettle_cost_price":[""],"_izettle_special_price":[""],"_izettle_product_name":[""],"_zettle_product_cat_id":[""],"_nickx_video_text_url":["a:1:{i:0;s:0:\"\";}"],"_nickx_product_video_type":["a:1:{i:0;s:23:\"nickx_video_url_youtube\";}"],"_nickx_product_video_thumb_ids":["a:1:{i:0;s:0:\"\";}"],"_product_reserve_till_field":[""],"_wireless_electronic_device":["no"],"_device_contains_power_supply":["no"],"_device_charging_supports_usb_pd":["no"],"_device_charging_watt_min":["0"],"_device_charging_watt_max":["0"],"rank_math_primary_product_brand":["1584"],"similar_product_key":["1762369096"],"sib_push_meta_box_present":["1"],"sib_push_send_notification":["0"],"sib_push_send_notification_delay_seconds":["0"],"sib_push_target_segment_ids":["@ALL"],"_is_non_alcoholic":["no"],"_ship_separately_via":[""],"_ame_cpe_post_policy":["{\"accessProtection\":{\"active\":\"replace\"}}"],"rank_math_auto_redirect":["a:1:{i:0;i:128;}"],"_mid_code":[""],"_shipping_weight":[""],"_entrupy_echtheitszertifikat":["yes"],"rank_math_analytic_object_id":["253"],"_sku":["P6-1216"],"_edit_lock":["1775634873:4"],"_edit_last":["4"],"_custom_thumbnail":["a:1:{i:0;s:2:\"no\";}"],"_video_schema":["a:1:{i:0;s:2:\"no\";}"],"_nickx_video_upload_date":["a:1:{i:0;s:0:\"\";}"],"_nickx_video_name":["a:1:{i:0;s:0:\"\";}"],"_nickx_video_description":["a:1:{i:0;s:0:\"\";}"],"_gdrive_field":["https:\/\/drive.google.com\/drive\/u\/1\/folders\/19II1GVziygj-5PmxXQ6iD_kuh4_FCQZA"],"_wcml_average_rating":[null],"_wcml_review_count":[null],"_wcml_rating_count":[null],"astra-migrate-meta-layouts":["set"],"_uag_page_assets":["a:9:{s:3:\"css\";s:0:\"\";s:2:\"js\";s:0:\"\";s:18:\"current_block_list\";a:6:{i:0;s:26:\"woocommerce\/filter-wrapper\";i:1;s:24:\"woocommerce\/price-filter\";i:2;s:30:\"woocommerce\/product-categories\";i:3;s:14:\"core\/paragraph\";i:4;s:14:\"core\/shortcode\";i:5;s:11:\"core\/search\";}s:8:\"uag_flag\";b:0;s:11:\"uag_version\";s:10:\"1775736768\";s:6:\"gfonts\";a:0:{}s:10:\"gfonts_url\";s:0:\"\";s:12:\"gfonts_files\";a:0:{}s:14:\"uag_faq_layout\";b:0;}"],"_wc_rating_count":[""]},"uagb_featured_image_src":{"full":["https:\/\/ilovehandbags.com\/wp-content\/uploads\/sites\/3\/Louis-Vuitton-Bumbag-Monogram-Canvas-1216-07.jpg",2048,1536,false],"thumbnail":["https:\/\/ilovehandbags.com\/wp-content\/uploads\/sites\/3\/Louis-Vuitton-Bumbag-Monogram-Canvas-1216-07-150x150.jpg",150,150,true],"medium":["https:\/\/ilovehandbags.com\/wp-content\/uploads\/sites\/3\/Louis-Vuitton-Bumbag-Monogram-Canvas-1216-07-300x300.jpg",300,300,true],"medium_large":["https:\/\/ilovehandbags.com\/wp-content\/uploads\/sites\/3\/Louis-Vuitton-Bumbag-Monogram-Canvas-1216-07-768x768.jpg",768,768,true],"large":["https:\/\/ilovehandbags.com\/wp-content\/uploads\/sites\/3\/Louis-Vuitton-Bumbag-Monogram-Canvas-1216-07-1024x1024.jpg",1024,1024,true],"1536x1536":["https:\/\/ilovehandbags.com\/wp-content\/uploads\/sites\/3\/Louis-Vuitton-Bumbag-Monogram-Canvas-1216-07.jpg",1536,1152,false],"2048x2048":["https:\/\/ilovehandbags.com\/wp-content\/uploads\/sites\/3\/Louis-Vuitton-Bumbag-Monogram-Canvas-1216-07.jpg",2048,1536,false],"woocommerce_thumbnail":["https:\/\/ilovehandbags.com\/wp-content\/uploads\/sites\/3\/Louis-Vuitton-Bumbag-Monogram-Canvas-1216-07-500x500.jpg",500,500,true],"woocommerce_single":["https:\/\/ilovehandbags.com\/wp-content\/uploads\/sites\/3\/Louis-Vuitton-Bumbag-Monogram-Canvas-1216-07-500x500.jpg",500,500,true],"woocommerce_gallery_thumbnail":["https:\/\/ilovehandbags.com\/wp-content\/uploads\/sites\/3\/Louis-Vuitton-Bumbag-Monogram-Canvas-1216-07-100x100.jpg",100,100,true]},"uagb_author_info":{"display_name":"ILoveHandbags","author_link":"https:\/\/ilovehandbags.com\/de\/author\/"},"uagb_comment_info":0,"uagb_excerpt":"Die Louis Vuitton Bumbag im klassischen Monogram Canvas ist eines der gefragtesten Modelle der letzten Jahre und vereint luxuri\u00f6ses Design mit maximaler Alltagstauglichkeit. Sie steht exemplarisch f\u00fcr den modernen Zeitgeist von Louis Vuitton und interpretiert die klassische G\u00fcrteltasche auf stilvolle und zugleich funktionale Weise neu. Das ikonische Monogram Canvas in Kombination mit den nat\u00fcrlichen Vachetta-Lederdetails&hellip;","_links":{"self":[{"href":"https:\/\/ilovehandbags.com\/de\/wp-json\/wp\/v2\/product\/78813","targetHints":{"allow":["GET"]}}],"collection":[{"href":"https:\/\/ilovehandbags.com\/de\/wp-json\/wp\/v2\/product"}],"about":[{"href":"https:\/\/ilovehandbags.com\/de\/wp-json\/wp\/v2\/types\/product"}],"wp:featuredmedia":[{"embeddable":true,"href":"https:\/\/ilovehandbags.com\/de\/wp-json\/wp\/v2\/media\/78880"}],"wp:attachment":[{"href":"https:\/\/ilovehandbags.com\/de\/wp-json\/wp\/v2\/media?parent=78813"}],"wp:term":[{"taxonomy":"product_brand","embeddable":true,"href":"https:\/\/ilovehandbags.com\/de\/wp-json\/wp\/v2\/product_brand?post=78813"},{"taxonomy":"product_cat","embeddable":true,"href":"https:\/\/ilovehandbags.com\/de\/wp-json\/wp\/v2\/product_cat?post=78813"},{"taxonomy":"product_tag","embeddable":true,"href":"https:\/\/ilovehandbags.com\/de\/wp-json\/wp\/v2\/product_tag?post=78813"}],"curies":[{"name":"wp","href":"https:\/\/api.w.org\/{rel}","templated":true}]}}