{"id":78975,"date":"2026-04-09T12:00:04","date_gmt":"2026-04-09T10:00:04","guid":{"rendered":"https:\/\/ilovehandbags.com\/?post_type=product&#038;p=78975"},"modified":"2026-04-08T10:54:33","modified_gmt":"2026-04-08T08:54:33","slug":"mcm-aren-geldboerse-1219","status":"publish","type":"product","link":"https:\/\/ilovehandbags.com\/de\/mcm-aren-geldboerse-1219\/","title":{"rendered":"MCM Aren Geldb\u00f6rse"},"content":{"rendered":"","protected":false},"excerpt":{"rendered":"<div class=\"flex-shrink-0 flex flex-col relative items-end\">\n<div class=\"pt-0\">\n<div class=\"gizmo-bot-avatar flex h-8 w-8 items-center justify-center overflow-hidden rounded-full\">\n<div class=\"relative p-1 rounded-sm flex items-center justify-center bg-token-main-surface-primary text-token-text-primary h-8 w-8\">\n<div class=\"flex-shrink-0 flex flex-col relative items-end\">\n<div class=\"pt-0\">\n<div class=\"gizmo-bot-avatar flex h-8 w-8 items-center justify-center overflow-hidden rounded-full\">\n<div class=\"relative p-1 rounded-sm flex items-center justify-center bg-token-main-surface-primary text-token-text-primary h-8 w-8\">\n<p data-start=\"0\" data-end=\"289\">Die MCM Aren Geldb\u00f6rse aus ikonischem Visetos-Canvas vereint zeitlose Eleganz mit durchdachter Funktionalit\u00e4t. In der klassischen Farbgebung Cognac pr\u00e4sentiert sich das charakteristische Monogramm besonders stilvoll und macht das Portemonnaie zu einem echten Signature-Piece der Marke. Feine Details aus nat\u00fcrlichem Nappaleder unterstreichen die hochwertige Verarbeitung und verleihen der Geldb\u00f6rse eine edle Haptik. Der Schnappverschluss in Form der ikonischen MCM-Messingplakette setzt einen markanten Akzent und sorgt gleichzeitig f\u00fcr ein sicheres Verschlie\u00dfen. Im Inneren \u00fcberzeugt die Geldb\u00f6rse mit einer klar strukturierten Aufteilung: Mehrere Kartenf\u00e4cher, ein gro\u00dfz\u00fcgiges Geldscheinfach sowie ein separates M\u00fcnzfach mit Rei\u00dfverschluss bieten ausreichend Platz f\u00fcr alle Essentials des Alltags. Das weiche Lederfutter rundet das luxuri\u00f6se Gesamtbild ab und sorgt f\u00fcr eine angenehme Handhabung.<\/p>\n<\/div>\n<\/div>\n<\/div>\n<\/div>\n<\/div>\n<\/div>\n<\/div>\n<\/div>\n","protected":false},"featured_media":78983,"template":"","meta":{"_uag_custom_page_level_css":"","site-sidebar-layout":"default","site-content-layout":"default","ast-site-content-layout":"default","site-content-style":"default","site-sidebar-style":"default","ast-global-header-display":"","ast-banner-title-visibility":"","ast-main-header-display":"","ast-hfb-above-header-display":"","ast-hfb-below-header-display":"","ast-hfb-mobile-header-display":"","site-post-title":"","ast-breadcrumbs-content":"","ast-featured-img":"","footer-sml-layout":"","ast-disable-related-posts":"","theme-transparent-header-meta":"default","adv-header-id-meta":"","stick-header-meta":"default","header-above-stick-meta":"","header-main-stick-meta":"","header-below-stick-meta":"","astra-migrate-meta-layouts":"set","ast-page-background-enabled":"default","ast-page-background-meta":{"desktop":{"background-color":"var(--ast-global-color-4)","background-image":"","background-repeat":"repeat","background-position":"center center","background-size":"auto","background-attachment":"scroll","background-type":"","background-media":"","overlay-type":"","overlay-color":"","overlay-opacity":"","overlay-gradient":""},"tablet":{"background-color":"","background-image":"","background-repeat":"repeat","background-position":"center center","background-size":"auto","background-attachment":"scroll","background-type":"","background-media":"","overlay-type":"","overlay-color":"","overlay-opacity":"","overlay-gradient":""},"mobile":{"background-color":"","background-image":"","background-repeat":"repeat","background-position":"center center","background-size":"auto","background-attachment":"scroll","background-type":"","background-media":"","overlay-type":"","overlay-color":"","overlay-opacity":"","overlay-gradient":""}},"ast-content-background-meta":{"desktop":{"background-color":"var(--ast-global-color-5)","background-image":"","background-repeat":"repeat","background-position":"center center","background-size":"auto","background-attachment":"scroll","background-type":"","background-media":"","overlay-type":"","overlay-color":"","overlay-opacity":"","overlay-gradient":""},"tablet":{"background-color":"var(--ast-global-color-5)","background-image":"","background-repeat":"repeat","background-position":"center center","background-size":"auto","background-attachment":"scroll","background-type":"","background-media":"","overlay-type":"","overlay-color":"","overlay-opacity":"","overlay-gradient":""},"mobile":{"background-color":"var(--ast-global-color-5)","background-image":"","background-repeat":"repeat","background-position":"center center","background-size":"auto","background-attachment":"scroll","background-type":"","background-media":"","overlay-type":"","overlay-color":"","overlay-opacity":"","overlay-gradient":""}},"_glsr_average":0,"_glsr_ranking":0,"_glsr_reviews":0},"product_brand":[1590],"product_cat":[191,1325,516],"product_tag":[1405,1443],"class_list":{"0":"post-78975","1":"product","2":"type-product","3":"status-publish","4":"has-post-thumbnail","6":"product_brand-mcm","7":"product_cat-geldboersen","8":"product_cat-mcm","9":"product_cat-neu-im-shop","10":"product_tag-mcm","11":"product_tag-mcm-tracy","12":"desktop-align-left","13":"tablet-align-left","14":"mobile-align-left","15":"ast-product-gallery-layout-first-image-large","16":"ast-magnify-disabled","17":"ast-product-tabs-layout-accordion","19":"first","20":"instock","21":"sold-individually","22":"purchasable","23":"product-type-simple"},"spectra_custom_meta":{"rank_math_internal_links_processed":["1"],"copied_media_ids":["a:0:{}","a:0:{}"],"referenced_media_ids":["a:7:{i:0;i:78983;i:1;i:78979;i:2;i:78980;i:3;i:78977;i:4;i:78982;i:5;i:78978;i:6;i:78981;}","a:7:{i:0;i:78983;i:1;i:78979;i:2;i:78980;i:3;i:78977;i:4;i:78982;i:5;i:78978;i:6;i:78981;}"],"_regular_price":["350"],"total_sales":["0"],"_tax_status":["none"],"_tax_class":[""],"_manage_stock":["yes"],"_backorders":["no"],"_sold_individually":["yes"],"_virtual":["no"],"_downloadable":["no"],"_product_image_gallery":["78979,78980,78977,78982,78978,78981"],"_download_limit":["-1"],"_download_expiry":["-1"],"_thumbnail_id":["78983"],"_stock":["1"],"_stock_status":["instock"],"_wc_average_rating":[0],"_wc_review_count":["0"],"_product_attributes":["a:3:{s:8:\"pa_brand\";a:7:{s:4:\"name\";s:8:\"pa_brand\";s:5:\"value\";s:0:\"\";s:8:\"position\";i:0;s:10:\"is_visible\";i:0;s:12:\"is_variation\";i:1;s:11:\"is_taxonomy\";i:1;s:16:\"checkout_visible\";i:0;}s:8:\"pa_color\";a:7:{s:4:\"name\";s:8:\"pa_color\";s:5:\"value\";s:0:\"\";s:8:\"position\";i:1;s:10:\"is_visible\";i:0;s:12:\"is_variation\";i:1;s:11:\"is_taxonomy\";i:1;s:16:\"checkout_visible\";i:0;}s:9:\"pa_gender\";a:7:{s:4:\"name\";s:9:\"pa_gender\";s:5:\"value\";s:0:\"\";s:8:\"position\";i:2;s:10:\"is_visible\";i:0;s:12:\"is_variation\";i:1;s:11:\"is_taxonomy\";i:1;s:16:\"checkout_visible\";i:0;}}"],"_product_version":["10.6.2"],"_price":["350"],"_not_in_inventory_checkbox":["","",""],"_wpml_media_featured":["1","1","1","1","1","1","1","1","1","1","1"],"_wpml_media_duplicate":["1","1","1","1","1","1","1","1","1","1","1"],"_wpml_word_count":["164"],"_wpml_location_migration_done":["1"],"_fusion":["a:3:{s:17:\"slider_visibility\";s:51:\"small-visibility,medium-visibility,large-visibility\";s:11:\"slider_type\";s:2:\"no\";s:9:\"wooslider\";s:1:\"0\";}"],"rank_math_seo_score":["84"],"rank_math_focus_keyword":["MCM"],"_purchase_price_field":["270"],"_internal_warehouse_number_field":["P6-1219"],"_unit":[""],"_unit_base":[""],"_unit_product":[""],"_unit_price_auto":["no"],"_unit_price_regular":[""],"_unit_price":[""],"_unit_price_sale":[""],"_sale_price_label":[""],"_sale_price_regular_label":[""],"_mini_desc":["MCM Aren Geldb\u00f6rse"],"_defect_description":[""],"_allergen_ids":["a:0:{}"],"_warranty_attachment_id":[""],"_min_age":[""],"_ts_gtin":[""],"_ts_mpn":[""],"_delivery_time_countries":["a:0:{}"],"_free_shipping":["no"],"_service":["no"],"_photovoltaic_system":["no"],"_used_good":["yes"],"_defective_copy":["no"],"_is_food":["no"],"_differential_taxation":["yes"],"_gzd_version":["4.0.1"],"_hs_code":[""],"_manufacture_country":[""],"_rank_math_gtin_code":[""],"_fusion_google_fonts":[""],"fusion_builder_status":["active"],"rank_math_primary_product_cat":["0"],"_wcml_custom_prices_status":["0"],"avada_post_views_count":["50"],"avada_today_post_views_count":["1"],"avada_post_views_count_today_date":["13-04-2023"],"yikes_woo_products_tabs":["a:2:{i:0;a:3:{s:5:\"title\";s:21:\"Weitere Informationen\";s:2:\"id\";s:21:\"weitere-informationen\";s:7:\"content\";s:443:\"<strong>Material au\u00dfen: <\/strong>Visetos Canvas mit 24kt vergoldete Messing-Hardware\r\n<strong style=\"font-size: 16px;\">Material innen: <\/strong><span style=\"font-size: 16px;\">Leder und Textilinnenfutter\r\n<\/span><strong style=\"font-size: 16px;\">Ma\u00dfe: <\/strong><span style=\"font-size: 16px;\">(B) 12 x (H) 9 x (T) 2 cm\r\n<\/span><strong style=\"font-size: 16px;\">Lieferumfang:<\/strong><span style=\"font-size: 16px;\"> MCM Staubbeutel und Box<\/span>\";}i:1;a:3:{s:5:\"title\";s:7:\"Zustand\";s:2:\"id\";s:7:\"zustand\";s:7:\"content\";s:499:\"<strong>Gesamtzustand: <\/strong>Neuwertig\r\n<strong style=\"font-size: 16px;\">Canvas:<\/strong><span style=\"font-size: 16px;\"> Intakt mit minimalen Gebrauchsspuren\r\n<\/span><strong style=\"font-size: 16px;\">Hardware:<\/strong><span style=\"font-size: 16px;\"> Minimale Gebrauchsspuren\r\n<\/span><strong style=\"font-size: 16px;\">Verschluss:<\/strong><span style=\"font-size: 16px;\"> Schlie\u00dft einwandfrei\r\n<\/span><strong style=\"font-size: 16px;\">Innenraum: <\/strong><span style=\"font-size: 16px;\">Sauber\u00a0<\/span>\";}}"],"_deposit_type":[""],"_nutrient_ids":["a:0:{}"],"_nutrient_reference_value":["100g"],"_ingredients":[""],"_nutri_score":[""],"_alcohol_content":[""],"_drained_weight":[""],"_net_filling_quantity":[""],"_food_distributor":[""],"_food_description":[""],"_food_place_of_origin":[""],"_deposit_quantity":[""],"site-sidebar-layout":["default"],"site-content-layout":["default"],"theme-transparent-header-meta":["default"],"stick-header-meta":["default"],"_pys_conversion_label_settings":["a:3:{s:6:\"enable\";b:0;s:5:\"label\";s:0:\"\";s:2:\"id\";s:14:\"AW-11184563350\";}"],"_pys_super_pack_cpt_url":[""],"_pys_super_pack_cpt_condition":["only"],"_pys_super_pack_cpt_cart":["hidden"],"_woosea_brand":[""],"_woosea_mpn":[""],"_woosea_upc":[""],"_woosea_ean":[""],"_woosea_gtin":[""],"_woosea_color":[""],"_woosea_size":[""],"_woosea_gender":[""],"_woosea_material":[""],"_woosea_pattern":[""],"_woosea_optimized_title":[""],"_woosea_unit_pricing_measure":[""],"_woosea_unit_pricing_base_measure":[""],"_woosea_condition":[""],"_woosea_age_group":["adult"],"_woosea_installment_months":[""],"_woosea_installment_amount":[""],"_woosea_exclude_product":["no"],"_woosea_cost_of_good_sold":[""],"_woosea_multipack":[""],"_woosea_is_bundle":[""],"_woosea_energy_efficiency_class":[""],"_woosea_min_energy_efficiency_class":[""],"_woosea_max_energy_efficiency_class":[""],"_woosea_is_promotion":[""],"_woosea_custom_field_0":[""],"_woosea_custom_field_1":[""],"_woosea_custom_field_2":[""],"_woosea_custom_field_3":[""],"_woosea_custom_field_4":[""],"_pys_head_footer":["a:7:{s:14:\"disable_global\";b:0;s:8:\"head_any\";s:0:\"\";s:12:\"head_desktop\";s:0:\"\";s:11:\"head_mobile\";s:0:\"\";s:10:\"footer_any\";s:0:\"\";s:14:\"footer_desktop\";s:0:\"\";s:13:\"footer_mobile\";s:0:\"\";}"],"_customs_description":[""],"_is_non_returnable":["no"],"_wpml_media_has_media":["1"],"litespeed_vpi_list_mobile":["a:2:{i:0;s:8:\"logo.png\";i:1;s:64:\"Louis-Vuitton-Clemence-Creme-hinten-2023-0175-scaled-500x500.jpg\";}"],"litespeed_vpi_list":["a:4:{i:0;s:8:\"logo.png\";i:1;s:6:\"de.png\";i:2;s:64:\"Louis-Vuitton-Clemence-Creme-hinten-2023-0175-scaled-500x500.jpg\";i:3;s:35:\"three-o-clock-clock-svgrepo-com.svg\";}"],"_internal_date_code":["nicht vorhanden"],"_internal_product_origin":["S\u00fcdkorea"],"_product_rating":["N"],"ast-site-content-layout":["default"],"site-content-style":["default"],"site-sidebar-style":["default"],"_rank_math_video":["true"],"rank_math_robots":["a:1:{i:0;s:5:\"index\";}"],"_customer_view":["5"],"_custom_view_last_updated":["2026-04-09 15:01:53"],"_shipping_length":[""],"_shipping_width":[""],"_shipping_height":[""],"_custom_html_content":[""],"_wpml_post_translation_editor_native":["no"],"_product_shipping_weight":["1kg"],"_zettle_product_cat_id":[""],"_wp_old_date":["2024-08-15","2025-01-15"],"_product_available_from_field":["2026-04-10T19:00"],"_manufacturer_slug":["mcm-global-ag"],"_safety_instructions":[""],"_safety_attachment_ids":["a:0:{}"],"_nickx_video_text_url":["a:1:{i:0;s:0:\"\";}"],"_nickx_product_video_type":["a:1:{i:0;s:23:\"nickx_video_url_youtube\";}"],"_nickx_product_video_thumb_ids":["a:1:{i:0;s:0:\"\";}"],"_product_reserve_till_field":[""],"similar_product_key":["1736771325"],"_wireless_electronic_device":["no"],"_device_contains_power_supply":["no"],"_device_charging_supports_usb_pd":["no"],"_device_charging_watt_min":["0"],"_device_charging_watt_max":["0"],"rank_math_primary_product_brand":["1590"],"rank_math_description":["Entdecke die MCM Mini Mena Geldb\u00f6rse mit Kettenriemen \u2013 das perfekte Accessoire f\u00fcr zeitlosen Stil und praktische Eleganz."],"rank_math_title":["MCM Mini Mena Geldb\u00f6rse: Stilvolle Eleganz f\u00fcr jeden Tag"],"sib_push_meta_box_present":["1"],"sib_push_send_notification":["0"],"sib_push_target_segment_ids":["@ALL"],"_izettle_barcode":[""],"_izettle_nosync":[""],"_izettle_cost_price":[""],"_izettle_special_price":[""],"_izettle_product_name":[""],"_ame_cpe_post_policy":["{\"accessProtection\":{\"active\":\"replace\"}}"],"_izettle_image_lookup_key":["3kyncy1cEe-udXp3qLWasA-A56f8Ud0EfC8qvkp0NLK5g"],"woocommerce_izettle_product_uuid":["03a19b4e-4774-11f0-aac0-353536383939"],"woocommerce_izettle_variant_uuid":["03a1be3a-4774-11f0-90e7-353536383939"],"_izettle_updated":["1755928884"],"sib_push_send_notification_delay_seconds":["0"],"_is_non_alcoholic":["no"],"_mid_code":[""],"_ship_separately_via":[""],"_shipping_weight":[""],"_entrupy_echtheitszertifikat":["yes"],"rank_math_analytic_object_id":["677"],"_sku":["P6-1219"],"_edit_lock":["1775638355:4"],"_gdrive_field":["https:\/\/drive.google.com\/drive\/u\/1\/folders\/1vcpG0xrSjtUzxuIdtctWo2Mv-lew3ptp"],"_edit_last":["4"],"_custom_thumbnail":["a:1:{i:0;s:2:\"no\";}"],"_video_schema":["a:1:{i:0;s:2:\"no\";}"],"_nickx_video_upload_date":["a:1:{i:0;s:0:\"\";}"],"_nickx_video_name":["a:1:{i:0;s:0:\"\";}"],"_nickx_video_description":["a:1:{i:0;s:0:\"\";}"],"_wcml_average_rating":[null],"_wcml_review_count":[null],"_wcml_rating_count":[null],"astra-migrate-meta-layouts":["set"],"_uag_page_assets":["a:9:{s:3:\"css\";s:0:\"\";s:2:\"js\";s:0:\"\";s:18:\"current_block_list\";a:6:{i:0;s:26:\"woocommerce\/filter-wrapper\";i:1;s:24:\"woocommerce\/price-filter\";i:2;s:30:\"woocommerce\/product-categories\";i:3;s:14:\"core\/paragraph\";i:4;s:14:\"core\/shortcode\";i:5;s:11:\"core\/search\";}s:8:\"uag_flag\";b:0;s:11:\"uag_version\";s:10:\"1775736768\";s:6:\"gfonts\";a:0:{}s:10:\"gfonts_url\";s:0:\"\";s:12:\"gfonts_files\";a:0:{}s:14:\"uag_faq_layout\";b:0;}"],"_wc_rating_count":[""]},"uagb_featured_image_src":{"full":["https:\/\/ilovehandbags.com\/wp-content\/uploads\/sites\/3\/MCM-Aren-Geldboerse-1219-01.jpg",2048,1536,false],"thumbnail":["https:\/\/ilovehandbags.com\/wp-content\/uploads\/sites\/3\/MCM-Aren-Geldboerse-1219-01-150x150.jpg",150,150,true],"medium":["https:\/\/ilovehandbags.com\/wp-content\/uploads\/sites\/3\/MCM-Aren-Geldboerse-1219-01-300x300.jpg",300,300,true],"medium_large":["https:\/\/ilovehandbags.com\/wp-content\/uploads\/sites\/3\/MCM-Aren-Geldboerse-1219-01-768x768.jpg",768,768,true],"large":["https:\/\/ilovehandbags.com\/wp-content\/uploads\/sites\/3\/MCM-Aren-Geldboerse-1219-01-1024x1024.jpg",1024,1024,true],"1536x1536":["https:\/\/ilovehandbags.com\/wp-content\/uploads\/sites\/3\/MCM-Aren-Geldboerse-1219-01.jpg",1536,1152,false],"2048x2048":["https:\/\/ilovehandbags.com\/wp-content\/uploads\/sites\/3\/MCM-Aren-Geldboerse-1219-01.jpg",2048,1536,false],"woocommerce_thumbnail":["https:\/\/ilovehandbags.com\/wp-content\/uploads\/sites\/3\/MCM-Aren-Geldboerse-1219-01-500x500.jpg",500,500,true],"woocommerce_single":["https:\/\/ilovehandbags.com\/wp-content\/uploads\/sites\/3\/MCM-Aren-Geldboerse-1219-01-500x500.jpg",500,500,true],"woocommerce_gallery_thumbnail":["https:\/\/ilovehandbags.com\/wp-content\/uploads\/sites\/3\/MCM-Aren-Geldboerse-1219-01-100x100.jpg",100,100,true]},"uagb_author_info":{"display_name":"ILoveHandbags","author_link":"https:\/\/ilovehandbags.com\/de\/author\/"},"uagb_comment_info":0,"uagb_excerpt":"Die MCM Aren Geldb\u00f6rse aus ikonischem Visetos-Canvas vereint zeitlose Eleganz mit durchdachter Funktionalit\u00e4t. In der klassischen Farbgebung Cognac pr\u00e4sentiert sich das charakteristische Monogramm besonders stilvoll und macht das Portemonnaie zu einem echten Signature-Piece der Marke. Feine Details aus nat\u00fcrlichem Nappaleder unterstreichen die hochwertige Verarbeitung und verleihen der Geldb\u00f6rse eine edle Haptik. Der Schnappverschluss in Form&hellip;","_links":{"self":[{"href":"https:\/\/ilovehandbags.com\/de\/wp-json\/wp\/v2\/product\/78975","targetHints":{"allow":["GET"]}}],"collection":[{"href":"https:\/\/ilovehandbags.com\/de\/wp-json\/wp\/v2\/product"}],"about":[{"href":"https:\/\/ilovehandbags.com\/de\/wp-json\/wp\/v2\/types\/product"}],"wp:featuredmedia":[{"embeddable":true,"href":"https:\/\/ilovehandbags.com\/de\/wp-json\/wp\/v2\/media\/78983"}],"wp:attachment":[{"href":"https:\/\/ilovehandbags.com\/de\/wp-json\/wp\/v2\/media?parent=78975"}],"wp:term":[{"taxonomy":"product_brand","embeddable":true,"href":"https:\/\/ilovehandbags.com\/de\/wp-json\/wp\/v2\/product_brand?post=78975"},{"taxonomy":"product_cat","embeddable":true,"href":"https:\/\/ilovehandbags.com\/de\/wp-json\/wp\/v2\/product_cat?post=78975"},{"taxonomy":"product_tag","embeddable":true,"href":"https:\/\/ilovehandbags.com\/de\/wp-json\/wp\/v2\/product_tag?post=78975"}],"curies":[{"name":"wp","href":"https:\/\/api.w.org\/{rel}","templated":true}]}}