{"id":79299,"date":"2026-04-15T14:10:48","date_gmt":"2026-04-15T12:10:48","guid":{"rendered":"https:\/\/ilovehandbags.com\/?post_type=product&#038;p=79299"},"modified":"2026-04-15T14:11:05","modified_gmt":"2026-04-15T12:11:05","slug":"louis-vuitton-vachetta-schulterriemen-1229","status":"publish","type":"product","link":"https:\/\/ilovehandbags.com\/de\/louis-vuitton-vachetta-schulterriemen-1229\/","title":{"rendered":"Louis Vuitton Vachetta Schulterriemen"},"content":{"rendered":"","protected":false},"excerpt":{"rendered":"<p data-start=\"71\" data-end=\"467\">Entdecke den perfekten Begleiter f\u00fcr deine Tasche: Der Louis Vuitton Schulterriemen aus Vachetta-Leder verleiht deinem Look eine zeitlose und luxuri\u00f6se Note. Das hochwertige Naturleder weist aktuell eine sehr helle, noch wenig entwickelte Patina auf und eignet sich daher besonders gut f\u00fcr Taschen mit \u00e4hnlichem Farbton oder f\u00fcr Modelle, bei denen sich die Patina noch weiter entwickeln darf. Dank der robusten Karabinerhaken l\u00e4sst sich der Riemen m\u00fchelos an deiner Tasche befestigen und verwandelt sie im Handumdrehen in eine praktische Umh\u00e4ngetasche. Der Riemen ist etwas breiter gearbeitet und in der L\u00e4nge verstellbar, wodurch er einen besonders angenehmen Tragekomfort bietet. Durch seine Ausf\u00fchrung eignet er sich vor allem f\u00fcr gr\u00f6\u00dfere Taschenmodelle, bei denen ein stabilerer und komfortabler Sitz gefragt ist \u2013 beispielsweise f\u00fcr Louis Vuitton No\u00e9, Speedy, Keepall oder \u00e4hnliche Modelle. <span style=\"font-size: 16px;\">Ob als Erg\u00e4nzung zu deiner geliebten Louis Vuitton Tasche oder um ihr einen neuen Look und zus\u00e4tzlichen Tragekomfort zu verleihen \u2013 dieser Riemen ist die ideale Wahl f\u00fcr alle Liebhaber klassischer Louis Vuitton Designs.<\/span><\/p>\n","protected":false},"featured_media":79307,"template":"","meta":{"_uag_custom_page_level_css":"","site-sidebar-layout":"default","site-content-layout":"default","ast-site-content-layout":"default","site-content-style":"default","site-sidebar-style":"default","ast-global-header-display":"","ast-banner-title-visibility":"","ast-main-header-display":"","ast-hfb-above-header-display":"","ast-hfb-below-header-display":"","ast-hfb-mobile-header-display":"","site-post-title":"","ast-breadcrumbs-content":"","ast-featured-img":"","footer-sml-layout":"","ast-disable-related-posts":"","theme-transparent-header-meta":"default","adv-header-id-meta":"","stick-header-meta":"default","header-above-stick-meta":"","header-main-stick-meta":"","header-below-stick-meta":"","astra-migrate-meta-layouts":"set","ast-page-background-enabled":"default","ast-page-background-meta":{"desktop":{"background-color":"var(--ast-global-color-4)","background-image":"","background-repeat":"repeat","background-position":"center center","background-size":"auto","background-attachment":"scroll","background-type":"","background-media":"","overlay-type":"","overlay-color":"","overlay-opacity":"","overlay-gradient":""},"tablet":{"background-color":"","background-image":"","background-repeat":"repeat","background-position":"center center","background-size":"auto","background-attachment":"scroll","background-type":"","background-media":"","overlay-type":"","overlay-color":"","overlay-opacity":"","overlay-gradient":""},"mobile":{"background-color":"","background-image":"","background-repeat":"repeat","background-position":"center center","background-size":"auto","background-attachment":"scroll","background-type":"","background-media":"","overlay-type":"","overlay-color":"","overlay-opacity":"","overlay-gradient":""}},"ast-content-background-meta":{"desktop":{"background-color":"var(--ast-global-color-5)","background-image":"","background-repeat":"repeat","background-position":"center center","background-size":"auto","background-attachment":"scroll","background-type":"","background-media":"","overlay-type":"","overlay-color":"","overlay-opacity":"","overlay-gradient":""},"tablet":{"background-color":"var(--ast-global-color-5)","background-image":"","background-repeat":"repeat","background-position":"center center","background-size":"auto","background-attachment":"scroll","background-type":"","background-media":"","overlay-type":"","overlay-color":"","overlay-opacity":"","overlay-gradient":""},"mobile":{"background-color":"var(--ast-global-color-5)","background-image":"","background-repeat":"repeat","background-position":"center center","background-size":"auto","background-attachment":"scroll","background-type":"","background-media":"","overlay-type":"","overlay-color":"","overlay-opacity":"","overlay-gradient":""}},"_glsr_average":0,"_glsr_ranking":0,"_glsr_reviews":0},"product_brand":[1584],"product_cat":[239,516,236,451],"product_tag":[214,360],"class_list":{"0":"post-79299","1":"product","2":"type-product","3":"status-publish","4":"has-post-thumbnail","6":"product_brand-louis-vuitton","7":"product_cat-louis-vuitton","8":"product_cat-neu-im-shop","9":"product_cat-schulterriemen","10":"product_cat-vintage","11":"product_tag-louis-vuitton","12":"product_tag-louis-vuitton-schulterriemen","13":"desktop-align-left","14":"tablet-align-left","15":"mobile-align-left","16":"ast-product-gallery-layout-first-image-large","17":"ast-magnify-disabled","18":"ast-product-tabs-layout-accordion","20":"first","21":"instock","22":"sold-individually","23":"taxable","24":"shipping-taxable","25":"purchasable","26":"product-type-simple"},"spectra_custom_meta":{"rank_math_internal_links_processed":["1","1"],"copied_media_ids":["a:0:{}","a:0:{}","a:0:{}"],"referenced_media_ids":["a:8:{i:0;i:79307;i:1;i:79305;i:2;i:79301;i:3;i:79318;i:4;i:79303;i:5;i:79302;i:6;i:79304;i:7;i:79306;}","a:8:{i:0;i:79307;i:1;i:79305;i:2;i:79301;i:3;i:79318;i:4;i:79303;i:5;i:79302;i:6;i:79304;i:7;i:79306;}","a:8:{i:0;i:79307;i:1;i:79305;i:2;i:79301;i:3;i:79318;i:4;i:79303;i:5;i:79302;i:6;i:79304;i:7;i:79306;}"],"_regular_price":["270"],"total_sales":["0"],"_tax_status":["taxable"],"_tax_class":[""],"_manage_stock":["yes"],"_backorders":["no"],"_sold_individually":["yes"],"_crosssell_ids":["a:1:{i:0;i:21887;}"],"_virtual":["no"],"_downloadable":["no"],"_product_image_gallery":["79305,79301,79318,79303,79302,79304,79306"],"_download_limit":["-1"],"_download_expiry":["-1"],"_thumbnail_id":["79307"],"_stock":["1"],"_stock_status":["instock"],"_wc_average_rating":[0],"_wc_review_count":["0"],"_product_attributes":["a:3:{s:8:\"pa_brand\";a:7:{s:4:\"name\";s:8:\"pa_brand\";s:5:\"value\";s:0:\"\";s:8:\"position\";i:1;s:10:\"is_visible\";i:0;s:12:\"is_variation\";i:0;s:11:\"is_taxonomy\";i:1;s:16:\"checkout_visible\";i:0;}s:8:\"pa_color\";a:7:{s:4:\"name\";s:8:\"pa_color\";s:5:\"value\";s:0:\"\";s:8:\"position\";i:2;s:10:\"is_visible\";i:0;s:12:\"is_variation\";i:0;s:11:\"is_taxonomy\";i:1;s:16:\"checkout_visible\";i:0;}s:9:\"pa_gender\";a:7:{s:4:\"name\";s:9:\"pa_gender\";s:5:\"value\";s:0:\"\";s:8:\"position\";i:3;s:10:\"is_visible\";i:0;s:12:\"is_variation\";i:0;s:11:\"is_taxonomy\";i:1;s:16:\"checkout_visible\";i:0;}}"],"_product_version":["10.7.0"],"_price":["270"],"_wpml_media_featured":["1","1","1","1","1","1","1"],"_wpml_media_duplicate":["1","1","1","1","1","1","1"],"_wpml_word_count":["202"],"_wpml_location_migration_done":["1"],"_fusion":["a:3:{s:17:\"slider_visibility\";s:51:\"small-visibility,medium-visibility,large-visibility\";s:11:\"slider_type\";s:2:\"no\";s:9:\"wooslider\";s:1:\"0\";}"],"rank_math_seo_score":["83"],"rank_math_focus_keyword":["louis vuitton"],"_purchase_price_field":["144,90"],"_internal_warehouse_number_field":["P6-1184"],"_unit":[""],"_unit_base":[""],"_unit_product":[""],"_unit_price_auto":["no"],"_unit_price_regular":[""],"_unit_price":[""],"_unit_price_sale":[""],"_sale_price_label":[""],"_sale_price_regular_label":[""],"_mini_desc":["Louis Vuitton Vachetta Schulterriemen"],"_defect_description":[""],"_allergen_ids":["a:0:{}"],"_warranty_attachment_id":[""],"_min_age":[""],"_ts_gtin":[""],"_ts_mpn":[""],"_delivery_time_countries":["a:0:{}"],"_free_shipping":["no"],"_service":["no"],"_photovoltaic_system":["no"],"_used_good":["yes"],"_defective_copy":["no"],"_is_food":["no"],"_differential_taxation":["no"],"_gzd_version":["4.0.3"],"_hs_code":[""],"_manufacture_country":[""],"_rank_math_gtin_code":[""],"_fusion_google_fonts":[""],"fusion_builder_status":["active"],"rank_math_primary_product_cat":["0"],"_wcml_custom_prices_status":["0"],"avada_post_views_count":["11"],"avada_today_post_views_count":["3"],"avada_post_views_count_today_date":["10-04-2023"],"yikes_woo_products_tabs":["a:2:{i:0;a:3:{s:5:\"title\";s:21:\"Weitere Informationen\";s:2:\"id\";s:21:\"weitere-informationen\";s:7:\"content\";s:357:\"<strong>Material: <\/strong>Vachetta Leder mit goldfarbenen Metallelementen\r\n<strong>Ma\u00dfe: <\/strong>L\u00e4nge: 89-99 cm Breite: 2,5 cm\r\n<strong>Date Code: <\/strong>nicht vorhanden\r\n<strong>SKU:<\/strong> J00109\r\n<strong>Lieferumfang:<\/strong> I Love Handbags Staubbeutel, die abgebildete Handtaschen geh\u00f6ren nicht zum Lieferumfang und dienen zur Visualisierung\";}i:1;a:3:{s:5:\"title\";s:7:\"Zustand\";s:2:\"id\";s:7:\"zustand\";s:7:\"content\";s:183:\"<strong>Gesamtzustand: <\/strong>Sehr gut\r\n<strong>Vachetta Leder: <\/strong>Leichte Patina mit minimalen Gebrauchsspuren\r\n<strong>Hardware:\u00a0 <\/strong>Leichte Gebrauchsspuren vorhanden\";}}"],"_deposit_type":[""],"_nutrient_ids":["a:0:{}"],"_nutrient_reference_value":["100g"],"_ingredients":[""],"_nutri_score":[""],"_alcohol_content":[""],"_drained_weight":[""],"_net_filling_quantity":[""],"_food_distributor":[""],"_food_description":[""],"_food_place_of_origin":[""],"_deposit_quantity":[""],"site-sidebar-layout":["default"],"site-content-layout":["default"],"theme-transparent-header-meta":["default"],"stick-header-meta":["default"],"_wp_old_date":["2023-04-10","2023-05-10","2023-07-10","2023-08-03","2023-11-30","2025-01-03","2026-03-18","2026-04-16"],"_pys_conversion_label_settings":["a:3:{s:6:\"enable\";b:0;s:5:\"label\";s:0:\"\";s:2:\"id\";s:14:\"AW-11184563350\";}"],"_pys_super_pack_cpt_url":[""],"_pys_super_pack_cpt_condition":["only"],"_pys_super_pack_cpt_cart":["hidden"],"_pys_head_footer":["a:7:{s:14:\"disable_global\";b:0;s:8:\"head_any\";s:0:\"\";s:12:\"head_desktop\";s:0:\"\";s:11:\"head_mobile\";s:0:\"\";s:10:\"footer_any\";s:0:\"\";s:14:\"footer_desktop\";s:0:\"\";s:13:\"footer_mobile\";s:0:\"\";}"],"_woosea_brand":[""],"_woosea_mpn":[""],"_woosea_upc":[""],"_woosea_ean":[""],"_woosea_gtin":[""],"_woosea_color":[""],"_woosea_size":[""],"_woosea_gender":[""],"_woosea_material":[""],"_woosea_pattern":[""],"_woosea_optimized_title":[""],"_woosea_unit_pricing_measure":[""],"_woosea_unit_pricing_base_measure":[""],"_woosea_condition":[""],"_woosea_age_group":["adult"],"_woosea_installment_months":[""],"_woosea_installment_amount":[""],"_woosea_exclude_product":["no"],"_woosea_cost_of_good_sold":[""],"_woosea_multipack":[""],"_woosea_is_bundle":[""],"_woosea_energy_efficiency_class":[""],"_woosea_min_energy_efficiency_class":[""],"_woosea_max_energy_efficiency_class":[""],"_woosea_is_promotion":[""],"_woosea_custom_field_0":[""],"_woosea_custom_field_1":[""],"_woosea_custom_field_2":[""],"_woosea_custom_field_3":[""],"_woosea_custom_field_4":[""],"litespeed_vpi_list":["a:2:{i:0;s:8:\"logo.png\";i:1;s:68:\"Louis-Vuitton-Pochette-Accessoires-vorn-2023-0200-scaled-500x500.jpg\";}"],"_customs_description":[""],"_is_non_returnable":["no"],"litespeed_vpi_list_mobile":["a:2:{i:0;s:8:\"logo.png\";i:1;s:72:\"Louis-Vuitton-Pochette-Accessoires-komplett-2023-0284-scaled-500x500.jpg\";}"],"_internal_date_code":["nicht vorhanden"],"_internal_product_origin":["Frankreich"],"_product_rating":["A"],"_wpml_media_has_media":["1"],"ast-site-content-layout":["default"],"site-content-style":["default"],"site-sidebar-style":["default"],"_custom_html_content":[""],"rank_math_robots":["a:1:{i:0;s:5:\"index\";}"],"_customer_view":["3"],"_custom_view_last_updated":["2026-04-16 00:47:33"],"_not_in_inventory_checkbox":[""],"_shipping_length":[""],"_shipping_width":[""],"_shipping_height":[""],"_zettle_product_cat_id":[""],"_product_shipping_weight":["1kg"],"_product_available_from_field":["2026-04-17T19:00"],"_manufacturer_slug":["lvmh-moet-hennessy-louis-vuitton-se"],"_safety_attachment_ids":["a:0:{}"],"_nickx_video_text_url":["a:1:{i:0;s:0:\"\";}"],"_nickx_product_video_type":["a:1:{i:0;s:23:\"nickx_video_url_youtube\";}"],"_nickx_product_video_thumb_ids":["a:1:{i:0;s:0:\"\";}"],"_safety_instructions":[""],"_wpml_post_translation_editor_native":["no"],"_product_reserve_till_field":[""],"similar_product_key":["1754982991"],"sib_push_meta_box_present":["1"],"sib_push_send_notification":["0"],"sib_push_target_segment_ids":["@ALL"],"_wireless_electronic_device":["no"],"_device_contains_power_supply":["no"],"_device_charging_supports_usb_pd":["no"],"_device_charging_watt_min":[""],"_device_charging_watt_max":[""],"_izettle_barcode":[""],"_izettle_nosync":[""],"_izettle_cost_price":[""],"_izettle_special_price":[""],"_izettle_product_name":[""],"rank_math_primary_product_brand":["1584"],"_ame_cpe_post_policy":["{\"accessProtection\":{\"active\":\"replace\"}}"],"_izettle_image_lookup_key":["3kyncy1cEe-udXp3qLWasA-lV7eu3gsEfCjHiwsCs_mhA"],"woocommerce_izettle_product_uuid":["956224c0-782c-11f0-bd08-353536383939"],"woocommerce_izettle_variant_uuid":["9562338e-782c-11f0-9b68-353536383939"],"_izettle_updated":["1755501848"],"_izettle_product_etag":["512A1ED94FD9FA05D2A53DAD80EF85A7"],"rank_math_analytic_object_id":["2803"],"sib_push_send_notification_delay_seconds":["0"],"_entrupy_echtheitszertifikat":[""],"_is_non_alcoholic":["no"],"_mid_code":[""],"_ship_separately_via":[""],"_shipping_weight":[""],"_custom_thumbnail":["a:1:{i:0;s:2:\"no\";}"],"_video_schema":["a:1:{i:0;s:2:\"no\";}"],"_nickx_video_upload_date":["a:1:{i:0;s:0:\"\";}"],"_nickx_video_name":["a:1:{i:0;s:0:\"\";}"],"_nickx_video_description":["a:1:{i:0;s:0:\"\";}"],"_sku":["P6-1229"],"_edit_lock":["1776254972:4"],"_gdrive_field":["https:\/\/drive.google.com\/drive\/u\/1\/folders\/1zauQakDHyPuUUhy8GaUzkJqXYvvW5pMP"],"_edit_last":["4"],"_wcml_average_rating":[null],"_wcml_review_count":[null],"_wcml_rating_count":[null],"astra-migrate-meta-layouts":["set"],"_uag_page_assets":["a:9:{s:3:\"css\";s:0:\"\";s:2:\"js\";s:0:\"\";s:18:\"current_block_list\";a:6:{i:0;s:26:\"woocommerce\/filter-wrapper\";i:1;s:24:\"woocommerce\/price-filter\";i:2;s:30:\"woocommerce\/product-categories\";i:3;s:14:\"core\/paragraph\";i:4;s:14:\"core\/shortcode\";i:5;s:11:\"core\/search\";}s:8:\"uag_flag\";b:0;s:11:\"uag_version\";s:10:\"1776275997\";s:6:\"gfonts\";a:0:{}s:10:\"gfonts_url\";s:0:\"\";s:12:\"gfonts_files\";a:0:{}s:14:\"uag_faq_layout\";b:0;}"],"_wc_rating_count":[""]},"uagb_featured_image_src":{"full":["https:\/\/ilovehandbags.com\/wp-content\/uploads\/sites\/3\/Louis-Vuitton-Vachetta-Schulterriemen-1229-01.jpg",2048,1536,false],"thumbnail":["https:\/\/ilovehandbags.com\/wp-content\/uploads\/sites\/3\/Louis-Vuitton-Vachetta-Schulterriemen-1229-01-150x150.jpg",150,150,true],"medium":["https:\/\/ilovehandbags.com\/wp-content\/uploads\/sites\/3\/Louis-Vuitton-Vachetta-Schulterriemen-1229-01-300x300.jpg",300,300,true],"medium_large":["https:\/\/ilovehandbags.com\/wp-content\/uploads\/sites\/3\/Louis-Vuitton-Vachetta-Schulterriemen-1229-01-768x768.jpg",768,768,true],"large":["https:\/\/ilovehandbags.com\/wp-content\/uploads\/sites\/3\/Louis-Vuitton-Vachetta-Schulterriemen-1229-01-1024x1024.jpg",1024,1024,true],"1536x1536":["https:\/\/ilovehandbags.com\/wp-content\/uploads\/sites\/3\/Louis-Vuitton-Vachetta-Schulterriemen-1229-01.jpg",1536,1152,false],"2048x2048":["https:\/\/ilovehandbags.com\/wp-content\/uploads\/sites\/3\/Louis-Vuitton-Vachetta-Schulterriemen-1229-01.jpg",2048,1536,false],"woocommerce_thumbnail":["https:\/\/ilovehandbags.com\/wp-content\/uploads\/sites\/3\/Louis-Vuitton-Vachetta-Schulterriemen-1229-01-500x500.jpg",500,500,true],"woocommerce_single":["https:\/\/ilovehandbags.com\/wp-content\/uploads\/sites\/3\/Louis-Vuitton-Vachetta-Schulterriemen-1229-01-500x500.jpg",500,500,true],"woocommerce_gallery_thumbnail":["https:\/\/ilovehandbags.com\/wp-content\/uploads\/sites\/3\/Louis-Vuitton-Vachetta-Schulterriemen-1229-01-100x100.jpg",100,100,true]},"uagb_author_info":{"display_name":"ILoveHandbags","author_link":"https:\/\/ilovehandbags.com\/de\/author\/"},"uagb_comment_info":0,"uagb_excerpt":"Entdecke den perfekten Begleiter f\u00fcr deine Tasche: Der Louis Vuitton Schulterriemen aus Vachetta-Leder verleiht deinem Look eine zeitlose und luxuri\u00f6se Note. Das hochwertige Naturleder weist aktuell eine sehr helle, noch wenig entwickelte Patina auf und eignet sich daher besonders gut f\u00fcr Taschen mit \u00e4hnlichem Farbton oder f\u00fcr Modelle, bei denen sich die Patina noch weiter&hellip;","_links":{"self":[{"href":"https:\/\/ilovehandbags.com\/de\/wp-json\/wp\/v2\/product\/79299","targetHints":{"allow":["GET"]}}],"collection":[{"href":"https:\/\/ilovehandbags.com\/de\/wp-json\/wp\/v2\/product"}],"about":[{"href":"https:\/\/ilovehandbags.com\/de\/wp-json\/wp\/v2\/types\/product"}],"wp:featuredmedia":[{"embeddable":true,"href":"https:\/\/ilovehandbags.com\/de\/wp-json\/wp\/v2\/media\/79307"}],"wp:attachment":[{"href":"https:\/\/ilovehandbags.com\/de\/wp-json\/wp\/v2\/media?parent=79299"}],"wp:term":[{"taxonomy":"product_brand","embeddable":true,"href":"https:\/\/ilovehandbags.com\/de\/wp-json\/wp\/v2\/product_brand?post=79299"},{"taxonomy":"product_cat","embeddable":true,"href":"https:\/\/ilovehandbags.com\/de\/wp-json\/wp\/v2\/product_cat?post=79299"},{"taxonomy":"product_tag","embeddable":true,"href":"https:\/\/ilovehandbags.com\/de\/wp-json\/wp\/v2\/product_tag?post=79299"}],"curies":[{"name":"wp","href":"https:\/\/api.w.org\/{rel}","templated":true}]}}