{"id":79414,"date":"2026-04-15T14:10:46","date_gmt":"2026-04-15T12:10:46","guid":{"rendered":"https:\/\/ilovehandbags.com\/?post_type=product&#038;p=79414"},"modified":"2026-04-15T14:13:22","modified_gmt":"2026-04-15T12:13:22","slug":"louis-vuitton-noe-grand-1233","status":"publish","type":"product","link":"https:\/\/ilovehandbags.com\/de\/louis-vuitton-noe-grand-1233\/","title":{"rendered":"Louis Vuitton Noe Grand Monogram Canvas"},"content":{"rendered":"","protected":false},"excerpt":{"rendered":"<p>Der Louis Vuitton Sac Noe Grand verk\u00f6rpert zeitlose Eleganz und exquisiten Stil. Seine Wurzeln reichen zur\u00fcck in die 30er Jahre, als er urspr\u00fcnglich f\u00fcr Champagnerproduzenten entworfen wurde, um Flaschen sicher zu transportieren. Diese ikonische Tasche tr\u00e4gt somit nicht nur den Glanz von Luxus, sondern auch eine faszinierende Geschichte. Mit einem ger\u00e4umigen Innenraum bietet die Noe nicht nur Platz f\u00fcr deine Habseligkeiten, sondern verk\u00f6rpert auch einen Hauch von raffinierter Raffinesse. Die Tasche eignet sich perfekt f\u00fcr diejenigen, die Wert auf stilvollen Stauraum legen und dabei nicht auf zeitlose Sch\u00f6nheit verzichten m\u00f6chten. Die flexible Trageweise erm\u00f6glicht es, die Tasche m\u00fchelos in der Hand zu tragen oder leger \u00fcber der Schulter zu schwingen \u2013 eine Fusion von Funktionalit\u00e4t und \u00c4sthetik. Der Sac Noe Grand von Louis Vuitton ist nicht nur ein Accessoire, sondern eine Investition in zeitlosen Charme und vielseitige Eleganz.<\/p>\n","protected":false},"featured_media":79429,"template":"","meta":{"_uag_custom_page_level_css":"","site-sidebar-layout":"default","site-content-layout":"default","ast-site-content-layout":"default","site-content-style":"default","site-sidebar-style":"default","ast-global-header-display":"","ast-banner-title-visibility":"","ast-main-header-display":"","ast-hfb-above-header-display":"","ast-hfb-below-header-display":"","ast-hfb-mobile-header-display":"","site-post-title":"","ast-breadcrumbs-content":"","ast-featured-img":"","footer-sml-layout":"","ast-disable-related-posts":"","theme-transparent-header-meta":"default","adv-header-id-meta":"","stick-header-meta":"default","header-above-stick-meta":"","header-main-stick-meta":"","header-below-stick-meta":"","astra-migrate-meta-layouts":"set","ast-page-background-enabled":"default","ast-page-background-meta":{"desktop":{"background-color":"var(--ast-global-color-4)","background-image":"","background-repeat":"repeat","background-position":"center center","background-size":"auto","background-attachment":"scroll","background-type":"","background-media":"","overlay-type":"","overlay-color":"","overlay-opacity":"","overlay-gradient":""},"tablet":{"background-color":"","background-image":"","background-repeat":"repeat","background-position":"center center","background-size":"auto","background-attachment":"scroll","background-type":"","background-media":"","overlay-type":"","overlay-color":"","overlay-opacity":"","overlay-gradient":""},"mobile":{"background-color":"","background-image":"","background-repeat":"repeat","background-position":"center center","background-size":"auto","background-attachment":"scroll","background-type":"","background-media":"","overlay-type":"","overlay-color":"","overlay-opacity":"","overlay-gradient":""}},"ast-content-background-meta":{"desktop":{"background-color":"var(--ast-global-color-5)","background-image":"","background-repeat":"repeat","background-position":"center center","background-size":"auto","background-attachment":"scroll","background-type":"","background-media":"","overlay-type":"","overlay-color":"","overlay-opacity":"","overlay-gradient":""},"tablet":{"background-color":"var(--ast-global-color-5)","background-image":"","background-repeat":"repeat","background-position":"center center","background-size":"auto","background-attachment":"scroll","background-type":"","background-media":"","overlay-type":"","overlay-color":"","overlay-opacity":"","overlay-gradient":""},"mobile":{"background-color":"var(--ast-global-color-5)","background-image":"","background-repeat":"repeat","background-position":"center center","background-size":"auto","background-attachment":"scroll","background-type":"","background-media":"","overlay-type":"","overlay-color":"","overlay-opacity":"","overlay-gradient":""}},"_glsr_average":0,"_glsr_ranking":0,"_glsr_reviews":0},"product_brand":[1584],"product_cat":[208,239,516,205,204,451],"product_tag":[214,342,344,762],"class_list":{"0":"post-79414","1":"product","2":"type-product","3":"status-publish","4":"has-post-thumbnail","6":"product_brand-louis-vuitton","7":"product_cat-handtaschen","8":"product_cat-louis-vuitton","9":"product_cat-neu-im-shop","10":"product_cat-tragetaschen","11":"product_cat-umhaengetaschen","12":"product_cat-vintage","13":"product_tag-louis-vuitton","14":"product_tag-louis-vuitton-noe","15":"product_tag-louis-vuitton-sac-noe-grand","16":"product_tag-m42224","17":"desktop-align-left","18":"tablet-align-left","19":"mobile-align-left","20":"ast-product-gallery-layout-first-image-large","21":"ast-magnify-disabled","22":"ast-product-tabs-layout-accordion","24":"first","25":"instock","26":"sold-individually","27":"taxable","28":"shipping-taxable","29":"purchasable","30":"product-type-simple"},"spectra_custom_meta":{"rank_math_internal_links_processed":["1","1","1"],"copied_media_ids":["a:0:{}","a:0:{}","a:0:{}","a:0:{}","a:0:{}","a:0:{}"],"referenced_media_ids":["a:25:{i:0;i:79429;i:1;i:79440;i:2;i:79422;i:3;i:79433;i:4;i:79425;i:5;i:79418;i:6;i:79428;i:7;i:79421;i:8;i:79439;i:9;i:79437;i:10;i:79431;i:11;i:79426;i:12;i:79423;i:13;i:79419;i:14;i:79432;i:15;i:79420;i:16;i:79434;i:17;i:79438;i:18;i:79416;i:19;i:79427;i:20;i:79435;i:21;i:79417;i:22;i:79430;i:23;i:79436;i:24;i:79424;}","a:25:{i:0;i:79429;i:1;i:79440;i:2;i:79422;i:3;i:79433;i:4;i:79425;i:5;i:79418;i:6;i:79428;i:7;i:79421;i:8;i:79439;i:9;i:79437;i:10;i:79431;i:11;i:79426;i:12;i:79423;i:13;i:79419;i:14;i:79432;i:15;i:79420;i:16;i:79434;i:17;i:79438;i:18;i:79416;i:19;i:79427;i:20;i:79435;i:21;i:79417;i:22;i:79430;i:23;i:79436;i:24;i:79424;}","a:25:{i:0;i:79429;i:1;i:79440;i:2;i:79422;i:3;i:79433;i:4;i:79425;i:5;i:79418;i:6;i:79428;i:7;i:79421;i:8;i:79439;i:9;i:79437;i:10;i:79431;i:11;i:79426;i:12;i:79423;i:13;i:79419;i:14;i:79432;i:15;i:79420;i:16;i:79434;i:17;i:79438;i:18;i:79416;i:19;i:79427;i:20;i:79435;i:21;i:79417;i:22;i:79430;i:23;i:79436;i:24;i:79424;}","a:25:{i:0;i:79429;i:1;i:79440;i:2;i:79422;i:3;i:79433;i:4;i:79425;i:5;i:79418;i:6;i:79428;i:7;i:79421;i:8;i:79439;i:9;i:79437;i:10;i:79431;i:11;i:79426;i:12;i:79423;i:13;i:79419;i:14;i:79432;i:15;i:79420;i:16;i:79434;i:17;i:79438;i:18;i:79416;i:19;i:79427;i:20;i:79435;i:21;i:79417;i:22;i:79430;i:23;i:79436;i:24;i:79424;}","a:25:{i:0;i:79429;i:1;i:79440;i:2;i:79422;i:3;i:79433;i:4;i:79425;i:5;i:79418;i:6;i:79428;i:7;i:79421;i:8;i:79439;i:9;i:79437;i:10;i:79431;i:11;i:79426;i:12;i:79423;i:13;i:79419;i:14;i:79432;i:15;i:79420;i:16;i:79434;i:17;i:79438;i:18;i:79416;i:19;i:79427;i:20;i:79435;i:21;i:79417;i:22;i:79430;i:23;i:79436;i:24;i:79424;}","a:25:{i:0;i:79429;i:1;i:79440;i:2;i:79422;i:3;i:79433;i:4;i:79425;i:5;i:79418;i:6;i:79428;i:7;i:79421;i:8;i:79439;i:9;i:79437;i:10;i:79431;i:11;i:79426;i:12;i:79423;i:13;i:79419;i:14;i:79432;i:15;i:79420;i:16;i:79434;i:17;i:79438;i:18;i:79416;i:19;i:79427;i:20;i:79435;i:21;i:79417;i:22;i:79430;i:23;i:79436;i:24;i:79424;}"],"_regular_price":["570"],"total_sales":["0"],"_tax_status":["taxable"],"_tax_class":[""],"_manage_stock":["yes"],"_backorders":["no"],"_sold_individually":["yes"],"_upsell_ids":["a:2:{i:0;i:33838;i:1;i:43842;}"],"_virtual":["no"],"_downloadable":["no"],"_product_image_gallery":["79440,79422,79433,79425,79418,79428,79421,79439,79437,79431,79426,79423,79419,79432,79420,79434,79438,79416,79427,79435,79417,79430,79436,79424"],"_download_limit":["-1"],"_download_expiry":["-1"],"_thumbnail_id":["79429"],"_stock":["1"],"_stock_status":["instock"],"_wc_average_rating":[0],"_wc_review_count":["0"],"_product_attributes":["a:3:{s:8:\"pa_brand\";a:7:{s:4:\"name\";s:8:\"pa_brand\";s:5:\"value\";s:0:\"\";s:8:\"position\";i:1;s:10:\"is_visible\";i:0;s:12:\"is_variation\";i:0;s:11:\"is_taxonomy\";i:1;s:16:\"checkout_visible\";i:0;}s:8:\"pa_color\";a:7:{s:4:\"name\";s:8:\"pa_color\";s:5:\"value\";s:0:\"\";s:8:\"position\";i:2;s:10:\"is_visible\";i:0;s:12:\"is_variation\";i:0;s:11:\"is_taxonomy\";i:1;s:16:\"checkout_visible\";i:0;}s:9:\"pa_gender\";a:7:{s:4:\"name\";s:9:\"pa_gender\";s:5:\"value\";s:0:\"\";s:8:\"position\";i:3;s:10:\"is_visible\";i:0;s:12:\"is_variation\";i:0;s:11:\"is_taxonomy\";i:1;s:16:\"checkout_visible\";i:0;}}"],"_product_version":["10.7.0"],"_price":["570"],"_wpml_media_featured":["1","1","1","1","1","1","1","1","1"],"_wpml_media_duplicate":["1","1","1","1","1","1","1","1","1"],"_wpml_word_count":["171"],"_wpml_location_migration_done":["1"],"_fusion":["a:3:{s:17:\"slider_visibility\";s:51:\"small-visibility,medium-visibility,large-visibility\";s:11:\"slider_type\";s:2:\"no\";s:9:\"wooslider\";s:1:\"0\";}"],"rank_math_seo_score":["82"],"rank_math_focus_keyword":["louis vuitton"],"_purchase_price_field":["217,07"],"_internal_warehouse_number_field":["P6-1233"],"_unit":[""],"_unit_base":[""],"_unit_product":[""],"_unit_price_auto":["no"],"_unit_price_regular":[""],"_unit_price":[""],"_unit_price_sale":[""],"_sale_price_label":[""],"_sale_price_regular_label":[""],"_mini_desc":["Louis Vuitton Noe Grand Monogram Canvas"],"_defect_description":[""],"_allergen_ids":["a:0:{}"],"_warranty_attachment_id":[""],"_min_age":[""],"_ts_gtin":[""],"_ts_mpn":[""],"_delivery_time_countries":["a:0:{}"],"_free_shipping":["no"],"_service":["no"],"_photovoltaic_system":["no"],"_used_good":["yes"],"_defective_copy":["no"],"_is_food":["no"],"_differential_taxation":["no"],"_gzd_version":["4.0.3"],"_hs_code":[""],"_manufacture_country":[""],"_rank_math_gtin_code":[""],"_fusion_google_fonts":[""],"fusion_builder_status":["active"],"rank_math_primary_product_cat":["0"],"_wcml_custom_prices_status":["1"],"avada_post_views_count":["18"],"avada_today_post_views_count":["1"],"avada_post_views_count_today_date":["10-04-2023"],"_sale_price_dates_to_USD":[""],"_sale_price_dates_from_USD":[""],"_sale_price_USD":[""],"_regular_price_USD":[""],"_wcml_schedule_USD":["0"],"yikes_woo_products_tabs":["a:2:{i:0;a:3:{s:5:\"title\";s:21:\"Weitere Informationen\";s:2:\"id\";s:21:\"weitere-informationen\";s:7:\"content\";s:843:\"<strong data-start=\"94\" data-end=\"113\">Material au\u00dfen:<\/strong> Monogram Canvas mit Rindslederbesatz<br data-start=\"150\" data-end=\"153\" \/><strong data-start=\"153\" data-end=\"172\" data-is-only-node=\"\">Material innen:<\/strong> Braunes Textilinnenfutter<br data-start=\"198\" data-end=\"201\" \/><strong data-start=\"201\" data-end=\"210\">Ma\u00dfe:<\/strong> (H) 34 \u00d7 (B) 26 \u00d7 (T) 19 cm<br data-start=\"238\" data-end=\"241\" \/><strong data-start=\"241\" data-end=\"255\">Date Code:<\/strong> 883 FC (Produktionsjahr 1988)<br data-start=\"285\" data-end=\"288\" \/><strong data-start=\"288\" data-end=\"296\">SKU:<\/strong> M42224<br data-start=\"303\" data-end=\"306\" \/><strong data-start=\"325\" data-end=\"342\">Lieferumfang:<\/strong> I Love Handbags Staubbeutel sowie ein passendes Ersatzzugband (kein Original von Louis Vuitton; farblich etwas heller als das originale Zugband)\";}i:1;a:3:{s:5:\"title\";s:7:\"Zustand\";s:2:\"id\";s:7:\"zustand\";s:7:\"content\";s:2019:\"<p data-start=\"77\" data-end=\"167\"><strong data-start=\"77\" data-end=\"167\">Gesamtzustand: <\/strong>Sch\u00f6ner, gepflegter Vintage-Zustand mit altersbedingten Gebrauchsspuren\r\n<strong style=\"font-size: 16px;\" data-start=\"169\" data-end=\"180\">Canvas:<\/strong><span style=\"font-size: 16px;\"> Intakt, mit leichten Gebrauchsspuren; auf der R\u00fcckseite befindet sich ein dunklerer Streifen, der beim Tragen jedoch nicht sichtbar ist\r\n<\/span><strong style=\"font-size: 16px;\" data-start=\"320\" data-end=\"339\">Vachetta-Leder:<\/strong><span style=\"font-size: 16px;\"> Sch\u00f6ne, gleichm\u00e4\u00dfige honigfarbene Patina; stellenweise etwas geschmeidiger bzw. leicht trockener in der Haptik, mit vereinzelten Kratzern und leichten Abreibungen\r\n<\/span><strong style=\"font-size: 16px;\" data-start=\"506\" data-end=\"516\">Boden:<\/strong><span style=\"font-size: 16px;\"> Guter Zustand, mit Abrieb sowie vereinzelten Flecken und Kratzern\r\n<\/span><strong style=\"font-size: 16px;\" data-start=\"586\" data-end=\"611\">Seitliche Lederteile:<\/strong><span style=\"font-size: 16px;\"> Gepflegter Zustand, vereinzelt mit oberfl\u00e4chlichen Rissen\r\n<\/span><strong style=\"font-size: 16px;\" data-start=\"681\" data-end=\"707\">Obere Ledereinfassung:<\/strong><span style=\"font-size: 16px;\"> Guter Zustand, mit sichtbarem Abrieb und kleineren Besch\u00e4digungen\r\n<\/span><strong style=\"font-size: 16px;\" data-start=\"770\" data-end=\"782\">Zugband:<\/strong><span style=\"font-size: 16px;\"> Nicht mehr im Original vorhanden, wurde ersetzt\r\n<\/span><strong style=\"font-size: 16px;\" data-start=\"834\" data-end=\"853\">Schulterriemen:<\/strong><span style=\"font-size: 16px;\"> Mit vereinzelten Flecken, leichtem Abrieb sowie partiell feinen, oberfl\u00e4chlichen Haarrissen\r\n<\/span><strong style=\"font-size: 16px;\" data-start=\"949\" data-end=\"962\">Hardware:<\/strong><span style=\"font-size: 16px;\"> Altersbedingt teilweise oxidiert\r\n<\/span><strong style=\"font-size: 16px;\" data-start=\"999\" data-end=\"1013\">Innenraum:<\/strong><span style=\"font-size: 16px;\"> Sauber, mit leichten Gebrauchsspuren<\/span><\/p>\";}}"],"_deposit_type":[""],"_nutrient_ids":["a:0:{}"],"_nutrient_reference_value":["100g"],"_ingredients":[""],"_nutri_score":[""],"_alcohol_content":[""],"_drained_weight":[""],"_net_filling_quantity":[""],"_food_distributor":[""],"_food_description":[""],"_food_place_of_origin":[""],"_deposit_quantity":[""],"site-sidebar-layout":["default"],"site-content-layout":["default"],"theme-transparent-header-meta":["default"],"stick-header-meta":["default"],"_pys_conversion_label_settings":["a:3:{s:6:\"enable\";b:0;s:5:\"label\";s:0:\"\";s:2:\"id\";s:14:\"AW-11184563350\";}"],"_pys_super_pack_cpt_url":[""],"_pys_super_pack_cpt_condition":["only"],"_pys_super_pack_cpt_cart":["hidden"],"_woosea_brand":[""],"_woosea_mpn":[""],"_woosea_upc":[""],"_woosea_ean":[""],"_woosea_gtin":[""],"_woosea_color":[""],"_woosea_size":[""],"_woosea_gender":[""],"_woosea_material":[""],"_woosea_pattern":[""],"_woosea_optimized_title":[""],"_woosea_unit_pricing_measure":[""],"_woosea_unit_pricing_base_measure":[""],"_woosea_condition":[""],"_woosea_age_group":["adult"],"_woosea_installment_months":[""],"_woosea_installment_amount":[""],"_woosea_exclude_product":["no"],"_woosea_cost_of_good_sold":[""],"_woosea_multipack":[""],"_woosea_is_bundle":[""],"_woosea_energy_efficiency_class":[""],"_woosea_min_energy_efficiency_class":[""],"_woosea_max_energy_efficiency_class":[""],"_woosea_is_promotion":[""],"_woosea_custom_field_0":[""],"_woosea_custom_field_1":[""],"_woosea_custom_field_2":[""],"_woosea_custom_field_3":[""],"_woosea_custom_field_4":[""],"_pys_head_footer":["a:7:{s:14:\"disable_global\";b:0;s:8:\"head_any\";s:0:\"\";s:12:\"head_desktop\";s:0:\"\";s:11:\"head_mobile\";s:0:\"\";s:10:\"footer_any\";s:0:\"\";s:14:\"footer_desktop\";s:0:\"\";s:13:\"footer_mobile\";s:0:\"\";}"],"_customs_description":[""],"_is_non_returnable":["no"],"_wpml_media_has_media":["1"],"_wp_old_date":["2023-08-10","2023-08-31","2023-10-23","2023-10-24","2023-11-29","2023-12-02","2023-12-14","2024-01-14","2024-03-12","2024-05-10","2024-06-15","2024-11-15","2025-01-03","2025-11-12","2026-03-24","2026-03-30","2026-04-16"],"ast-site-content-layout":["default"],"site-content-style":["default"],"site-sidebar-style":["default"],"_sale_price_dates_to_CHF":[""],"_sale_price_dates_from_CHF":[""],"_sale_price_CHF":[""],"_regular_price_CHF":[""],"_wcml_schedule_CHF":["0"],"_sale_price_dates_to_GBP":[""],"_sale_price_dates_from_GBP":[""],"_sale_price_GBP":[""],"_regular_price_GBP":[""],"_wcml_schedule_GBP":["0"],"litespeed_vpi_list_mobile":["a:2:{i:0;s:8:\"logo.png\";i:1;s:80:\"Louis-Vuitton-Pochette-Accessoires-Damier-Azur-vorn-2023-0220-scaled-500x500.jpg\";}"],"litespeed_vpi_list":["a:3:{i:0;s:8:\"logo.png\";i:1;s:6:\"de.png\";i:2;s:80:\"Louis-Vuitton-Pochette-Accessoires-Damier-Azur-vorn-2023-0220-scaled-500x500.jpg\";}"],"_internal_date_code":["883FC"],"_internal_product_origin":["USA"],"_product_rating":["between B and C"],"_custom_html_content":[""],"_wpml_post_translation_editor_native":["no"],"_not_in_inventory_checkbox":[""],"rank_math_contentai_score":["a:4:{s:9:\"wordCount\";s:4:\"3.02\";s:9:\"linkCount\";s:1:\"0\";s:12:\"headingCount\";s:1:\"0\";s:10:\"mediaCount\";s:3:\"100\";}"],"_customer_view":["3"],"_custom_view_last_updated":["2026-04-16 00:18:21"],"_shipping_length":[""],"_shipping_width":[""],"_shipping_height":[""],"_zettle_product_cat_id":[""],"_product_shipping_weight":["1kg"],"_manufacturer_slug":["lvmh-moet-hennessy-louis-vuitton-se"],"_safety_attachment_ids":["a:0:{}"],"_product_available_from_field":["2026-04-17T19:00"],"_safety_instructions":[""],"_product_reserve_till_field":[""],"_product_reserve_add_cart_link_key":["eTdVpLvPiacuSGINnFwJgMQDqOoBCWbsmyHRzXhKUEfrxYAkjltZ1734380194"],"similar_product_key":["1737904742"],"_wireless_electronic_device":["no"],"_device_contains_power_supply":["no"],"_device_charging_supports_usb_pd":["no"],"_device_charging_watt_min":["0"],"_device_charging_watt_max":["0"],"rank_math_primary_product_brand":["1584"],"_default_delivery_time":[""],"rank_math_auto_redirect":["a:1:{i:0;i:76;}"],"sib_push_meta_box_present":["1"],"sib_push_send_notification":["0"],"sib_push_target_segment_ids":["@ALL"],"_ame_cpe_post_policy":["{\"accessProtection\":{\"active\":\"replace\"}}"],"last_permotional_email_sent_on":["16.06.2025 09:54"],"_izettle_barcode":[""],"_izettle_nosync":[""],"_izettle_cost_price":[""],"_izettle_special_price":[""],"_izettle_product_name":[""],"_izettle_image_lookup_key":["3kyncy1cEe-udXp3qLWasA-MT_Z30wrEfCVGrlDH1Igew"],"woocommerce_izettle_product_uuid":["3143163e-4c2b-11f0-b317-353536383939"],"woocommerce_izettle_variant_uuid":["31432840-4c2b-11f0-a766-353536383939"],"_izettle_updated":["1752127220"],"_ship_separately_via":[""],"_zettle_barcode":[""],"sib_push_send_notification_delay_seconds":["0"],"_is_non_alcoholic":["no"],"_entrupy_echtheitszertifikat":["yes"],"_mid_code":[""],"_shipping_weight":[""],"rank_math_analytic_object_id":["2809"],"_sku":["P6-1233"],"_edit_lock":["1776265406:4"],"_edit_last":["4"],"_nickx_video_text_url":["a:1:{i:0;s:0:\"\";}"],"_nickx_product_video_type":["a:1:{i:0;s:23:\"nickx_video_url_youtube\";}"],"_custom_thumbnail":["a:1:{i:0;s:0:\"\";}"],"_nickx_product_video_thumb_ids":["a:1:{i:0;s:0:\"\";}"],"_video_schema":["a:1:{i:0;s:0:\"\";}"],"_nickx_video_upload_date":["a:1:{i:0;s:0:\"\";}"],"_nickx_video_name":["a:1:{i:0;s:0:\"\";}"],"_nickx_video_description":["a:1:{i:0;s:0:\"\";}"],"_gdrive_field":["https:\/\/drive.google.com\/drive\/u\/1\/folders\/1e05RXKFOD9LB6TykvPGWpgzayT8KUBCc"],"_wcml_average_rating":[null],"_wcml_review_count":[null],"_wcml_rating_count":[null],"astra-migrate-meta-layouts":["set"],"_uag_page_assets":["a:9:{s:3:\"css\";s:0:\"\";s:2:\"js\";s:0:\"\";s:18:\"current_block_list\";a:6:{i:0;s:26:\"woocommerce\/filter-wrapper\";i:1;s:24:\"woocommerce\/price-filter\";i:2;s:30:\"woocommerce\/product-categories\";i:3;s:14:\"core\/paragraph\";i:4;s:14:\"core\/shortcode\";i:5;s:11:\"core\/search\";}s:8:\"uag_flag\";b:0;s:11:\"uag_version\";s:10:\"1776275997\";s:6:\"gfonts\";a:0:{}s:10:\"gfonts_url\";s:0:\"\";s:12:\"gfonts_files\";a:0:{}s:14:\"uag_faq_layout\";b:0;}"],"_wc_rating_count":[""]},"uagb_featured_image_src":{"full":["https:\/\/ilovehandbags.com\/wp-content\/uploads\/sites\/3\/Louis-Vuitton-Noe-Grand-Monogram-Canvas-1233-12.jpg",2048,1536,false],"thumbnail":["https:\/\/ilovehandbags.com\/wp-content\/uploads\/sites\/3\/Louis-Vuitton-Noe-Grand-Monogram-Canvas-1233-12-150x150.jpg",150,150,true],"medium":["https:\/\/ilovehandbags.com\/wp-content\/uploads\/sites\/3\/Louis-Vuitton-Noe-Grand-Monogram-Canvas-1233-12-300x300.jpg",300,300,true],"medium_large":["https:\/\/ilovehandbags.com\/wp-content\/uploads\/sites\/3\/Louis-Vuitton-Noe-Grand-Monogram-Canvas-1233-12-768x768.jpg",768,768,true],"large":["https:\/\/ilovehandbags.com\/wp-content\/uploads\/sites\/3\/Louis-Vuitton-Noe-Grand-Monogram-Canvas-1233-12-1024x1024.jpg",1024,1024,true],"1536x1536":["https:\/\/ilovehandbags.com\/wp-content\/uploads\/sites\/3\/Louis-Vuitton-Noe-Grand-Monogram-Canvas-1233-12.jpg",1536,1152,false],"2048x2048":["https:\/\/ilovehandbags.com\/wp-content\/uploads\/sites\/3\/Louis-Vuitton-Noe-Grand-Monogram-Canvas-1233-12.jpg",2048,1536,false],"woocommerce_thumbnail":["https:\/\/ilovehandbags.com\/wp-content\/uploads\/sites\/3\/Louis-Vuitton-Noe-Grand-Monogram-Canvas-1233-12-500x500.jpg",500,500,true],"woocommerce_single":["https:\/\/ilovehandbags.com\/wp-content\/uploads\/sites\/3\/Louis-Vuitton-Noe-Grand-Monogram-Canvas-1233-12-500x500.jpg",500,500,true],"woocommerce_gallery_thumbnail":["https:\/\/ilovehandbags.com\/wp-content\/uploads\/sites\/3\/Louis-Vuitton-Noe-Grand-Monogram-Canvas-1233-12-100x100.jpg",100,100,true]},"uagb_author_info":{"display_name":"ILoveHandbags","author_link":"https:\/\/ilovehandbags.com\/de\/author\/"},"uagb_comment_info":0,"uagb_excerpt":"Der Louis Vuitton Sac Noe Grand verk\u00f6rpert zeitlose Eleganz und exquisiten Stil. Seine Wurzeln reichen zur\u00fcck in die 30er Jahre, als er urspr\u00fcnglich f\u00fcr Champagnerproduzenten entworfen wurde, um Flaschen sicher zu transportieren. Diese ikonische Tasche tr\u00e4gt somit nicht nur den Glanz von Luxus, sondern auch eine faszinierende Geschichte. Mit einem ger\u00e4umigen Innenraum bietet die Noe&hellip;","_links":{"self":[{"href":"https:\/\/ilovehandbags.com\/de\/wp-json\/wp\/v2\/product\/79414","targetHints":{"allow":["GET"]}}],"collection":[{"href":"https:\/\/ilovehandbags.com\/de\/wp-json\/wp\/v2\/product"}],"about":[{"href":"https:\/\/ilovehandbags.com\/de\/wp-json\/wp\/v2\/types\/product"}],"wp:featuredmedia":[{"embeddable":true,"href":"https:\/\/ilovehandbags.com\/de\/wp-json\/wp\/v2\/media\/79429"}],"wp:attachment":[{"href":"https:\/\/ilovehandbags.com\/de\/wp-json\/wp\/v2\/media?parent=79414"}],"wp:term":[{"taxonomy":"product_brand","embeddable":true,"href":"https:\/\/ilovehandbags.com\/de\/wp-json\/wp\/v2\/product_brand?post=79414"},{"taxonomy":"product_cat","embeddable":true,"href":"https:\/\/ilovehandbags.com\/de\/wp-json\/wp\/v2\/product_cat?post=79414"},{"taxonomy":"product_tag","embeddable":true,"href":"https:\/\/ilovehandbags.com\/de\/wp-json\/wp\/v2\/product_tag?post=79414"}],"curies":[{"name":"wp","href":"https:\/\/api.w.org\/{rel}","templated":true}]}}