{"id":79497,"date":"2026-04-23T12:00:43","date_gmt":"2026-04-23T10:00:43","guid":{"rendered":"https:\/\/ilovehandbags.com\/?post_type=product&#038;p=79497"},"modified":"2026-04-21T09:25:42","modified_gmt":"2026-04-21T07:25:42","slug":"mcm-aren-flat-pouch-1235","status":"publish","type":"product","link":"https:\/\/ilovehandbags.com\/de\/mcm-aren-flat-pouch-1235\/","title":{"rendered":"MCM Aren Flat Pouch"},"content":{"rendered":"","protected":false},"excerpt":{"rendered":"<div class=\"flex-shrink-0 flex flex-col relative items-end\">\n<div class=\"pt-0\">\n<div class=\"gizmo-bot-avatar flex h-8 w-8 items-center justify-center overflow-hidden rounded-full\">\n<div class=\"relative p-1 rounded-sm flex items-center justify-center bg-token-main-surface-primary text-token-text-primary h-8 w-8\">\n<div class=\"flex-shrink-0 flex flex-col relative items-end\">\n<div class=\"pt-0\">\n<div class=\"gizmo-bot-avatar flex h-8 w-8 items-center justify-center overflow-hidden rounded-full\">\n<div class=\"relative p-1 rounded-sm flex items-center justify-center bg-token-main-surface-primary text-token-text-primary h-8 w-8\">Die MCM Aren Flat Pouch im klassischen cognacfarbenen Visetos Canvas ist ein elegantes und funktionales Accessoire, das deine Wertsachen sicher und stilvoll verstaut. Mit einem gro\u00dfz\u00fcgigen Hauptfach und zwei praktischen Innenf\u00e4chern bietet sie ausreichend Platz f\u00fcr Ihre Essentials. Der Rei\u00dfverschluss auf der Oberseite sorgt f\u00fcr zus\u00e4tzlichen Schutz, w\u00e4hrend die abnehmbare Schulterkette dir die M\u00f6glichkeit gibt, die Pouch auch in der Hand zu tragen. Der edle Nappalederbesatz und die vergoldeten Beschl\u00e4ge verleihen der Pouch eine luxuri\u00f6se Note. Das as Baumwoll-Twill-Futter rundet das Design perfekt ab.<\/div>\n<\/div>\n<\/div>\n<\/div>\n<\/div>\n<\/div>\n<\/div>\n<\/div>\n","protected":false},"featured_media":79509,"template":"","meta":{"_uag_custom_page_level_css":"","site-sidebar-layout":"default","site-content-layout":"default","ast-site-content-layout":"default","site-content-style":"default","site-sidebar-style":"default","ast-global-header-display":"","ast-banner-title-visibility":"","ast-main-header-display":"","ast-hfb-above-header-display":"","ast-hfb-below-header-display":"","ast-hfb-mobile-header-display":"","site-post-title":"","ast-breadcrumbs-content":"","ast-featured-img":"","footer-sml-layout":"","ast-disable-related-posts":"","theme-transparent-header-meta":"default","adv-header-id-meta":"","stick-header-meta":"default","header-above-stick-meta":"","header-main-stick-meta":"","header-below-stick-meta":"","astra-migrate-meta-layouts":"set","ast-page-background-enabled":"default","ast-page-background-meta":{"desktop":{"background-color":"var(--ast-global-color-4)","background-image":"","background-repeat":"repeat","background-position":"center center","background-size":"auto","background-attachment":"scroll","background-type":"","background-media":"","overlay-type":"","overlay-color":"","overlay-opacity":"","overlay-gradient":""},"tablet":{"background-color":"","background-image":"","background-repeat":"repeat","background-position":"center center","background-size":"auto","background-attachment":"scroll","background-type":"","background-media":"","overlay-type":"","overlay-color":"","overlay-opacity":"","overlay-gradient":""},"mobile":{"background-color":"","background-image":"","background-repeat":"repeat","background-position":"center center","background-size":"auto","background-attachment":"scroll","background-type":"","background-media":"","overlay-type":"","overlay-color":"","overlay-opacity":"","overlay-gradient":""}},"ast-content-background-meta":{"desktop":{"background-color":"var(--ast-global-color-5)","background-image":"","background-repeat":"repeat","background-position":"center center","background-size":"auto","background-attachment":"scroll","background-type":"","background-media":"","overlay-type":"","overlay-color":"","overlay-opacity":"","overlay-gradient":""},"tablet":{"background-color":"var(--ast-global-color-5)","background-image":"","background-repeat":"repeat","background-position":"center center","background-size":"auto","background-attachment":"scroll","background-type":"","background-media":"","overlay-type":"","overlay-color":"","overlay-opacity":"","overlay-gradient":""},"mobile":{"background-color":"var(--ast-global-color-5)","background-image":"","background-repeat":"repeat","background-position":"center center","background-size":"auto","background-attachment":"scroll","background-type":"","background-media":"","overlay-type":"","overlay-color":"","overlay-opacity":"","overlay-gradient":""}},"_glsr_average":0,"_glsr_ranking":0,"_glsr_reviews":0},"product_brand":[1590],"product_cat":[242,1325,516,204],"product_tag":[1405,2244,1549,1550],"class_list":{"0":"post-79497","1":"product","2":"type-product","3":"status-publish","4":"has-post-thumbnail","6":"product_brand-mcm","7":"product_cat-kleine-taschen","8":"product_cat-mcm","9":"product_cat-neu-im-shop","10":"product_cat-umhaengetaschen","11":"product_tag-mcm","12":"product_tag-mcm-aren-flat-pouch","13":"product_tag-mcm-pouch","14":"product_tag-mcm-reissverschluss-pouch","15":"desktop-align-left","16":"tablet-align-left","17":"mobile-align-left","18":"ast-product-gallery-layout-first-image-large","19":"ast-magnify-disabled","20":"ast-product-tabs-layout-accordion","22":"first","23":"instock","24":"sold-individually","25":"purchasable","26":"product-type-simple"},"spectra_custom_meta":{"rank_math_internal_links_processed":["1"],"copied_media_ids":["a:0:{}","a:0:{}"],"referenced_media_ids":["a:11:{i:0;i:79509;i:1;i:79512;i:2;i:79510;i:3;i:79502;i:4;i:79504;i:5;i:79505;i:6;i:79503;i:7;i:79506;i:8;i:79507;i:9;i:79511;i:10;i:79508;}","a:11:{i:0;i:79509;i:1;i:79512;i:2;i:79510;i:3;i:79502;i:4;i:79504;i:5;i:79505;i:6;i:79503;i:7;i:79506;i:8;i:79507;i:9;i:79511;i:10;i:79508;}"],"_regular_price":["350"],"total_sales":["0"],"_tax_status":["none"],"_tax_class":[""],"_manage_stock":["yes"],"_backorders":["no"],"_sold_individually":["yes"],"_virtual":["no"],"_downloadable":["no"],"_product_image_gallery":["79512,79510,79502,79504,79505,79503,79506,79507,79511,79508"],"_download_limit":["-1"],"_download_expiry":["-1"],"_thumbnail_id":["79509"],"_stock":["1"],"_stock_status":["instock"],"_wc_average_rating":[0],"_wc_review_count":["0"],"_product_attributes":["a:3:{s:8:\"pa_brand\";a:7:{s:4:\"name\";s:8:\"pa_brand\";s:5:\"value\";s:0:\"\";s:8:\"position\";i:0;s:10:\"is_visible\";i:0;s:12:\"is_variation\";i:1;s:11:\"is_taxonomy\";i:1;s:16:\"checkout_visible\";i:0;}s:8:\"pa_color\";a:7:{s:4:\"name\";s:8:\"pa_color\";s:5:\"value\";s:0:\"\";s:8:\"position\";i:1;s:10:\"is_visible\";i:0;s:12:\"is_variation\";i:1;s:11:\"is_taxonomy\";i:1;s:16:\"checkout_visible\";i:0;}s:9:\"pa_gender\";a:7:{s:4:\"name\";s:9:\"pa_gender\";s:5:\"value\";s:0:\"\";s:8:\"position\";i:2;s:10:\"is_visible\";i:0;s:12:\"is_variation\";i:1;s:11:\"is_taxonomy\";i:1;s:16:\"checkout_visible\";i:0;}}"],"_product_version":["10.7.0"],"_price":["350"],"_wpml_media_featured":["1","1","1","1","1","1","1","1","1","1","1"],"_wpml_media_duplicate":["1","1","1","1","1","1","1","1","1","1","1"],"_wpml_word_count":["110"],"_wpml_location_migration_done":["1"],"_fusion":["a:3:{s:17:\"slider_visibility\";s:51:\"small-visibility,medium-visibility,large-visibility\";s:11:\"slider_type\";s:2:\"no\";s:9:\"wooslider\";s:1:\"0\";}"],"rank_math_seo_score":["83"],"rank_math_focus_keyword":["MCM"],"_purchase_price_field":["235"],"_internal_warehouse_number_field":["P6-1235"],"_unit":[""],"_unit_base":[""],"_unit_product":[""],"_unit_price_auto":["no"],"_unit_price_regular":[""],"_unit_price":[""],"_unit_price_sale":[""],"_sale_price_label":[""],"_sale_price_regular_label":[""],"_mini_desc":["MCM Aren Flat Pouch"],"_defect_description":[""],"_allergen_ids":["a:0:{}"],"_warranty_attachment_id":[""],"_min_age":[""],"_ts_gtin":[""],"_ts_mpn":[""],"_delivery_time_countries":["a:0:{}"],"_free_shipping":["no"],"_service":["no"],"_photovoltaic_system":["no"],"_used_good":["yes"],"_defective_copy":["no"],"_is_food":["no"],"_differential_taxation":["yes"],"_gzd_version":["4.0.3"],"_hs_code":[""],"_manufacture_country":[""],"_rank_math_gtin_code":[""],"_fusion_google_fonts":[""],"fusion_builder_status":["active"],"rank_math_primary_product_cat":["0"],"_wcml_custom_prices_status":["0"],"avada_post_views_count":["50"],"avada_today_post_views_count":["1"],"avada_post_views_count_today_date":["13-04-2023"],"yikes_woo_products_tabs":["a:2:{i:0;a:3:{s:5:\"title\";s:21:\"Weitere Informationen\";s:2:\"id\";s:21:\"weitere-informationen\";s:7:\"content\";s:286:\"<strong>Material au\u00dfen: <\/strong>Visetos Canvas und Nappaleder\r\n<strong>Material innen: <\/strong>Textilinnenfutter\r\n<strong>Ma\u00dfe: <\/strong>(B) 29\u00a0 x (H) 21 x (T) 1,5 cm\r\n<strong>L\u00e4nge Schulterriemen:<\/strong> ca 125-136 cm\r\n<strong>Lieferumfang:<\/strong> I Love Handbags Staubbeutel\";}i:1;a:3:{s:5:\"title\";s:7:\"Zustand\";s:2:\"id\";s:7:\"zustand\";s:7:\"content\";s:269:\"<strong>Gesamtzustand: <\/strong>Neuwertig\r\n<strong>Canvas und Leder:<\/strong> Intakt mit minimalen Gebrauchsspuren\r\n<strong>Hardware:<\/strong> Leichte Gebrauchsspuren\r\n<strong>Rei\u00dfverschluss:<\/strong> Schlie\u00dft fl\u00fcssig\r\n<strong>Innenraum: <\/strong>Sauber und gepflegt\";}}"],"_deposit_type":[""],"_nutrient_ids":["a:0:{}"],"_nutrient_reference_value":["100g"],"_ingredients":[""],"_nutri_score":[""],"_alcohol_content":[""],"_drained_weight":[""],"_net_filling_quantity":[""],"_food_distributor":[""],"_food_description":[""],"_food_place_of_origin":[""],"_deposit_quantity":[""],"site-sidebar-layout":["default"],"site-content-layout":["default"],"theme-transparent-header-meta":["default"],"stick-header-meta":["default"],"_pys_conversion_label_settings":["a:3:{s:6:\"enable\";b:0;s:5:\"label\";s:0:\"\";s:2:\"id\";s:14:\"AW-11184563350\";}"],"_pys_super_pack_cpt_url":[""],"_pys_super_pack_cpt_condition":["only"],"_pys_super_pack_cpt_cart":["hidden"],"_woosea_brand":[""],"_woosea_mpn":[""],"_woosea_upc":[""],"_woosea_ean":[""],"_woosea_gtin":[""],"_woosea_color":[""],"_woosea_size":[""],"_woosea_gender":[""],"_woosea_material":[""],"_woosea_pattern":[""],"_woosea_optimized_title":[""],"_woosea_unit_pricing_measure":[""],"_woosea_unit_pricing_base_measure":[""],"_woosea_condition":[""],"_woosea_age_group":["adult"],"_woosea_installment_months":[""],"_woosea_installment_amount":[""],"_woosea_exclude_product":["no"],"_woosea_cost_of_good_sold":[""],"_woosea_multipack":[""],"_woosea_is_bundle":[""],"_woosea_energy_efficiency_class":[""],"_woosea_min_energy_efficiency_class":[""],"_woosea_max_energy_efficiency_class":[""],"_woosea_is_promotion":[""],"_woosea_custom_field_0":[""],"_woosea_custom_field_1":[""],"_woosea_custom_field_2":[""],"_woosea_custom_field_3":[""],"_woosea_custom_field_4":[""],"_pys_head_footer":["a:7:{s:14:\"disable_global\";b:0;s:8:\"head_any\";s:0:\"\";s:12:\"head_desktop\";s:0:\"\";s:11:\"head_mobile\";s:0:\"\";s:10:\"footer_any\";s:0:\"\";s:14:\"footer_desktop\";s:0:\"\";s:13:\"footer_mobile\";s:0:\"\";}"],"_customs_description":[""],"_is_non_returnable":["no"],"_wpml_media_has_media":["1"],"litespeed_vpi_list_mobile":["a:2:{i:0;s:8:\"logo.png\";i:1;s:64:\"Louis-Vuitton-Clemence-Creme-hinten-2023-0175-scaled-500x500.jpg\";}"],"litespeed_vpi_list":["a:4:{i:0;s:8:\"logo.png\";i:1;s:6:\"de.png\";i:2;s:64:\"Louis-Vuitton-Clemence-Creme-hinten-2023-0175-scaled-500x500.jpg\";i:3;s:35:\"three-o-clock-clock-svgrepo-com.svg\";}"],"_internal_date_code":["nicht vorhanden"],"_internal_product_origin":["S\u00fcdkorea"],"_product_rating":["N"],"ast-site-content-layout":["default"],"site-content-style":["default"],"site-sidebar-style":["default"],"_rank_math_video":["true"],"rank_math_robots":["a:1:{i:0;s:5:\"index\";}"],"_not_in_inventory_checkbox":["yes"],"_customer_view":["13"],"_custom_view_last_updated":["2026-04-23 14:53:15"],"_shipping_length":[""],"_shipping_width":[""],"_shipping_height":[""],"_custom_html_content":[""],"_wpml_post_translation_editor_native":["no"],"_product_shipping_weight":["1kg"],"_zettle_product_cat_id":[""],"_wp_old_date":["2024-08-15","2025-01-15","2025-03-06","2025-06-19"],"_product_available_from_field":["2026-04-24T19:00"],"_manufacturer_slug":["mcm-global-ag"],"_safety_instructions":[""],"_safety_attachment_ids":["a:0:{}"],"_nickx_video_text_url":["a:1:{i:0;s:0:\"\";}"],"_nickx_product_video_type":["a:1:{i:0;s:23:\"nickx_video_url_youtube\";}"],"_nickx_product_video_thumb_ids":["a:1:{i:0;s:0:\"\";}"],"_product_reserve_till_field":[""],"similar_product_key":["1736771325"],"_wireless_electronic_device":["no"],"_device_contains_power_supply":["no"],"_device_charging_supports_usb_pd":["no"],"_device_charging_watt_min":["0"],"_device_charging_watt_max":["0"],"rank_math_primary_product_brand":["1590"],"sib_push_meta_box_present":["1"],"sib_push_send_notification":["0"],"sib_push_target_segment_ids":["@ALL"],"_ame_cpe_post_policy":["{\"accessProtection\":{\"active\":\"replace\"}}"],"_izettle_barcode":[""],"_izettle_nosync":[""],"_izettle_cost_price":[""],"_izettle_special_price":[""],"_izettle_product_name":[""],"_izettle_image_lookup_key":["3kyncy1cEe-udXp3qLWasA-jVcTBkw-EfCd8cZQNGc64w"],"woocommerce_izettle_product_uuid":["8d5a3566-4c3e-11f0-b627-353536383939"],"woocommerce_izettle_variant_uuid":["8d5a436c-4c3e-11f0-b6fb-353536383939"],"_izettle_updated":["1755928872"],"_ship_separately_via":[""],"rank_math_analytic_object_id":["643"],"_sku":["P6-1235"],"_edit_lock":["1776943501:4"],"_edit_last":["4"],"sib_push_send_notification_delay_seconds":["0"],"_entrupy_echtheitszertifikat":["yes"],"_is_non_alcoholic":["no"],"_mid_code":[""],"_shipping_weight":[""],"_custom_thumbnail":["a:1:{i:0;s:2:\"no\";}"],"_video_schema":["a:1:{i:0;s:2:\"no\";}"],"_nickx_video_upload_date":["a:1:{i:0;s:0:\"\";}"],"_nickx_video_name":["a:1:{i:0;s:0:\"\";}"],"_nickx_video_description":["a:1:{i:0;s:0:\"\";}"],"_gdrive_field":["https:\/\/drive.google.com\/drive\/u\/1\/folders\/1Kl5DzGIsSO5CDGycejZdOi6omyYHxCsG"],"_wcml_average_rating":[null],"_wcml_review_count":[null],"_wcml_rating_count":[null],"astra-migrate-meta-layouts":["set"],"_uag_page_assets":["a:9:{s:3:\"css\";s:0:\"\";s:2:\"js\";s:0:\"\";s:18:\"current_block_list\";a:6:{i:0;s:26:\"woocommerce\/filter-wrapper\";i:1;s:24:\"woocommerce\/price-filter\";i:2;s:30:\"woocommerce\/product-categories\";i:3;s:14:\"core\/paragraph\";i:4;s:14:\"core\/shortcode\";i:5;s:11:\"core\/search\";}s:8:\"uag_flag\";b:0;s:11:\"uag_version\";s:10:\"1776944689\";s:6:\"gfonts\";a:0:{}s:10:\"gfonts_url\";s:0:\"\";s:12:\"gfonts_files\";a:0:{}s:14:\"uag_faq_layout\";b:0;}"],"_wc_rating_count":[""]},"uagb_featured_image_src":{"full":["https:\/\/ilovehandbags.com\/wp-content\/uploads\/sites\/3\/MCM-Aren-Flat-Pouch-1235-03.jpg",2048,1536,false],"thumbnail":["https:\/\/ilovehandbags.com\/wp-content\/uploads\/sites\/3\/MCM-Aren-Flat-Pouch-1235-03-150x150.jpg",150,150,true],"medium":["https:\/\/ilovehandbags.com\/wp-content\/uploads\/sites\/3\/MCM-Aren-Flat-Pouch-1235-03-300x300.jpg",300,300,true],"medium_large":["https:\/\/ilovehandbags.com\/wp-content\/uploads\/sites\/3\/MCM-Aren-Flat-Pouch-1235-03-768x768.jpg",768,768,true],"large":["https:\/\/ilovehandbags.com\/wp-content\/uploads\/sites\/3\/MCM-Aren-Flat-Pouch-1235-03-1024x1024.jpg",1024,1024,true],"1536x1536":["https:\/\/ilovehandbags.com\/wp-content\/uploads\/sites\/3\/MCM-Aren-Flat-Pouch-1235-03.jpg",1536,1152,false],"2048x2048":["https:\/\/ilovehandbags.com\/wp-content\/uploads\/sites\/3\/MCM-Aren-Flat-Pouch-1235-03.jpg",2048,1536,false],"woocommerce_thumbnail":["https:\/\/ilovehandbags.com\/wp-content\/uploads\/sites\/3\/MCM-Aren-Flat-Pouch-1235-03-500x500.jpg",500,500,true],"woocommerce_single":["https:\/\/ilovehandbags.com\/wp-content\/uploads\/sites\/3\/MCM-Aren-Flat-Pouch-1235-03-500x500.jpg",500,500,true],"woocommerce_gallery_thumbnail":["https:\/\/ilovehandbags.com\/wp-content\/uploads\/sites\/3\/MCM-Aren-Flat-Pouch-1235-03-100x100.jpg",100,100,true]},"uagb_author_info":{"display_name":"ILoveHandbags","author_link":"https:\/\/ilovehandbags.com\/de\/author\/"},"uagb_comment_info":0,"uagb_excerpt":"Die MCM Aren Flat Pouch im klassischen cognacfarbenen Visetos Canvas ist ein elegantes und funktionales Accessoire, das deine Wertsachen sicher und stilvoll verstaut. Mit einem gro\u00dfz\u00fcgigen Hauptfach und zwei praktischen Innenf\u00e4chern bietet sie ausreichend Platz f\u00fcr Ihre Essentials. Der Rei\u00dfverschluss auf der Oberseite sorgt f\u00fcr zus\u00e4tzlichen Schutz, w\u00e4hrend die abnehmbare Schulterkette dir die M\u00f6glichkeit gibt,&hellip;","_links":{"self":[{"href":"https:\/\/ilovehandbags.com\/de\/wp-json\/wp\/v2\/product\/79497","targetHints":{"allow":["GET"]}}],"collection":[{"href":"https:\/\/ilovehandbags.com\/de\/wp-json\/wp\/v2\/product"}],"about":[{"href":"https:\/\/ilovehandbags.com\/de\/wp-json\/wp\/v2\/types\/product"}],"wp:featuredmedia":[{"embeddable":true,"href":"https:\/\/ilovehandbags.com\/de\/wp-json\/wp\/v2\/media\/79509"}],"wp:attachment":[{"href":"https:\/\/ilovehandbags.com\/de\/wp-json\/wp\/v2\/media?parent=79497"}],"wp:term":[{"taxonomy":"product_brand","embeddable":true,"href":"https:\/\/ilovehandbags.com\/de\/wp-json\/wp\/v2\/product_brand?post=79497"},{"taxonomy":"product_cat","embeddable":true,"href":"https:\/\/ilovehandbags.com\/de\/wp-json\/wp\/v2\/product_cat?post=79497"},{"taxonomy":"product_tag","embeddable":true,"href":"https:\/\/ilovehandbags.com\/de\/wp-json\/wp\/v2\/product_tag?post=79497"}],"curies":[{"name":"wp","href":"https:\/\/api.w.org\/{rel}","templated":true}]}}