{"id":79993,"date":"2026-03-30T08:40:46","date_gmt":"2026-03-30T06:40:46","guid":{"rendered":"https:\/\/ilovehandbags.com\/?post_type=product&#038;p=79993"},"modified":"2026-04-30T09:12:19","modified_gmt":"2026-04-30T07:12:19","slug":"taschenhalter-fuer-den-tisch","status":"publish","type":"product","link":"https:\/\/ilovehandbags.com\/de\/taschenhalter-fuer-den-tisch\/","title":{"rendered":"I Love Handbags Taschenhalter f\u00fcr den Tisch"},"content":{"rendered":"","protected":false},"excerpt":{"rendered":"<p data-start=\"0\" data-end=\"311\">Sch\u00fctze deine Designerhandtasche stilvoll \u2013 mit dem exklusiven Taschenhalter von I Love Handbags. Das praktische Accessoire sorgt daf\u00fcr, dass deine Tasche unterwegs nicht auf dem Boden stehen muss, sondern sauber, sicher und jederzeit griffbereit am Tisch h\u00e4ngt \u2013 ideal f\u00fcr Caf\u00e9, Restaurant, B\u00fcro oder Reisen. Der Taschenhalter \u00fcberzeugt durch seine edle silberfarbene Optik und wird durch das hochwertige I Love Handbags Logo im Doming-Verfahren veredelt. Dadurch entsteht ein eleganter, moderner Look, der perfekt zu hochwertigen Handtaschen passt. Durch den klappbaren Mechanismus l\u00e4sst sich der Taschenhalter besonders kompakt verstauen und passt problemlos in jede Handtasche. Die rutschfeste Unterseite sorgt f\u00fcr stabilen Halt auf unterschiedlichsten Tischoberfl\u00e4chen \u2013 f\u00fcr maximale Sicherheit im Alltag. Ein durchdachtes Must-have f\u00fcr alle, die ihre Tasche lieben und Wert auf Pflege, Hygiene und Stil legen.<\/p>\n<p style=\"text-align: center;\" data-start=\"1152\" data-end=\"1225\" data-is-last-node=\"\" data-is-only-node=\"\">\n","protected":false},"featured_media":80001,"template":"","meta":{"_uag_custom_page_level_css":"","site-sidebar-layout":"default","site-content-layout":"","ast-site-content-layout":"default","site-content-style":"default","site-sidebar-style":"default","ast-global-header-display":"","ast-banner-title-visibility":"","ast-main-header-display":"","ast-hfb-above-header-display":"","ast-hfb-below-header-display":"","ast-hfb-mobile-header-display":"","site-post-title":"","ast-breadcrumbs-content":"","ast-featured-img":"","footer-sml-layout":"","ast-disable-related-posts":"","theme-transparent-header-meta":"default","adv-header-id-meta":"","stick-header-meta":"default","header-above-stick-meta":"","header-main-stick-meta":"","header-below-stick-meta":"","astra-migrate-meta-layouts":"set","ast-page-background-enabled":"default","ast-page-background-meta":{"desktop":{"background-color":"var(--ast-global-color-4)","background-image":"","background-repeat":"repeat","background-position":"center center","background-size":"auto","background-attachment":"scroll","background-type":"","background-media":"","overlay-type":"","overlay-color":"","overlay-opacity":"","overlay-gradient":""},"tablet":{"background-color":"","background-image":"","background-repeat":"repeat","background-position":"center center","background-size":"auto","background-attachment":"scroll","background-type":"","background-media":"","overlay-type":"","overlay-color":"","overlay-opacity":"","overlay-gradient":""},"mobile":{"background-color":"","background-image":"","background-repeat":"repeat","background-position":"center center","background-size":"auto","background-attachment":"scroll","background-type":"","background-media":"","overlay-type":"","overlay-color":"","overlay-opacity":"","overlay-gradient":""}},"ast-content-background-meta":{"desktop":{"background-color":"var(--ast-global-color-5)","background-image":"","background-repeat":"repeat","background-position":"center center","background-size":"auto","background-attachment":"scroll","background-type":"","background-media":"","overlay-type":"","overlay-color":"","overlay-opacity":"","overlay-gradient":""},"tablet":{"background-color":"var(--ast-global-color-5)","background-image":"","background-repeat":"repeat","background-position":"center center","background-size":"auto","background-attachment":"scroll","background-type":"","background-media":"","overlay-type":"","overlay-color":"","overlay-opacity":"","overlay-gradient":""},"mobile":{"background-color":"var(--ast-global-color-5)","background-image":"","background-repeat":"repeat","background-position":"center center","background-size":"auto","background-attachment":"scroll","background-type":"","background-media":"","overlay-type":"","overlay-color":"","overlay-opacity":"","overlay-gradient":""}},"_glsr_average":0,"_glsr_ranking":0,"_glsr_reviews":0},"product_brand":[2204],"product_cat":[2205,206],"product_tag":[2119,2117,2118],"class_list":{"0":"post-79993","1":"product","2":"type-product","3":"status-publish","4":"has-post-thumbnail","6":"product_brand-luxury-planet","7":"product_cat-taschenhalter","8":"product_cat-zubehoer","9":"product_tag-taschenhaken","10":"product_tag-taschenhalter","11":"product_tag-taschenhalter-tisch","12":"product_shipping_class-kostenfrei","13":"desktop-align-left","14":"tablet-align-left","15":"mobile-align-left","16":"ast-product-gallery-layout-first-image-large","17":"ast-magnify-disabled","18":"ast-product-tabs-layout-accordion","20":"first","21":"instock","22":"taxable","23":"shipping-taxable","24":"purchasable","25":"product-type-simple"},"spectra_custom_meta":{"rank_math_internal_links_processed":["1","1","1"],"copied_media_ids":["a:0:{}","a:0:{}","a:0:{}"],"referenced_media_ids":["a:6:{i:0;i:80001;i:1;i:80000;i:2;i:79999;i:3;i:79998;i:4;i:79995;i:5;i:79996;}","a:6:{i:0;i:80001;i:1;i:80000;i:2;i:79999;i:3;i:79998;i:4;i:79995;i:5;i:79996;}","a:6:{i:0;i:80001;i:1;i:80000;i:2;i:79999;i:3;i:79998;i:4;i:79995;i:5;i:79996;}"],"_sku":["ILH-TH"],"_regular_price":["15"],"total_sales":["0"],"_tax_status":["taxable"],"_tax_class":[""],"_manage_stock":["no"],"_backorders":["no"],"_sold_individually":["no"],"_virtual":["no"],"_downloadable":["no"],"_product_image_gallery":["80000,79999,79998,79995,79996"],"_download_limit":["-1"],"_download_expiry":["-1"],"_thumbnail_id":["80001"],"_stock":[null],"_stock_status":["instock"],"_wc_average_rating":[0],"_wc_review_count":["0"],"_product_url":["https:\/\/shop.luxury-planet.de\/products\/taschenhalter-tisch-silberfarben?bg_ref=KdWhuFJ0bq"],"_button_text":["Jetzt bei Luxury Planet kaufen*"],"_product_version":["10.7.0"],"_price":["15"],"rank_math_seo_score":["82"],"rank_math_focus_keyword":["taschenhalter,tischhaken f\u00fcr handtaschen,Bag Hook,taschenhalter tisch"],"sib_push_meta_box_present":["1"],"sib_push_send_notification":["0"],"sib_push_send_notification_delay_seconds":["0"],"sib_push_target_segment_ids":["@ALL"],"_woosea_brand":[""],"_woosea_mpn":[""],"_woosea_upc":[""],"_woosea_ean":[""],"_woosea_gtin":[""],"_woosea_color":[""],"_woosea_size":[""],"_woosea_gender":[""],"_woosea_material":[""],"_woosea_pattern":[""],"_woosea_optimized_title":[""],"_woosea_unit_pricing_measure":[""],"_woosea_unit_pricing_base_measure":[""],"_woosea_condition":["new"],"_woosea_age_group":["adult"],"_woosea_installment_months":[""],"_woosea_installment_amount":[""],"_woosea_exclude_product":["no"],"_woosea_cost_of_good_sold":[""],"_woosea_multipack":[""],"_woosea_is_bundle":[""],"_woosea_energy_efficiency_class":[""],"_woosea_min_energy_efficiency_class":[""],"_woosea_max_energy_efficiency_class":[""],"_woosea_is_promotion":[""],"_woosea_custom_field_0":[""],"_woosea_custom_field_1":[""],"_woosea_custom_field_2":[""],"_woosea_custom_field_3":[""],"_woosea_custom_field_4":[""],"_internal_warehouse_number_field":["ILH-TH"],"_gdrive_field":[""],"_internal_date_code":[""],"_internal_product_origin":[""],"yikes_woo_products_tabs":["a:2:{i:0;a:3:{s:5:\"title\";s:21:\"Weitere Informationen\";s:2:\"id\";s:21:\"weitere-informationen\";s:7:\"content\";s:959:\"<ul>\r\n \t<li data-section-id=\"1ypzlr9\" data-start=\"932\" data-end=\"987\">Taschenhalter f\u00fcr Handtaschen \u2013 ideal f\u00fcr unterwegs<\/li>\r\n \t<li data-section-id=\"1ypzlr9\" data-start=\"932\" data-end=\"987\">Durchmesser 4,5 cm<\/li>\r\n \t<li data-section-id=\"1wo1d3w\" data-start=\"988\" data-end=\"1045\">Silberfarbenes Design (Zinklegierung) mit I Love Handbags Logo (Doming-Verfahren)<\/li>\r\n \t<li data-section-id=\"1194p5i\" data-start=\"1046\" data-end=\"1084\">Klappbar &amp; platzsparend verstaubar<\/li>\r\n \t<li data-section-id=\"9g0hc0\" data-start=\"1085\" data-end=\"1129\">Rutschfeste Unterseite f\u00fcr sicheren Halt<\/li>\r\n \t<li data-section-id=\"k8mw3q\" data-start=\"1130\" data-end=\"1193\">Sch\u00fctzt deine Tasche vor Schmutz, Kratzern und Bodenkontakt<\/li>\r\n \t<li data-section-id=\"d5t5bs\" data-start=\"1194\" data-end=\"1241\">Perfekt f\u00fcr Caf\u00e9, Restaurant, B\u00fcro &amp; Reisen<\/li>\r\n \t<li data-section-id=\"d5t5bs\" data-start=\"1194\" data-end=\"1241\">Wird mit Staubbeutel geliefert<\/li>\r\n<\/ul>\";}i:1;a:3:{s:5:\"title\";s:19:\"Sicherheitshinweise\";s:2:\"id\";s:19:\"sicherheitshinweise\";s:7:\"content\";s:290:\"<ul>\r\n \t<li data-start=\"798\" data-end=\"848\">Maximale Traglast von 4,5 kg nicht \u00fcberschreiten.<\/li>\r\n \t<li data-start=\"798\" data-end=\"848\">Nur auf stabilen, geeigneten Oberfl\u00e4chen verwenden.<\/li>\r\n \t<li data-start=\"798\" data-end=\"848\">Kein Spielzeug \u2013 von Kindern fernhalten.<\/li>\r\n<\/ul>\";}}"],"_unit":[""],"_unit_base":[""],"_unit_product":[""],"_unit_price_auto":["no"],"_unit_price_regular":[""],"_unit_price":[""],"_unit_price_sale":[""],"_sale_price_label":[""],"_sale_price_regular_label":[""],"_manufacturer_slug":["ilh-international-gmbh"],"_mini_desc":["I Love Handbags Taschenhalter f\u00fcr den Tisch"],"_defect_description":[""],"_safety_instructions":["<ul>\r\n \t<li data-start=\"798\" data-end=\"848\">Maximale Traglast von 5 kg nicht \u00fcberschreiten.<\/li>\r\n \t<li data-start=\"798\" data-end=\"848\">Nur auf stabilen, geeigneten Oberfl\u00e4chen verwenden.<\/li>\r\n \t<li data-start=\"798\" data-end=\"848\">Kein Spielzeug \u2013 von Kindern fernhalten.<\/li>\r\n<\/ul>"],"_allergen_ids":["a:0:{}"],"_is_non_alcoholic":["no"],"_warranty_attachment_id":[""],"_safety_attachment_ids":["a:0:{}"],"_min_age":[""],"_ts_gtin":[""],"_ts_mpn":[""],"_delivery_time_countries":["a:0:{}"],"_free_shipping":["no"],"_service":["no"],"_photovoltaic_system":["no"],"_used_good":["no"],"_defective_copy":["no"],"_wireless_electronic_device":["no"],"_device_contains_power_supply":["no"],"_device_charging_supports_usb_pd":["no"],"_device_charging_watt_min":[""],"_device_charging_watt_max":[""],"_is_food":["no"],"_differential_taxation":["no"],"_gzd_version":["4.0.3"],"_hs_code":[""],"_mid_code":[""],"_customs_description":[""],"_manufacture_country":[""],"_is_non_returnable":["no"],"_ship_separately_via":[""],"_shipping_weight":[""],"_shipping_length":[""],"_shipping_width":[""],"_shipping_height":[""],"_nickx_video_text_url":["a:1:{i:0;s:0:\"\";}"],"_nickx_product_video_type":["a:1:{i:0;s:23:\"nickx_video_url_youtube\";}"],"_nickx_product_video_thumb_ids":["a:1:{i:0;s:0:\"\";}"],"_custom_html_content":[""],"_ame_cpe_post_policy":["{\"accessProtection\":{\"active\":\"replace\"}}"],"site-sidebar-layout":["default"],"ast-site-content-layout":["default"],"site-content-style":["default"],"site-sidebar-style":["default"],"theme-transparent-header-meta":["default"],"stick-header-meta":["default"],"_wpml_word_count":["169"],"_wpml_location_migration_done":["1"],"_customer_view":["8"],"_custom_view_last_updated":["2026-04-30 09:33:35"],"_product_rating":["N+"],"_product_shipping_weight":["1kg"],"_purchase_price_field":[""],"_not_in_inventory_checkbox":[""],"_entrupy_echtheitszertifikat":[""],"_product_available_from_field":[""],"_product_reserve_till_field":[""],"similar_product_key":["1771085097"],"_custom_thumbnail":["a:1:{i:0;s:2:\"no\";}"],"_video_schema":["a:1:{i:0;s:2:\"no\";}"],"_nickx_video_upload_date":["a:1:{i:0;s:0:\"\";}"],"_nickx_video_name":["a:1:{i:0;s:0:\"\";}"],"_nickx_video_description":["a:1:{i:0;s:0:\"\";}"],"_wp_old_date":["2027-02-14","2026-03-25","2026-04-30"],"_wpml_media_has_media":["1"],"rank_math_analytic_object_id":["2851"],"litespeed_vpi_list":["a:2:{i:0;s:8:\"logo.png\";i:1;s:52:\"TaschenhalterfuerdenTisch-gold-Photoroom-500x500.jpg\";}"],"litespeed_vpi_list_mobile":["a:5:{i:0;s:8:\"logo.png\";i:1;s:52:\"TaschenhalterfuerdenTisch-gold-Photoroom-500x500.jpg\";i:2;s:52:\"TaschenhalterfuerdenTisch-gold-Photoroom-300x300.jpg\";i:3;s:30:\"IMG_1728-Photoroom-300x300.jpg\";i:4;s:30:\"Taschenhalter-Cafe-300x300.jpg\";}"],"_wpml_post_translation_editor_native":["no"],"_edit_lock":["1777536862:4"],"_edit_last":["4"],"_cogs_total_value":["3"],"_wcml_average_rating":[null],"_wcml_review_count":[null],"_wcml_rating_count":[null],"astra-migrate-meta-layouts":["set"],"_uag_page_assets":["a:9:{s:3:\"css\";s:0:\"\";s:2:\"js\";s:0:\"\";s:18:\"current_block_list\";a:6:{i:0;s:26:\"woocommerce\/filter-wrapper\";i:1;s:24:\"woocommerce\/price-filter\";i:2;s:30:\"woocommerce\/product-categories\";i:3;s:14:\"core\/paragraph\";i:4;s:14:\"core\/shortcode\";i:5;s:11:\"core\/search\";}s:8:\"uag_flag\";b:0;s:11:\"uag_version\";s:10:\"1777543356\";s:6:\"gfonts\";a:0:{}s:10:\"gfonts_url\";s:0:\"\";s:12:\"gfonts_files\";a:0:{}s:14:\"uag_faq_layout\";b:0;}"],"_wc_rating_count":[""]},"uagb_featured_image_src":{"full":["https:\/\/ilovehandbags.com\/wp-content\/uploads\/sites\/3\/I-Love-Handbags-Taschenhalter-1.jpg",2048,1536,false],"thumbnail":["https:\/\/ilovehandbags.com\/wp-content\/uploads\/sites\/3\/I-Love-Handbags-Taschenhalter-1-150x150.jpg",150,150,true],"medium":["https:\/\/ilovehandbags.com\/wp-content\/uploads\/sites\/3\/I-Love-Handbags-Taschenhalter-1-300x300.jpg",300,300,true],"medium_large":["https:\/\/ilovehandbags.com\/wp-content\/uploads\/sites\/3\/I-Love-Handbags-Taschenhalter-1-768x768.jpg",768,768,true],"large":["https:\/\/ilovehandbags.com\/wp-content\/uploads\/sites\/3\/I-Love-Handbags-Taschenhalter-1-1024x1024.jpg",1024,1024,true],"1536x1536":["https:\/\/ilovehandbags.com\/wp-content\/uploads\/sites\/3\/I-Love-Handbags-Taschenhalter-1.jpg",1536,1152,false],"2048x2048":["https:\/\/ilovehandbags.com\/wp-content\/uploads\/sites\/3\/I-Love-Handbags-Taschenhalter-1.jpg",2048,1536,false],"woocommerce_thumbnail":["https:\/\/ilovehandbags.com\/wp-content\/uploads\/sites\/3\/I-Love-Handbags-Taschenhalter-1-500x500.jpg",500,500,true],"woocommerce_single":["https:\/\/ilovehandbags.com\/wp-content\/uploads\/sites\/3\/I-Love-Handbags-Taschenhalter-1-500x500.jpg",500,500,true],"woocommerce_gallery_thumbnail":["https:\/\/ilovehandbags.com\/wp-content\/uploads\/sites\/3\/I-Love-Handbags-Taschenhalter-1-100x100.jpg",100,100,true]},"uagb_author_info":{"display_name":"ILoveHandbags","author_link":"https:\/\/ilovehandbags.com\/de\/author\/"},"uagb_comment_info":0,"uagb_excerpt":"Sch\u00fctze deine Designerhandtasche stilvoll \u2013 mit dem exklusiven Taschenhalter von I Love Handbags. Das praktische Accessoire sorgt daf\u00fcr, dass deine Tasche unterwegs nicht auf dem Boden stehen muss, sondern sauber, sicher und jederzeit griffbereit am Tisch h\u00e4ngt \u2013 ideal f\u00fcr Caf\u00e9, Restaurant, B\u00fcro oder Reisen. Der Taschenhalter \u00fcberzeugt durch seine edle silberfarbene Optik und wird&hellip;","_links":{"self":[{"href":"https:\/\/ilovehandbags.com\/de\/wp-json\/wp\/v2\/product\/79993","targetHints":{"allow":["GET"]}}],"collection":[{"href":"https:\/\/ilovehandbags.com\/de\/wp-json\/wp\/v2\/product"}],"about":[{"href":"https:\/\/ilovehandbags.com\/de\/wp-json\/wp\/v2\/types\/product"}],"wp:featuredmedia":[{"embeddable":true,"href":"https:\/\/ilovehandbags.com\/de\/wp-json\/wp\/v2\/media\/80001"}],"wp:attachment":[{"href":"https:\/\/ilovehandbags.com\/de\/wp-json\/wp\/v2\/media?parent=79993"}],"wp:term":[{"taxonomy":"product_brand","embeddable":true,"href":"https:\/\/ilovehandbags.com\/de\/wp-json\/wp\/v2\/product_brand?post=79993"},{"taxonomy":"product_cat","embeddable":true,"href":"https:\/\/ilovehandbags.com\/de\/wp-json\/wp\/v2\/product_cat?post=79993"},{"taxonomy":"product_tag","embeddable":true,"href":"https:\/\/ilovehandbags.com\/de\/wp-json\/wp\/v2\/product_tag?post=79993"}],"curies":[{"name":"wp","href":"https:\/\/api.w.org\/{rel}","templated":true}]}}