{"id":76445,"date":"2026-02-17T12:06:59","date_gmt":"2026-02-17T11:06:59","guid":{"rendered":"https:\/\/ilovehandbags.com\/?post_type=product&#038;p=76445"},"modified":"2026-02-17T12:13:41","modified_gmt":"2026-02-17T11:13:41","slug":"hermes-carre-90-concours-d-etriers","status":"publish","type":"product","link":"https:\/\/ilovehandbags.com\/en\/hermes-carre-90-concours-d-etriers\/","title":{"rendered":"Herm\u00e8s Carr\u00e9 90 Concours d&#8217;Etriers Silk"},"content":{"rendered":"","protected":false},"excerpt":{"rendered":"<p data-start=\"153\" data-end=\"530\">The Herm\u00e8s Carr\u00e9 90 &#8220;Concours d&#8217;\u00c9triers&#8221; is an iconic silk scarf that celebrates the traditional art of riding and saddlery at Herm\u00e8s in a composition that is both rich in detail and powerful. The motif shows artfully arranged stirrups in various shapes and designs &#8211; a tribute to the Maison&#8217;s historical roots as a saddlery. Concours d&#8217;\u00c9triers&#8221; was designed by <span class=\"hover:entity-accent entity-underline inline cursor-pointer align-baseline\"><span class=\"whitespace-normal\">Virgnie Jamin<\/span><\/span> for the House of <span class=\"hover:entity-accent entity-underline inline cursor-pointer align-baseline\"><span class=\"whitespace-normal\">Herm\u00e8s<\/span><\/span>. His designs are known for their clear lines, harmonious symmetry and classic elegance &#8211; features that also characterize this scarf. In the pink color version, the traditional motif looks particularly modern and expressive. The vibrant shades of pink lend the graphic design a lively freshness, while fine contrasts and precise print details effectively highlight the individual elements. Made from 100% finest silk, Carr\u00e9 90 impresses with its smooth feel and characteristic flowing drape. The hand-rolled hem underlines the high level of craftsmanship for which Herm\u00e8s is valued worldwide. The excellent printing technique brings out the intense colors and intricate details of the motif particularly clearly. With its classic format of around 90 \u00d7 90 cm, the silk scarf offers versatile styling options &#8211; elegantly tied around the neck, loosely draped over the shoulders or worn as a stylish detail on a handbag. &#8220;Concours d&#8217;\u00c9triers&#8221; is a timeless design with a strong reference to the Herm\u00e8s tradition and an expressive addition to any collection of high-quality silk scarves.<\/p>\n","protected":false},"featured_media":76560,"template":"","meta":{"_uag_custom_page_level_css":"","site-sidebar-layout":"default","site-content-layout":"default","ast-site-content-layout":"default","site-content-style":"default","site-sidebar-style":"default","ast-global-header-display":"","ast-banner-title-visibility":"","ast-main-header-display":"","ast-hfb-above-header-display":"","ast-hfb-below-header-display":"","ast-hfb-mobile-header-display":"","site-post-title":"","ast-breadcrumbs-content":"","ast-featured-img":"","footer-sml-layout":"","ast-disable-related-posts":"","theme-transparent-header-meta":"default","adv-header-id-meta":"","stick-header-meta":"default","header-above-stick-meta":"","header-main-stick-meta":"","header-below-stick-meta":"","astra-migrate-meta-layouts":"set","ast-page-background-enabled":"default","ast-page-background-meta":{"desktop":{"background-color":"var(--ast-global-color-4)","background-image":"","background-repeat":"repeat","background-position":"center center","background-size":"auto","background-attachment":"scroll","background-type":"","background-media":"","overlay-type":"","overlay-color":"","overlay-opacity":"","overlay-gradient":""},"tablet":{"background-color":"","background-image":"","background-repeat":"repeat","background-position":"center center","background-size":"auto","background-attachment":"scroll","background-type":"","background-media":"","overlay-type":"","overlay-color":"","overlay-opacity":"","overlay-gradient":""},"mobile":{"background-color":"","background-image":"","background-repeat":"repeat","background-position":"center center","background-size":"auto","background-attachment":"scroll","background-type":"","background-media":"","overlay-type":"","overlay-color":"","overlay-opacity":"","overlay-gradient":""}},"ast-content-background-meta":{"desktop":{"background-color":"var(--ast-global-color-5)","background-image":"","background-repeat":"repeat","background-position":"center center","background-size":"auto","background-attachment":"scroll","background-type":"","background-media":"","overlay-type":"","overlay-color":"","overlay-opacity":"","overlay-gradient":""},"tablet":{"background-color":"var(--ast-global-color-5)","background-image":"","background-repeat":"repeat","background-position":"center center","background-size":"auto","background-attachment":"scroll","background-type":"","background-media":"","overlay-type":"","overlay-color":"","overlay-opacity":"","overlay-gradient":""},"mobile":{"background-color":"var(--ast-global-color-5)","background-image":"","background-repeat":"repeat","background-position":"center center","background-size":"auto","background-attachment":"scroll","background-type":"","background-media":"","overlay-type":"","overlay-color":"","overlay-opacity":"","overlay-gradient":""}},"_glsr_average":0,"_glsr_ranking":0,"_glsr_reviews":0},"product_brand":[],"product_cat":[1331,2113,593],"product_tag":[1364,2114],"class_list":{"0":"post-76445","1":"product","2":"type-product","3":"status-publish","4":"has-post-thumbnail","6":"product_cat-hermes","7":"product_cat-scarves-and-shawls","8":"product_cat-soon-back-again","9":"product_tag-hermes-en","10":"product_tag-hermes-carre","11":"desktop-align-left","12":"tablet-align-left","13":"mobile-align-left","14":"ast-product-gallery-layout-first-image-large","15":"ast-magnify-disabled","16":"ast-product-tabs-layout-accordion","18":"first","19":"outofstock","20":"sold-individually","21":"taxable","22":"shipping-taxable","23":"purchasable","24":"product-type-simple"},"spectra_custom_meta":{"copied_media_ids":["a:0:{}","a:0:{}"],"referenced_media_ids":["a:14:{i:0;i:76198;i:1;i:76199;i:2;i:76200;i:3;i:76201;i:4;i:76202;i:5;i:76203;i:6;i:76204;i:7;i:76205;i:8;i:76206;i:9;i:76207;i:10;i:76208;i:11;i:76209;i:12;i:76210;i:13;i:76211;}","a:14:{i:0;i:76198;i:1;i:76199;i:2;i:76200;i:3;i:76201;i:4;i:76202;i:5;i:76203;i:6;i:76204;i:7;i:76205;i:8;i:76206;i:9;i:76207;i:10;i:76208;i:11;i:76209;i:12;i:76210;i:13;i:76211;}"],"total_sales":["1"],"_tax_status":["taxable"],"_tax_class":[""],"_manage_stock":["yes"],"_backorders":["no"],"_sold_individually":["yes"],"_virtual":["no"],"_downloadable":["no"],"_product_image_gallery":["76561,76562,76563,76564,76565,76566,76567,76568,76569,76570,76571,76572"],"_download_limit":["-1"],"_download_expiry":["-1"],"_thumbnail_id":["76560"],"_stock":["0"],"_stock_status":["outofstock"],"_wc_average_rating":[0],"_wc_review_count":["0"],"_product_version":["10.5.1"],"yikes_woo_products_tabs":["a:2:{i:0;a:3:{s:5:\"title\";s:16:\"More Information\";s:2:\"id\";s:16:\"more-information\";s:7:\"content\";s:319:\"<strong>Material:<\/strong> 100% silk<br data-start=\"21\" data-end=\"24\" \/><strong>Dimensions:<\/strong> approx. 90 x 90 cm<br data-start=\"44\" data-end=\"47\" \/><strong>Design:<\/strong> Concours d'Etriers - original design by Virginie Jamin<br data-start=\"140\" data-end=\"143\" \/><strong>Scope of delivery:<\/strong> Herm\u00e8s box\";}i:1;a:3:{s:5:\"title\";s:9:\"Condition\";s:2:\"id\";s:9:\"condition\";s:7:\"content\";s:130:\"<strong>Overall condition:<\/strong> Very good\r\n<strong>Silk:<\/strong> Slight signs of wear such as small thread pullers and stains\";}}"],"_unit_base":[""],"_unit_product":[""],"_unit_price":[""],"_unit_price_regular":[""],"_unit_price_sale":[""],"_unit_price_auto":["no"],"_sale_price_label":[""],"_sale_price_regular_label":[""],"_free_shipping":["no"],"_min_age":[""],"_is_food":["no"],"_used_good":["yes"],"_nutrient_ids":["a:0:{}"],"_nutrient_reference_value":["100g"],"_allergen_ids":["a:0:{}"],"_nutri_score":[""],"_alcohol_content":[""],"_drained_weight":[""],"_net_filling_quantity":[""],"_deposit_type":[""],"_deposit_quantity":[""],"_service":["no"],"_hs_code":[""],"_fusion_google_fonts":[""],"stick-header-meta":["default"],"site-sidebar-layout":["default"],"site-content-layout":["default"],"theme-transparent-header-meta":["default"],"_top_nav_excluded":[""],"_cms_nav_minihome":[""],"wcml_sync_hash":["a:1:{s:15:\"postmeta_fields\";s:32:\"22968dbc17245100b196ce2842e6380e\";}"],"attr_label_translations":["a:0:{}"],"rank_math_robots":["a:2:{i:0;s:5:\"index\";i:1;s:6:\"follow\";}"],"_ts_mpn":[""],"_ts_gtin":[""],"avada_post_views_count":["100"],"fusion_builder_status":["active"],"_last_translation_edit_mode":["native-editor"],"_pys_conversion_label_settings":["a:3:{s:6:\"enable\";b:0;s:5:\"label\";s:0:\"\";s:2:\"id\";s:14:\"AW-11184563350\";}"],"_pys_super_pack_cpt_url":[""],"_pys_super_pack_cpt_condition":["only"],"_pys_super_pack_cpt_cart":["hidden"],"_pys_head_footer":["a:7:{s:14:\"disable_global\";b:0;s:8:\"head_any\";s:0:\"\";s:12:\"head_desktop\";s:0:\"\";s:11:\"head_mobile\";s:0:\"\";s:10:\"footer_any\";s:0:\"\";s:14:\"footer_desktop\";s:0:\"\";s:13:\"footer_mobile\";s:0:\"\";}"],"rank_math_primary_product_cat":["0"],"_wp_attachment_metadata":[""],"_wpml_media_has_media":["1"],"_wpml_media_duplicate":["1","1","1","1","1","1","1","1","1"],"_wpml_media_featured":["1","1","1","1","1","1","1","1","1"],"litespeed_vpi_list_mobile":["a:2:{i:0;s:8:\"logo.png\";i:1;s:48:\"PhotoRoom_002_20230402_134833-scaled-500x500.jpg\";}"],"litespeed_vpi_list":["a:4:{i:0;s:8:\"logo.png\";i:1;s:6:\"en.png\";i:2;s:48:\"PhotoRoom_002_20230402_134833-scaled-500x500.jpg\";i:3;s:35:\"three-o-clock-clock-svgrepo-com.svg\";}"],"rank_math_seo_score":["86"],"_woosea_brand":[""],"_woosea_mpn":[""],"_woosea_upc":[""],"_woosea_ean":[""],"_woosea_gtin":[""],"_woosea_color":[""],"_woosea_size":[""],"_woosea_gender":[""],"_woosea_material":[""],"_woosea_pattern":[""],"_woosea_optimized_title":[""],"_woosea_unit_pricing_measure":[""],"_woosea_unit_pricing_base_measure":[""],"_woosea_condition":[""],"_woosea_age_group":["adult"],"_woosea_installment_months":[""],"_woosea_installment_amount":[""],"_woosea_exclude_product":["no"],"_woosea_cost_of_good_sold":[""],"_woosea_multipack":[""],"_woosea_is_bundle":[""],"_woosea_energy_efficiency_class":[""],"_woosea_min_energy_efficiency_class":[""],"_woosea_max_energy_efficiency_class":[""],"_woosea_is_promotion":[""],"_woosea_custom_field_0":[""],"_woosea_custom_field_1":[""],"_woosea_custom_field_2":[""],"_woosea_custom_field_3":[""],"_woosea_custom_field_4":[""],"_purchase_price_field":["123,96"],"_internal_warehouse_number_field":[""],"_gdrive_field":[""],"_internal_date_code":[""],"_internal_product_origin":["Italy"],"_defect_description":[""],"_ingredients":[""],"_food_distributor":[""],"_food_description":[""],"_food_place_of_origin":[""],"_warranty_attachment_id":[""],"_delivery_time_countries":["a:0:{}"],"_photovoltaic_system":["no"],"_defective_copy":["no"],"_gzd_version":["3.20.5"],"_customs_description":[""],"_is_non_returnable":["no"],"_rank_math_gtin_code":[""],"ast-site-content-layout":["default"],"site-content-style":["default"],"site-sidebar-style":["default"],"_product_rating":["A"],"_customer_view":["3"],"_custom_view_last_updated":["2024-07-24 05:24:22"],"_not_in_inventory_checkbox":[""],"_izettle_barcode":["0290000441518"],"_izettle_nosync":[""],"_izettle_cost_price":[""],"_izettle_special_price":[""],"_izettle_product_name":[""],"_zettle_product_cat_id":[""],"_shipping_length":[""],"_shipping_width":[""],"_shipping_height":[""],"_custom_html_content":[""],"_product_shipping_weight":["1kg"],"similar_product_key":["1770803824"],"_wpml_word_count":["256"],"_entrupy_echtheitszertifikat":[""],"_product_available_from_field":["2026-02-20T19:00"],"_product_reserve_till_field":[""],"_differential_taxation":["no"],"_manufacture_country":[""],"sib_push_meta_box_present":["1"],"sib_push_send_notification":["0"],"sib_push_send_notification_delay_seconds":["0"],"sib_push_target_segment_ids":["@ALL"],"_safety_instructions":[""],"_is_non_alcoholic":["no"],"_safety_attachment_ids":["a:0:{}"],"_wireless_electronic_device":["no"],"_device_contains_power_supply":["no"],"_device_charging_supports_usb_pd":["no"],"_device_charging_watt_min":[""],"_device_charging_watt_max":[""],"_mid_code":[""],"_ship_separately_via":[""],"_shipping_weight":[""],"_nickx_video_text_url":["a:1:{i:0;s:0:\"\";}"],"_nickx_product_video_type":["a:1:{i:0;s:23:\"nickx_video_url_youtube\";}"],"_nickx_product_video_thumb_ids":["a:1:{i:0;s:0:\"\";}"],"_ame_cpe_post_policy":["{\"accessProtection\":{\"active\":\"replace\"}}"],"rank_math_analytic_object_id":["2641"],"_sku":["P6-1146"],"_regular_price":["260"],"_price":["260"],"rank_math_focus_keyword":["hermes"],"_mini_desc":["Herm\u00e8s Carr\u00e9 90 Concours d'Etriers Silk"],"_fusion":["a:3:{s:17:\"slider_visibility\";s:51:\"small-visibility,medium-visibility,large-visibility\";s:11:\"slider_type\";s:2:\"no\";s:9:\"wooslider\";s:1:\"0\";}"],"_edit_lock":["1771430700:1"],"_edit_last":["4"],"_wcml_average_rating":[null],"_wcml_review_count":[null],"_wcml_rating_count":[null],"astra-migrate-meta-layouts":["set"],"_unit":["stueck"],"_manufacturer_slug":["hermes-international-sa"],"_product_attributes":["a:3:{s:8:\"pa_brand\";a:7:{s:4:\"name\";s:8:\"pa_brand\";s:5:\"value\";s:0:\"\";s:8:\"position\";i:0;s:10:\"is_visible\";i:0;s:12:\"is_variation\";i:1;s:11:\"is_taxonomy\";i:1;s:16:\"checkout_visible\";i:0;}s:8:\"pa_color\";a:7:{s:4:\"name\";s:8:\"pa_color\";s:5:\"value\";s:0:\"\";s:8:\"position\";i:1;s:10:\"is_visible\";i:0;s:12:\"is_variation\";i:1;s:11:\"is_taxonomy\";i:1;s:16:\"checkout_visible\";i:0;}s:9:\"pa_gender\";a:7:{s:4:\"name\";s:9:\"pa_gender\";s:5:\"value\";s:0:\"\";s:8:\"position\";i:2;s:10:\"is_visible\";i:0;s:12:\"is_variation\";i:1;s:11:\"is_taxonomy\";i:1;s:16:\"checkout_visible\";i:0;}}"],"rank_math_internal_links_processed":["1"],"_uag_page_assets":["a:9:{s:3:\"css\";s:0:\"\";s:2:\"js\";s:0:\"\";s:18:\"current_block_list\";a:6:{i:0;s:26:\"woocommerce\/filter-wrapper\";i:1;s:24:\"woocommerce\/price-filter\";i:2;s:30:\"woocommerce\/product-categories\";i:3;s:14:\"core\/paragraph\";i:4;s:14:\"core\/shortcode\";i:5;s:11:\"core\/search\";}s:8:\"uag_flag\";b:0;s:11:\"uag_version\";s:10:\"1775954881\";s:6:\"gfonts\";a:0:{}s:10:\"gfonts_url\";s:0:\"\";s:12:\"gfonts_files\";a:0:{}s:14:\"uag_faq_layout\";b:0;}"],"_wc_rating_count":[""]},"uagb_featured_image_src":{"full":["https:\/\/ilovehandbags.com\/wp-content\/uploads\/sites\/3\/Hermes-Carre-Concours-d-Etriers-1146-05-scaled.jpg",2560,2560,false],"thumbnail":["https:\/\/ilovehandbags.com\/wp-content\/uploads\/sites\/3\/Hermes-Carre-Concours-d-Etriers-1146-05-scaled-150x150.jpg",150,150,true],"medium":["https:\/\/ilovehandbags.com\/wp-content\/uploads\/sites\/3\/Hermes-Carre-Concours-d-Etriers-1146-05-scaled-300x300.jpg",300,300,true],"medium_large":["https:\/\/ilovehandbags.com\/wp-content\/uploads\/sites\/3\/Hermes-Carre-Concours-d-Etriers-1146-05-scaled-768x768.jpg",768,768,true],"large":["https:\/\/ilovehandbags.com\/wp-content\/uploads\/sites\/3\/Hermes-Carre-Concours-d-Etriers-1146-05-scaled-1024x1024.jpg",1024,1024,true],"1536x1536":["https:\/\/ilovehandbags.com\/wp-content\/uploads\/sites\/3\/Hermes-Carre-Concours-d-Etriers-1146-05-scaled.jpg",1536,1536,false],"2048x2048":["https:\/\/ilovehandbags.com\/wp-content\/uploads\/sites\/3\/Hermes-Carre-Concours-d-Etriers-1146-05-scaled.jpg",2048,2048,false],"woocommerce_thumbnail":["https:\/\/ilovehandbags.com\/wp-content\/uploads\/sites\/3\/Hermes-Carre-Concours-d-Etriers-1146-05-scaled-500x500.jpg",500,500,true],"woocommerce_single":["https:\/\/ilovehandbags.com\/wp-content\/uploads\/sites\/3\/Hermes-Carre-Concours-d-Etriers-1146-05-scaled-500x500.jpg",500,500,true],"woocommerce_gallery_thumbnail":["https:\/\/ilovehandbags.com\/wp-content\/uploads\/sites\/3\/Hermes-Carre-Concours-d-Etriers-1146-05-scaled-100x100.jpg",100,100,true]},"uagb_author_info":{"display_name":"ILoveHandbags","author_link":"https:\/\/ilovehandbags.com\/en\/author\/"},"uagb_comment_info":0,"uagb_excerpt":"The Herm\u00e8s Carr\u00e9 90 \"Concours d'\u00c9triers\" is an iconic silk scarf that celebrates the traditional art of riding and saddlery at Herm\u00e8s in a composition that is both rich in detail and powerful. The motif shows artfully arranged stirrups in various shapes and designs - a tribute to the Maison's historical roots as a saddlery.&hellip;","_links":{"self":[{"href":"https:\/\/ilovehandbags.com\/en\/wp-json\/wp\/v2\/product\/76445","targetHints":{"allow":["GET"]}}],"collection":[{"href":"https:\/\/ilovehandbags.com\/en\/wp-json\/wp\/v2\/product"}],"about":[{"href":"https:\/\/ilovehandbags.com\/en\/wp-json\/wp\/v2\/types\/product"}],"wp:featuredmedia":[{"embeddable":true,"href":"https:\/\/ilovehandbags.com\/en\/wp-json\/wp\/v2\/media\/76560"}],"wp:attachment":[{"href":"https:\/\/ilovehandbags.com\/en\/wp-json\/wp\/v2\/media?parent=76445"}],"wp:term":[{"taxonomy":"product_brand","embeddable":true,"href":"https:\/\/ilovehandbags.com\/en\/wp-json\/wp\/v2\/product_brand?post=76445"},{"taxonomy":"product_cat","embeddable":true,"href":"https:\/\/ilovehandbags.com\/en\/wp-json\/wp\/v2\/product_cat?post=76445"},{"taxonomy":"product_tag","embeddable":true,"href":"https:\/\/ilovehandbags.com\/en\/wp-json\/wp\/v2\/product_tag?post=76445"}],"curies":[{"name":"wp","href":"https:\/\/api.w.org\/{rel}","templated":true}]}}